{"id":118046,"date":"2024-10-16T13:21:52","date_gmt":"2024-10-16T16:21:52","guid":{"rendered":"https:\/\/www.argensend.com\/?post_type=product&#038;p=118046"},"modified":"2024-12-06T16:50:00","modified_gmt":"2024-12-06T19:50:00","slug":"termo-lumilagro-futbol-acero-1-l-blanco-afa-3-estrellas","status":"publish","type":"product","link":"https:\/\/www.argensend.com\/en\/product\/termo-lumilagro-futbol-acero-1-l-blanco-afa-3-estrellas\/","title":{"rendered":"Termo Lumilagro Futbol Acero 1 L Blanco AFA 3 estrellas"},"content":{"rendered":"","protected":false},"excerpt":{"rendered":"<p>Termo Lumilagro Luminox Impreso 3 Estrellas &#8211; Capacidad: 1 lt &#8211; Alto: 35 cm &#8211; Di\u00e1metro boca: 5,5 cm &#8211; Di\u00e1metro base: 8 cm &#8211; Apto fr\u00edo o calor &#8211; Libre de BPA<\/p>\n<p>La marca argentina contin\u00faa su desarrollo como empresa l\u00edder en la fabricaci\u00f3n de productos t\u00e9rmicos hace ya 75 a\u00f1os.<br \/>\nEl dise\u00f1o y la practicidad de los productos Lumilagro demuestran una esmerada combinaci\u00f3n entre experiencia e innovaci\u00f3n permanente. La calidad de este termo te brinda confianza y se va a transformar en el compa\u00f1ero ideal de tardes de estudio o juntadas con amigos.<\/p>","protected":false},"featured_media":118047,"comment_status":"closed","ping_status":"closed","template":"","meta":{"_acf_changed":false,"om_disable_all_campaigns":false,"_monsterinsights_skip_tracking":false,"_monsterinsights_sitenote_active":false,"_monsterinsights_sitenote_note":"","_monsterinsights_sitenote_category":0},"etheme_brands":[],"product_brand":[],"product_cat":[2146],"product_tag":[6319,596,203,234,224,597,271,5341,6500,165,175,564,5768,3274,3275,1051,5146],"class_list":{"0":"post-118046","1":"product","2":"type-product","3":"status-publish","4":"has-post-thumbnail","6":"product_cat-termos","7":"product_tag-1-liter","8":"product_tag-acero","9":"product_tag-argentina","10":"product_tag-argentine","11":"product_tag-argentino","12":"product_tag-inoxidable","13":"product_tag-litro","14":"product_tag-lumilagro","15":"product_tag-luminox","16":"product_tag-mate","17":"product_tag-matero","18":"product_tag-pico","19":"product_tag-spout","20":"product_tag-stainless","21":"product_tag-steel","22":"product_tag-termo","23":"product_tag-thermos","25":"first","26":"instock","27":"taxable","28":"shipping-taxable","29":"purchasable","30":"product-type-simple"},"acf":[],"aioseo_notices":[],"_links":{"self":[{"href":"https:\/\/www.argensend.com\/en\/wp-json\/wp\/v2\/product\/118046","targetHints":{"allow":["GET"]}}],"collection":[{"href":"https:\/\/www.argensend.com\/en\/wp-json\/wp\/v2\/product"}],"about":[{"href":"https:\/\/www.argensend.com\/en\/wp-json\/wp\/v2\/types\/product"}],"replies":[{"embeddable":true,"href":"https:\/\/www.argensend.com\/en\/wp-json\/wp\/v2\/comments?post=118046"}],"version-history":[{"count":1,"href":"https:\/\/www.argensend.com\/en\/wp-json\/wp\/v2\/product\/118046\/revisions"}],"predecessor-version":[{"id":118049,"href":"https:\/\/www.argensend.com\/en\/wp-json\/wp\/v2\/product\/118046\/revisions\/118049"}],"wp:featuredmedia":[{"embeddable":true,"href":"https:\/\/www.argensend.com\/en\/wp-json\/wp\/v2\/media\/118047"}],"wp:attachment":[{"href":"https:\/\/www.argensend.com\/en\/wp-json\/wp\/v2\/media?parent=118046"}],"wp:term":[{"taxonomy":"brand","embeddable":true,"href":"https:\/\/www.argensend.com\/en\/wp-json\/wp\/v2\/etheme_brands?post=118046"},{"taxonomy":"product_brand","embeddable":true,"href":"https:\/\/www.argensend.com\/en\/wp-json\/wp\/v2\/product_brand?post=118046"},{"taxonomy":"product_cat","embeddable":true,"href":"https:\/\/www.argensend.com\/en\/wp-json\/wp\/v2\/product_cat?post=118046"},{"taxonomy":"product_tag","embeddable":true,"href":"https:\/\/www.argensend.com\/en\/wp-json\/wp\/v2\/product_tag?post=118046"}],"curies":[{"name":"wp","href":"https:\/\/api.w.org\/{rel}","templated":true}]}}