{"id":118050,"date":"2024-10-16T13:34:09","date_gmt":"2024-10-16T16:34:09","guid":{"rendered":"https:\/\/www.argensend.com\/?post_type=product&#038;p=118050"},"modified":"2024-12-06T16:50:01","modified_gmt":"2024-12-06T19:50:01","slug":"termo-lumilagro-futbol-acero-1l-boca-jrs-escudo","status":"publish","type":"product","link":"https:\/\/www.argensend.com\/en\/product\/termo-lumilagro-futbol-acero-1l-boca-jrs-escudo\/","title":{"rendered":"Termo Lumilagro Futbol Acero 1L Boca Jrs-Escudo"},"content":{"rendered":"","protected":false},"excerpt":{"rendered":"<p>Termo de Acero Luminox &#8220;L\u00ednea F\u00fatbol&#8221;<br \/>\nProducto con licencia AFA<\/p>\n<p>El Termo de Acero Luminox es el compa\u00f1ero ideal de tardes de estudio, salidas o reuniones con amigos. Su doble pared de acero inoxidable y el proceso de vac\u00edo exclusivo garantizan una alta performance del producto y asegura el mantenimiento de temperatura por muchas horas. Con tapa pl\u00e1stica y pico matero para un cebado \u00f3ptimo impidiendo que el l\u00edquido se derrame.<\/p>\n<p>Lumilagro asegura que su termo de acero est\u00e1 fabricado con acero inoxidable apto para alimentos NO T\u00d3XICO cumpliendo las normas y est\u00e1ndares de la legislaci\u00f3n sanitaria vigente.<\/p>\n<p>Especificaciones:<br \/>\n&#8211; Capacidad: 1 lt<br \/>\n&#8211; Medidas: Alto: 34 cm | Di\u00e1metro boca: 5,5 cm | Di\u00e1metro base: 8 cm<br \/>\n&#8211; Apto fr\u00edo o calor<br \/>\n&#8211; Libre de BPA<\/p>","protected":false},"featured_media":118051,"comment_status":"closed","ping_status":"closed","template":"","meta":{"_acf_changed":false,"om_disable_all_campaigns":false,"_monsterinsights_skip_tracking":false,"_monsterinsights_sitenote_active":false,"_monsterinsights_sitenote_note":"","_monsterinsights_sitenote_category":0},"etheme_brands":[],"product_brand":[],"product_cat":[2146],"product_tag":[6319,596,203,234,224,597,271,5341,6500,165,175,564,5768,3274,3275,1051,5146],"class_list":{"0":"post-118050","1":"product","2":"type-product","3":"status-publish","4":"has-post-thumbnail","6":"product_cat-termos","7":"product_tag-1-liter","8":"product_tag-acero","9":"product_tag-argentina","10":"product_tag-argentine","11":"product_tag-argentino","12":"product_tag-inoxidable","13":"product_tag-litro","14":"product_tag-lumilagro","15":"product_tag-luminox","16":"product_tag-mate","17":"product_tag-matero","18":"product_tag-pico","19":"product_tag-spout","20":"product_tag-stainless","21":"product_tag-steel","22":"product_tag-termo","23":"product_tag-thermos","25":"first","26":"instock","27":"taxable","28":"shipping-taxable","29":"purchasable","30":"product-type-simple"},"acf":[],"aioseo_notices":[],"_links":{"self":[{"href":"https:\/\/www.argensend.com\/en\/wp-json\/wp\/v2\/product\/118050","targetHints":{"allow":["GET"]}}],"collection":[{"href":"https:\/\/www.argensend.com\/en\/wp-json\/wp\/v2\/product"}],"about":[{"href":"https:\/\/www.argensend.com\/en\/wp-json\/wp\/v2\/types\/product"}],"replies":[{"embeddable":true,"href":"https:\/\/www.argensend.com\/en\/wp-json\/wp\/v2\/comments?post=118050"}],"version-history":[{"count":1,"href":"https:\/\/www.argensend.com\/en\/wp-json\/wp\/v2\/product\/118050\/revisions"}],"predecessor-version":[{"id":118053,"href":"https:\/\/www.argensend.com\/en\/wp-json\/wp\/v2\/product\/118050\/revisions\/118053"}],"wp:featuredmedia":[{"embeddable":true,"href":"https:\/\/www.argensend.com\/en\/wp-json\/wp\/v2\/media\/118051"}],"wp:attachment":[{"href":"https:\/\/www.argensend.com\/en\/wp-json\/wp\/v2\/media?parent=118050"}],"wp:term":[{"taxonomy":"brand","embeddable":true,"href":"https:\/\/www.argensend.com\/en\/wp-json\/wp\/v2\/etheme_brands?post=118050"},{"taxonomy":"product_brand","embeddable":true,"href":"https:\/\/www.argensend.com\/en\/wp-json\/wp\/v2\/product_brand?post=118050"},{"taxonomy":"product_cat","embeddable":true,"href":"https:\/\/www.argensend.com\/en\/wp-json\/wp\/v2\/product_cat?post=118050"},{"taxonomy":"product_tag","embeddable":true,"href":"https:\/\/www.argensend.com\/en\/wp-json\/wp\/v2\/product_tag?post=118050"}],"curies":[{"name":"wp","href":"https:\/\/api.w.org\/{rel}","templated":true}]}}