{"id":11807,"date":"2020-10-25T23:56:12","date_gmt":"2020-10-26T02:56:12","guid":{"rendered":"https:\/\/www.argensend.com\/?post_type=product&#038;p=11807"},"modified":"2025-04-21T14:13:01","modified_gmt":"2025-04-21T17:13:01","slug":"verde-flor-yerba-mate-hierbas-serranas-con-palo-500-gr","status":"publish","type":"product","link":"https:\/\/www.argensend.com\/en\/product\/verde-flor-yerba-mate-hierbas-serranas-con-palo-500-gr\/","title":{"rendered":"Verde Flor &#8211; Yerba Mate Hierbas Serranas con Palo 500gr"},"content":{"rendered":"<div class=\"ui-pdp-container__row\">\n<div class=\"ui-pdp-container__col col-1\">\n<div class=\"ui-pdp-collapsable ui-pdp-description-collapse\">\n<div class=\"ui-pdp-collapsable__container\">\n<div class=\"ui-pdp-description pl-45 pr-45 ui-pdp-collapsable--is-collapsed\">\n<p class=\"ui-pdp-description__content\">Sum\u00e9rgete en la experiencia revitalizante de la Yerba Mate Verdeflor Hierbas Serranas, una selecci\u00f3n premium de 1kg que promete deleitar tus sentidos y enriquecer tus momentos de pausa. Con una cuidadosa mezcla de hierbas serranas y un toque refrescante de menta, esta yerba mate no solo es un placer para el paladar, sino tambi\u00e9n un aliado en tu bienestar diario.<\/p>\n<p>Gracias a su composici\u00f3n natural, esta yerba mate es una fuente de antioxidantes, ideal para aquellos que buscan mantener un estilo de vida saludable. Su capacidad para ayudar a reducir la acidez y su efecto relajante convierten cada sorbo en un verdadero acto de autocuidado. Adem\u00e1s, al ser libre de gluten, es una opci\u00f3n segura para quienes llevan una dieta libre de esta prote\u00edna.<\/p>\n<p>La marca Verdeflor es sin\u00f3nimo de calidad y tradici\u00f3n, asegurando que cada bolsa contenga solo hojas seleccionadas con el menor contenido de polvo posible, manteniendo la esencia pura de la yerba mate. El envase pr\u00e1ctico y resistente preserva la frescura y el sabor intenso de las hierbas serranas, garantizando una experiencia aut\u00e9ntica en cada mateada.<\/p>\n<p>Ideal para compartir en reuniones o disfrutar en solitario, la Yerba Mate Verdeflor Hierbas Serranas es m\u00e1s que una bebida; es una invitaci\u00f3n a tomar un respiro, reconectar con la naturaleza y revitalizar tu d\u00eda. Haz de cada mate un momento especial y disfruta de la armon\u00eda perfecta entre salud y sabor.<\/p>\n<\/div>\n<\/div>\n<\/div>\n<\/div>\n<\/div>\n<div class=\"ui-pdp-container__row\">\n<div class=\"ui-pdp-container__col col-1\"><\/div>\n<\/div>\n<div class=\"ui-pdp-container__row ui-pdp-recommendations-row\">\n<div class=\"ui-pdp-container__col col-1\">\n<div class=\"ui-pdp-spot-middle\">\n<section class=\"ui-recommendations-carousel-wrapper-ref\">\n<div class=\"ui-recommendations-carousel-snapped mt-40 mb-40 ui-pdp-spot-middle__separator recos-override__card-vertical\">\n<div class=\"ui-recommendations-carousel-snapped__header\">\n<div class=\"ui-recommendations-carousel-snapped__header-titles\"><\/div>\n<\/div>\n<\/div>\n<\/section>\n<\/div>\n<\/div>\n<\/div>","protected":false},"excerpt":{"rendered":"<p>Sum\u00e9rgete en la experiencia revitalizante de la Yerba Mate Verdeflor Hierbas Serranas, una selecci\u00f3n premium de 1kg que promete deleitar tus sentidos y enriquecer tus&#8230;<\/p>","protected":false},"featured_media":11806,"comment_status":"closed","ping_status":"closed","template":"","meta":{"_acf_changed":false,"om_disable_all_campaigns":false,"_monsterinsights_skip_tracking":false,"_monsterinsights_sitenote_active":false,"_monsterinsights_sitenote_note":"","_monsterinsights_sitenote_category":0},"etheme_brands":[],"product_brand":[],"product_cat":[2124],"product_tag":[203,234,224,3965,884,225,165,5772,3969,228,6964,163],"class_list":{"0":"post-11807","1":"product","2":"type-product","3":"status-publish","4":"has-post-thumbnail","6":"product_cat-yerbas","7":"product_tag-argentina","8":"product_tag-argentine","9":"product_tag-argentino","10":"product_tag-herbs","11":"product_tag-hierbas","12":"product_tag-infusion","13":"product_tag-mate","14":"product_tag-palo","15":"product_tag-serrano","16":"product_tag-tradicional","17":"product_tag-verde-flor","18":"product_tag-yerba","20":"first","21":"instock","22":"taxable","23":"shipping-taxable","24":"purchasable","25":"product-type-simple"},"acf":[],"aioseo_notices":[],"_links":{"self":[{"href":"https:\/\/www.argensend.com\/en\/wp-json\/wp\/v2\/product\/11807","targetHints":{"allow":["GET"]}}],"collection":[{"href":"https:\/\/www.argensend.com\/en\/wp-json\/wp\/v2\/product"}],"about":[{"href":"https:\/\/www.argensend.com\/en\/wp-json\/wp\/v2\/types\/product"}],"replies":[{"embeddable":true,"href":"https:\/\/www.argensend.com\/en\/wp-json\/wp\/v2\/comments?post=11807"}],"version-history":[{"count":6,"href":"https:\/\/www.argensend.com\/en\/wp-json\/wp\/v2\/product\/11807\/revisions"}],"predecessor-version":[{"id":116449,"href":"https:\/\/www.argensend.com\/en\/wp-json\/wp\/v2\/product\/11807\/revisions\/116449"}],"wp:featuredmedia":[{"embeddable":true,"href":"https:\/\/www.argensend.com\/en\/wp-json\/wp\/v2\/media\/11806"}],"wp:attachment":[{"href":"https:\/\/www.argensend.com\/en\/wp-json\/wp\/v2\/media?parent=11807"}],"wp:term":[{"taxonomy":"brand","embeddable":true,"href":"https:\/\/www.argensend.com\/en\/wp-json\/wp\/v2\/etheme_brands?post=11807"},{"taxonomy":"product_brand","embeddable":true,"href":"https:\/\/www.argensend.com\/en\/wp-json\/wp\/v2\/product_brand?post=11807"},{"taxonomy":"product_cat","embeddable":true,"href":"https:\/\/www.argensend.com\/en\/wp-json\/wp\/v2\/product_cat?post=11807"},{"taxonomy":"product_tag","embeddable":true,"href":"https:\/\/www.argensend.com\/en\/wp-json\/wp\/v2\/product_tag?post=11807"}],"curies":[{"name":"wp","href":"https:\/\/api.w.org\/{rel}","templated":true}]}}