{"id":118097,"date":"2024-10-17T13:17:30","date_gmt":"2024-10-17T16:17:30","guid":{"rendered":"https:\/\/www.argensend.com\/?post_type=product&#038;p=118097"},"modified":"2024-12-06T16:50:02","modified_gmt":"2024-12-06T19:50:02","slug":"libro-milei-una-historia-del-presente-ernesto-tenembaum","status":"publish","type":"product","link":"https:\/\/www.argensend.com\/en\/product\/libro-milei-una-historia-del-presente-ernesto-tenembaum\/","title":{"rendered":"Libro &#8220;Milei Una Historia Del Presente&#8221; &#8211; Ernesto Tenembaum"},"content":{"rendered":"","protected":false},"excerpt":{"rendered":"<p>Sinopsis del libro:<\/p>\n<p>\u00abAqu\u00ed est\u00e1, esta es la Enciclopedia Milei definitiva: un libro en tres actos en los que el protagonista de la aparici\u00f3n m\u00e1s fulgurante que se produjo en la pol\u00edtica argentina en a\u00f1os cuenta el camino que lo llev\u00f3 hasta su banca de diputado nacional, a captar y calibrar como nadie el descontento de la sociedad con la casta pol\u00edtica.<\/p>\n<p>Javier Milei seleccion\u00f3 para este libro sus textos m\u00e1s preciados en el terreno de la discusi\u00f3n de las ideas econ\u00f3micas, puli\u00f3 los discursos e intervenciones de su primer a\u00f1o en la pol\u00edtica, y en medio de meses muy agitados logr\u00f3 sentarse a pensar en su vida, en su infancia, sus afectos, sus pasiones y el modo en que sus ideas fueron evolucionando hacia la causa m\u00e1s importante de todas. Como \u00e9l mismo dice: \u201cMe termin\u00e9 haciendo popular por mi defensa de la libertad\u201d.\u00bb<\/p>","protected":false},"featured_media":118098,"comment_status":"closed","ping_status":"closed","template":"","meta":{"_acf_changed":false,"om_disable_all_campaigns":false,"_monsterinsights_skip_tracking":false,"_monsterinsights_sitenote_active":false,"_monsterinsights_sitenote_note":"","_monsterinsights_sitenote_category":0},"etheme_brands":[],"product_brand":[],"product_cat":[685],"product_tag":[203,9952,9950,9951,752,9953,9954],"class_list":{"0":"post-118097","1":"product","2":"type-product","3":"status-publish","4":"has-post-thumbnail","6":"product_cat-libros","7":"product_tag-argentina","8":"product_tag-el-fin-de-la-inflacion","9":"product_tag-javier-milei","10":"product_tag-javier-milei-libro","11":"product_tag-libro","12":"product_tag-libro-el-fin-de-la-inlfacion","13":"product_tag-milei","15":"first","16":"instock","17":"taxable","18":"shipping-taxable","19":"purchasable","20":"product-type-simple"},"acf":[],"aioseo_notices":[],"_links":{"self":[{"href":"https:\/\/www.argensend.com\/en\/wp-json\/wp\/v2\/product\/118097","targetHints":{"allow":["GET"]}}],"collection":[{"href":"https:\/\/www.argensend.com\/en\/wp-json\/wp\/v2\/product"}],"about":[{"href":"https:\/\/www.argensend.com\/en\/wp-json\/wp\/v2\/types\/product"}],"replies":[{"embeddable":true,"href":"https:\/\/www.argensend.com\/en\/wp-json\/wp\/v2\/comments?post=118097"}],"version-history":[{"count":1,"href":"https:\/\/www.argensend.com\/en\/wp-json\/wp\/v2\/product\/118097\/revisions"}],"predecessor-version":[{"id":118100,"href":"https:\/\/www.argensend.com\/en\/wp-json\/wp\/v2\/product\/118097\/revisions\/118100"}],"wp:featuredmedia":[{"embeddable":true,"href":"https:\/\/www.argensend.com\/en\/wp-json\/wp\/v2\/media\/118098"}],"wp:attachment":[{"href":"https:\/\/www.argensend.com\/en\/wp-json\/wp\/v2\/media?parent=118097"}],"wp:term":[{"taxonomy":"brand","embeddable":true,"href":"https:\/\/www.argensend.com\/en\/wp-json\/wp\/v2\/etheme_brands?post=118097"},{"taxonomy":"product_brand","embeddable":true,"href":"https:\/\/www.argensend.com\/en\/wp-json\/wp\/v2\/product_brand?post=118097"},{"taxonomy":"product_cat","embeddable":true,"href":"https:\/\/www.argensend.com\/en\/wp-json\/wp\/v2\/product_cat?post=118097"},{"taxonomy":"product_tag","embeddable":true,"href":"https:\/\/www.argensend.com\/en\/wp-json\/wp\/v2\/product_tag?post=118097"}],"curies":[{"name":"wp","href":"https:\/\/api.w.org\/{rel}","templated":true}]}}