{"id":118101,"date":"2024-10-17T13:26:03","date_gmt":"2024-10-17T16:26:03","guid":{"rendered":"https:\/\/www.argensend.com\/?post_type=product&#038;p=118101"},"modified":"2024-12-06T16:50:03","modified_gmt":"2024-12-06T19:50:03","slug":"pack-3-libros-javier-milei","status":"publish","type":"product","link":"https:\/\/www.argensend.com\/en\/product\/pack-3-libros-javier-milei\/","title":{"rendered":"Pack 3 Libros Javier Milei"},"content":{"rendered":"","protected":false},"excerpt":{"rendered":"<p>Te presentamos: El camino del libertador<br \/>\nAutor\/a: Javier Milei<\/p>\n<p>Rese\u00f1a:<\/p>\n<p>Aqu\u00ed est\u00e1, esta es la Enciclopedia Milei definitiva: un libro en tres actos en los que el protagonista de la aparici\u00f3n m\u00e1s fulgurante que se produjo en la pol\u00edtica argentina en a\u00f1os cuenta el camino que lo llev\u00f3 hasta su banca de diputado nacional, a captar y calibrar como nadie el descontento de la sociedad con la casta pol\u00edtica.<br \/>\nJavier Milei seleccion\u00f3 para este libro sus textos m\u00e1s preciados en el terreno de la discusi\u00f3n de las ideas econ\u00f3micas, puli\u00f3 los discursos e intervenciones de su primer a\u00f1o en la pol\u00edtica, y en medio de meses muy agitados logr\u00f3 sentarse a pensar en su vida, en su infancia, sus afectos, sus pasiones y el modo en que sus ideas fueron evolucionando hacia la causa m\u00e1s importante de todas.<br \/>\nComo \u00e9l mismo dice:<br \/>\n\u201cMe termin\u00e9 haciendo popular por mi defensa de la libertad\u201d<\/p>\n<p>Detalle: Libro nuevo<br \/>\nAncho: 15 CM<br \/>\nAlto:23 CM \/<br \/>\nPaginas 352.<br \/>\nEdici\u00f3n : R\u00fastica con solapas<\/p>\n<p>Te presentamos: El fin de la inflacion<br \/>\nAutor\/a: Javier Milei<\/p>\n<p>Rese\u00f1a:<\/p>\n<p>Plant\u00e1ndole cara a la casta pol\u00edtica, peleando contra un supuesto sentido com\u00fan de \u00e9poca que est\u00e1 destruyendo la Argentina y retando a duelo de ideas a colegas economistas, el candidato a la presidencia de la Naci\u00f3n presenta aqu\u00ed tres textos que conforman el n\u00facleo de lo que podr\u00eda ser le\u00eddo como un programa de gobierno, y que en realidad es mucho m\u00e1s que eso: se trata de un ataque frontal a la inflaci\u00f3n, ese mal que corroe d\u00eda a d\u00eda la vida de millones y millones de argentinos.<br \/>\nNo ser\u00e1 una lucha f\u00e1cil, advierte Javier Milei: demasiados intereses enquistados, privilegios que llevan d\u00e9cadas, miserias corporativas. Pero hay una buena noticia: dar la pelea contra la inflaci\u00f3n, recuperar la libertad de elegir qu\u00e9 hacer con nuestro dinero y terminar con las mentiras de una eco-nom\u00eda intoxicada por la pol\u00edtica colocar\u00e1n los cimientos para volver a ser un gran pa\u00eds.<\/p>\n<p>\u201cCuando los salarios en d\u00f3lares vuelen, habr\u00e1 una fuerte ca\u00edda de la pobreza y la<br \/>\nindigencia y una ganancia en bienestar enorme, por el solo hecho de haber realizado un<br \/>\ncambio monetario que termine con la estafa\u201d.<\/p>\n<p>Detalle: Libro nuevo<\/p>\n<p>PRESENTACION :R\u00fastica con solapas<br \/>\nPAGINAS:184<br \/>\nANCHO:13,5<br \/>\nALTO:21<\/p>\n<p>Te presentamos: Capitalismo, Socialismo Y La Trampa Neocl\u00e1sica<\/p>\n<p>Cuando la realidad no encaja en un modelo (econ\u00f3mico, para el caso), lo m\u00e1s sensato debiera ser revisar dicho sistema y tratar\u00a0de detectar sus errores. Sin embargo, para los economistas neocl\u00e1sicos y neokeynesianos, dice el autor, cuando el modelo no cuaja con el mundo real, no se lo descarta, porque la culpa pasa a ser de la realidad. Y siempre con el mismo diagn\u00f3stico: fallo de mercado.En este nuevo libro, un Javier Milei ya ungido presidente de la Naci\u00f3n Argentina, retoma ideas que ha venido analizando, ajustando y defendiendo durante a\u00f1os, solo que ahora lo hace en un viaje que se proyecta en las principales tribunas ideol\u00f3gicas de la actualidad para terminar arribando a una verdadera lecci\u00f3n de macroeconom\u00eda. De la teor\u00eda econ\u00f3mica a la acci\u00f3n pol\u00edtica, en efecto, porque como suele decir el primer mandatario: &#8220;El problema de Occidente es que no solo debemos enfrentarnos a quienes, a pesar de una evidencia emp\u00edrica abrumadora, siguen bregando por el socialismo empobrecedor, sino tambi\u00e9n a l\u00edderes, pensadores y acad\u00e9micos que, amparados en un marco te\u00f3rico equivocado, socavan los fundamentos del sistema que nos ha dado la mayor expansi\u00f3n de riqueza y prosperidad de la historia&#8221;.<\/p>","protected":false},"featured_media":118102,"comment_status":"closed","ping_status":"closed","template":"","meta":{"_acf_changed":false,"om_disable_all_campaigns":false,"_monsterinsights_skip_tracking":false,"_monsterinsights_sitenote_active":false,"_monsterinsights_sitenote_note":"","_monsterinsights_sitenote_category":0},"etheme_brands":[],"product_brand":[],"product_cat":[685],"product_tag":[203,9952,9950,9951,752,9953,9954],"class_list":{"0":"post-118101","1":"product","2":"type-product","3":"status-publish","4":"has-post-thumbnail","6":"product_cat-libros","7":"product_tag-argentina","8":"product_tag-el-fin-de-la-inflacion","9":"product_tag-javier-milei","10":"product_tag-javier-milei-libro","11":"product_tag-libro","12":"product_tag-libro-el-fin-de-la-inlfacion","13":"product_tag-milei","15":"first","16":"instock","17":"taxable","18":"shipping-taxable","19":"purchasable","20":"product-type-simple"},"acf":[],"aioseo_notices":[],"_links":{"self":[{"href":"https:\/\/www.argensend.com\/en\/wp-json\/wp\/v2\/product\/118101","targetHints":{"allow":["GET"]}}],"collection":[{"href":"https:\/\/www.argensend.com\/en\/wp-json\/wp\/v2\/product"}],"about":[{"href":"https:\/\/www.argensend.com\/en\/wp-json\/wp\/v2\/types\/product"}],"replies":[{"embeddable":true,"href":"https:\/\/www.argensend.com\/en\/wp-json\/wp\/v2\/comments?post=118101"}],"version-history":[{"count":1,"href":"https:\/\/www.argensend.com\/en\/wp-json\/wp\/v2\/product\/118101\/revisions"}],"predecessor-version":[{"id":118105,"href":"https:\/\/www.argensend.com\/en\/wp-json\/wp\/v2\/product\/118101\/revisions\/118105"}],"wp:featuredmedia":[{"embeddable":true,"href":"https:\/\/www.argensend.com\/en\/wp-json\/wp\/v2\/media\/118102"}],"wp:attachment":[{"href":"https:\/\/www.argensend.com\/en\/wp-json\/wp\/v2\/media?parent=118101"}],"wp:term":[{"taxonomy":"brand","embeddable":true,"href":"https:\/\/www.argensend.com\/en\/wp-json\/wp\/v2\/etheme_brands?post=118101"},{"taxonomy":"product_brand","embeddable":true,"href":"https:\/\/www.argensend.com\/en\/wp-json\/wp\/v2\/product_brand?post=118101"},{"taxonomy":"product_cat","embeddable":true,"href":"https:\/\/www.argensend.com\/en\/wp-json\/wp\/v2\/product_cat?post=118101"},{"taxonomy":"product_tag","embeddable":true,"href":"https:\/\/www.argensend.com\/en\/wp-json\/wp\/v2\/product_tag?post=118101"}],"curies":[{"name":"wp","href":"https:\/\/api.w.org\/{rel}","templated":true}]}}