{"id":118112,"date":"2024-10-18T10:11:40","date_gmt":"2024-10-18T13:11:40","guid":{"rendered":"https:\/\/www.argensend.com\/?post_type=product&#038;p=118112"},"modified":"2024-12-06T16:50:03","modified_gmt":"2024-12-06T19:50:03","slug":"libro-si-juro-presidentes-constitucionales-de-rivadavia-a-milei-eduardo-lazzari","status":"publish","type":"product","link":"https:\/\/www.argensend.com\/en\/product\/libro-si-juro-presidentes-constitucionales-de-rivadavia-a-milei-eduardo-lazzari\/","title":{"rendered":"Libro &#8220;S\u00ed, Juro: Presidentes Constitucionales : De Rivadavia A Milei&#8221; &#8211; Eduardo Lazzari"},"content":{"rendered":"","protected":false},"excerpt":{"rendered":"<p>El reconocido historiador argentino Eduardo Lazzari, nos invita a realizar una retrospectiva hist\u00f3rica de los presidentes constitucionales de la Argentina. Desde Rivadavia a Milei, quienes fueron o son, su vida privada, su vida p\u00fablica, su mandato y la manera en que cada uno honr\u00f3 -o intent\u00f3 hacerlo- ese juramento que les entreg\u00f3 por designio popular el mando del destino de la Naci\u00f3n. Esta mirada al pasado, que procura ser fiel a los hechos como el autor nos tiene acostumbrados, ofrece la inmensa posibilidad de comprendernos, repensarnos y encarar el futuro desde la aceptaci\u00f3n de una herencia imposible de desconocer y una ascendencia que nos exige coherencia y responsabilidad.<\/p>","protected":false},"featured_media":118113,"comment_status":"closed","ping_status":"closed","template":"","meta":{"_acf_changed":false,"om_disable_all_campaigns":false,"_monsterinsights_skip_tracking":false,"_monsterinsights_sitenote_active":false,"_monsterinsights_sitenote_note":"","_monsterinsights_sitenote_category":0},"etheme_brands":[],"product_brand":[],"product_cat":[685],"product_tag":[203,9952,9950,9951,10568,752,10566,9954,10567],"class_list":{"0":"post-118112","1":"product","2":"type-product","3":"status-publish","4":"has-post-thumbnail","6":"product_cat-libros","7":"product_tag-argentina","8":"product_tag-el-fin-de-la-inflacion","9":"product_tag-javier-milei","10":"product_tag-javier-milei-libro","11":"product_tag-juro","12":"product_tag-libro","13":"product_tag-libro-milei","14":"product_tag-milei","15":"product_tag-si","17":"first","18":"instock","19":"taxable","20":"shipping-taxable","21":"purchasable","22":"product-type-simple"},"acf":[],"aioseo_notices":[],"_links":{"self":[{"href":"https:\/\/www.argensend.com\/en\/wp-json\/wp\/v2\/product\/118112","targetHints":{"allow":["GET"]}}],"collection":[{"href":"https:\/\/www.argensend.com\/en\/wp-json\/wp\/v2\/product"}],"about":[{"href":"https:\/\/www.argensend.com\/en\/wp-json\/wp\/v2\/types\/product"}],"replies":[{"embeddable":true,"href":"https:\/\/www.argensend.com\/en\/wp-json\/wp\/v2\/comments?post=118112"}],"version-history":[{"count":1,"href":"https:\/\/www.argensend.com\/en\/wp-json\/wp\/v2\/product\/118112\/revisions"}],"predecessor-version":[{"id":118114,"href":"https:\/\/www.argensend.com\/en\/wp-json\/wp\/v2\/product\/118112\/revisions\/118114"}],"wp:featuredmedia":[{"embeddable":true,"href":"https:\/\/www.argensend.com\/en\/wp-json\/wp\/v2\/media\/118113"}],"wp:attachment":[{"href":"https:\/\/www.argensend.com\/en\/wp-json\/wp\/v2\/media?parent=118112"}],"wp:term":[{"taxonomy":"brand","embeddable":true,"href":"https:\/\/www.argensend.com\/en\/wp-json\/wp\/v2\/etheme_brands?post=118112"},{"taxonomy":"product_brand","embeddable":true,"href":"https:\/\/www.argensend.com\/en\/wp-json\/wp\/v2\/product_brand?post=118112"},{"taxonomy":"product_cat","embeddable":true,"href":"https:\/\/www.argensend.com\/en\/wp-json\/wp\/v2\/product_cat?post=118112"},{"taxonomy":"product_tag","embeddable":true,"href":"https:\/\/www.argensend.com\/en\/wp-json\/wp\/v2\/product_tag?post=118112"}],"curies":[{"name":"wp","href":"https:\/\/api.w.org\/{rel}","templated":true}]}}