{"id":118119,"date":"2024-10-18T10:37:37","date_gmt":"2024-10-18T13:37:37","guid":{"rendered":"https:\/\/www.argensend.com\/?post_type=product&#038;p=118119"},"modified":"2024-12-06T16:50:06","modified_gmt":"2024-12-06T19:50:06","slug":"libro-empieza-con-el-porque-simon-sinek","status":"publish","type":"product","link":"https:\/\/www.argensend.com\/en\/product\/libro-empieza-con-el-porque-simon-sinek\/","title":{"rendered":"Libro &#8220;Empieza Con El Porqu\u00e9&#8221; &#8211; Simon Sinek"},"content":{"rendered":"","protected":false},"excerpt":{"rendered":"<p>Nueva edici\u00f3n en castellano del primer libro de Simon Sinek que en poco tiempo ya se ha convertido en un cl\u00e1sico ya que es la base de uno de los v\u00eddeos TED m\u00e1s visionados. Para Sinek, lo importante no es tanto qu\u00e9 es lo que haces como el porqu\u00e9 lo haces. Lo esencial es saber por qu\u00e9 haces lo que haces, por qu\u00e9 existes. Aprender a formular las preguntas adecuadas te permitir\u00e1n tener una empresa inspiradora, proyectos innovadores y gente comprometida para desarrollarlos. Sinek explica c\u00f3mo crear el marco adecuado en una organizaci\u00f3n para conseguir esos prop\u00f3sitos.<\/p>","protected":false},"featured_media":118120,"comment_status":"closed","ping_status":"closed","template":"","meta":{"_acf_changed":false,"om_disable_all_campaigns":false,"_monsterinsights_skip_tracking":false,"_monsterinsights_sitenote_active":false,"_monsterinsights_sitenote_note":"","_monsterinsights_sitenote_category":0},"etheme_brands":[],"product_brand":[],"product_cat":[685],"product_tag":[203,10572,752,10571],"class_list":{"0":"post-118119","1":"product","2":"type-product","3":"status-publish","4":"has-post-thumbnail","6":"product_cat-libros","7":"product_tag-argentina","8":"product_tag-empieza-con-el-porque","9":"product_tag-libro","10":"product_tag-simon-sinek","12":"first","13":"instock","14":"taxable","15":"shipping-taxable","16":"purchasable","17":"product-type-simple"},"acf":[],"aioseo_notices":[],"_links":{"self":[{"href":"https:\/\/www.argensend.com\/en\/wp-json\/wp\/v2\/product\/118119","targetHints":{"allow":["GET"]}}],"collection":[{"href":"https:\/\/www.argensend.com\/en\/wp-json\/wp\/v2\/product"}],"about":[{"href":"https:\/\/www.argensend.com\/en\/wp-json\/wp\/v2\/types\/product"}],"replies":[{"embeddable":true,"href":"https:\/\/www.argensend.com\/en\/wp-json\/wp\/v2\/comments?post=118119"}],"version-history":[{"count":2,"href":"https:\/\/www.argensend.com\/en\/wp-json\/wp\/v2\/product\/118119\/revisions"}],"predecessor-version":[{"id":118122,"href":"https:\/\/www.argensend.com\/en\/wp-json\/wp\/v2\/product\/118119\/revisions\/118122"}],"wp:featuredmedia":[{"embeddable":true,"href":"https:\/\/www.argensend.com\/en\/wp-json\/wp\/v2\/media\/118120"}],"wp:attachment":[{"href":"https:\/\/www.argensend.com\/en\/wp-json\/wp\/v2\/media?parent=118119"}],"wp:term":[{"taxonomy":"brand","embeddable":true,"href":"https:\/\/www.argensend.com\/en\/wp-json\/wp\/v2\/etheme_brands?post=118119"},{"taxonomy":"product_brand","embeddable":true,"href":"https:\/\/www.argensend.com\/en\/wp-json\/wp\/v2\/product_brand?post=118119"},{"taxonomy":"product_cat","embeddable":true,"href":"https:\/\/www.argensend.com\/en\/wp-json\/wp\/v2\/product_cat?post=118119"},{"taxonomy":"product_tag","embeddable":true,"href":"https:\/\/www.argensend.com\/en\/wp-json\/wp\/v2\/product_tag?post=118119"}],"curies":[{"name":"wp","href":"https:\/\/api.w.org\/{rel}","templated":true}]}}