{"id":118158,"date":"2024-10-21T13:27:42","date_gmt":"2024-10-21T16:27:42","guid":{"rendered":"https:\/\/www.argensend.com\/?post_type=product&#038;p=118158"},"modified":"2024-12-06T16:50:07","modified_gmt":"2024-12-06T19:50:07","slug":"libro-el-loco-la-vida-desconocida-de-javier-milei-y-su-irrupcion-en-la-politica-argentina-juan-luis-gonzalez","status":"publish","type":"product","link":"https:\/\/www.argensend.com\/en\/product\/libro-el-loco-la-vida-desconocida-de-javier-milei-y-su-irrupcion-en-la-politica-argentina-juan-luis-gonzalez\/","title":{"rendered":"Libro &#8220;EL LOCO: La vida desconocida de Javier Milei y su irrupci\u00f3n en la pol\u00edtica argentina&#8221; &#8211; Juan Luis Gonz\u00e1lez"},"content":{"rendered":"","protected":false},"excerpt":{"rendered":"<p>Rese\u00f1a:<br \/>\nEste libro inicia como un estudio sobre la emergente derecha liderada por Javier Milei, transform\u00e1ndose en un relato que oscila entre el thriller tragic\u00f3mico y la novela negra. Revela aspectos m\u00edsticos de Milei, como visiones de resurrecciones y comunicaciones con su perro fallecido a trav\u00e9s de una m\u00e9dium. La investigaci\u00f3n descubre una organizaci\u00f3n que comercializa puestos, se asocia con figuras delictivas, y est\u00e1 plagada de miembros con antecedentes de corrupci\u00f3n. A pesar de prometer un cambio pol\u00edtico, esconde pr\u00e1cticas antiguas de enriquecimiento. La obra tambi\u00e9n detalla c\u00f3mo un poderoso financista dio origen al fen\u00f3meno medi\u00e1tico de Milei. &#8220;El loco&#8221; es una biograf\u00eda que no solo expone la vida p\u00fablica y privada de un personaje controvertido, sino que tambi\u00e9n refleja las complejidades de una sociedad expectante.<\/p>","protected":false},"featured_media":118159,"comment_status":"closed","ping_status":"closed","template":"","meta":{"_acf_changed":false,"om_disable_all_campaigns":false,"_monsterinsights_skip_tracking":false,"_monsterinsights_sitenote_active":false,"_monsterinsights_sitenote_note":"","_monsterinsights_sitenote_category":0},"etheme_brands":[],"product_brand":[],"product_cat":[685],"product_tag":[203,9952,10587,9950,9951,752,9953,9954],"class_list":{"0":"post-118158","1":"product","2":"type-product","3":"status-publish","4":"has-post-thumbnail","6":"product_cat-libros","7":"product_tag-argentina","8":"product_tag-el-fin-de-la-inflacion","9":"product_tag-el-loco","10":"product_tag-javier-milei","11":"product_tag-javier-milei-libro","12":"product_tag-libro","13":"product_tag-libro-el-fin-de-la-inlfacion","14":"product_tag-milei","16":"first","17":"instock","18":"taxable","19":"shipping-taxable","20":"purchasable","21":"product-type-simple"},"acf":[],"aioseo_notices":[],"_links":{"self":[{"href":"https:\/\/www.argensend.com\/en\/wp-json\/wp\/v2\/product\/118158","targetHints":{"allow":["GET"]}}],"collection":[{"href":"https:\/\/www.argensend.com\/en\/wp-json\/wp\/v2\/product"}],"about":[{"href":"https:\/\/www.argensend.com\/en\/wp-json\/wp\/v2\/types\/product"}],"replies":[{"embeddable":true,"href":"https:\/\/www.argensend.com\/en\/wp-json\/wp\/v2\/comments?post=118158"}],"version-history":[{"count":1,"href":"https:\/\/www.argensend.com\/en\/wp-json\/wp\/v2\/product\/118158\/revisions"}],"predecessor-version":[{"id":118160,"href":"https:\/\/www.argensend.com\/en\/wp-json\/wp\/v2\/product\/118158\/revisions\/118160"}],"wp:featuredmedia":[{"embeddable":true,"href":"https:\/\/www.argensend.com\/en\/wp-json\/wp\/v2\/media\/118159"}],"wp:attachment":[{"href":"https:\/\/www.argensend.com\/en\/wp-json\/wp\/v2\/media?parent=118158"}],"wp:term":[{"taxonomy":"brand","embeddable":true,"href":"https:\/\/www.argensend.com\/en\/wp-json\/wp\/v2\/etheme_brands?post=118158"},{"taxonomy":"product_brand","embeddable":true,"href":"https:\/\/www.argensend.com\/en\/wp-json\/wp\/v2\/product_brand?post=118158"},{"taxonomy":"product_cat","embeddable":true,"href":"https:\/\/www.argensend.com\/en\/wp-json\/wp\/v2\/product_cat?post=118158"},{"taxonomy":"product_tag","embeddable":true,"href":"https:\/\/www.argensend.com\/en\/wp-json\/wp\/v2\/product_tag?post=118158"}],"curies":[{"name":"wp","href":"https:\/\/api.w.org\/{rel}","templated":true}]}}