{"id":118174,"date":"2024-10-22T09:05:49","date_gmt":"2024-10-22T12:05:49","guid":{"rendered":"https:\/\/www.argensend.com\/?post_type=product&#038;p=118174"},"modified":"2024-12-06T16:50:07","modified_gmt":"2024-12-06T19:50:07","slug":"libro-lanzallamas-rocco-carbone","status":"publish","type":"product","link":"https:\/\/www.argensend.com\/en\/product\/libro-lanzallamas-rocco-carbone\/","title":{"rendered":"Libro &#8220;Lanzallamas&#8221; &#8211; Rocco Carbone"},"content":{"rendered":"","protected":false},"excerpt":{"rendered":"<p>Para entender por qu\u00e9 la sociedad ha sido alcanzada por un &#8220;rayo fascistizador&#8221;, el fil\u00f3sofo Rocco Carbone invita a pensar el fascismo como un modo de acci\u00f3n pol\u00edtica que, en sus formas y efectos, se verifica en el poder que encarna Javier Milei en la Argentina. Se trata, define, de un &#8220;fascismo celular&#8221;, en un doble sentido: por su penetraci\u00f3n en cada c\u00e9lula del tejido social y tambi\u00e9n por la centralidad de un dispositivo que moldea desde las nuevas modalidades del trabajo hasta las formas de pensamiento regidas por el c\u00f3digo binario, el me gusta\/no me gusta.<br \/>\nEste ensayo explica por qu\u00e9 buena parte de la Argentina parece abducida por un fascismo &#8220;celular&#8221;, en un doble sentido: por su penetraci\u00f3n en cada c\u00e9lula social y por los dispositivos m\u00f3viles que lo diseminan y reproducen. El nuevo poder fascista -que aqu\u00ed se aborda desde las ciencias sociales, las humanidades y la literatura- enloquece, psicotiza. Carbone invita a resistirlo porque el fascismo no implica una idea distinta a la propia, sino la muerte de todas las ideas.<\/p>","protected":false},"featured_media":118175,"comment_status":"closed","ping_status":"closed","template":"","meta":{"_acf_changed":false,"om_disable_all_campaigns":false,"_monsterinsights_skip_tracking":false,"_monsterinsights_sitenote_active":false,"_monsterinsights_sitenote_note":"","_monsterinsights_sitenote_category":0},"etheme_brands":[],"product_brand":[],"product_cat":[685],"product_tag":[203,9950,9951,10591,752,9954],"class_list":{"0":"post-118174","1":"product","2":"type-product","3":"status-publish","4":"has-post-thumbnail","6":"product_cat-libros","7":"product_tag-argentina","8":"product_tag-javier-milei","9":"product_tag-javier-milei-libro","10":"product_tag-lanzallamas","11":"product_tag-libro","12":"product_tag-milei","14":"first","15":"instock","16":"taxable","17":"shipping-taxable","18":"purchasable","19":"product-type-simple"},"acf":[],"aioseo_notices":[],"_links":{"self":[{"href":"https:\/\/www.argensend.com\/en\/wp-json\/wp\/v2\/product\/118174","targetHints":{"allow":["GET"]}}],"collection":[{"href":"https:\/\/www.argensend.com\/en\/wp-json\/wp\/v2\/product"}],"about":[{"href":"https:\/\/www.argensend.com\/en\/wp-json\/wp\/v2\/types\/product"}],"replies":[{"embeddable":true,"href":"https:\/\/www.argensend.com\/en\/wp-json\/wp\/v2\/comments?post=118174"}],"version-history":[{"count":1,"href":"https:\/\/www.argensend.com\/en\/wp-json\/wp\/v2\/product\/118174\/revisions"}],"predecessor-version":[{"id":118176,"href":"https:\/\/www.argensend.com\/en\/wp-json\/wp\/v2\/product\/118174\/revisions\/118176"}],"wp:featuredmedia":[{"embeddable":true,"href":"https:\/\/www.argensend.com\/en\/wp-json\/wp\/v2\/media\/118175"}],"wp:attachment":[{"href":"https:\/\/www.argensend.com\/en\/wp-json\/wp\/v2\/media?parent=118174"}],"wp:term":[{"taxonomy":"brand","embeddable":true,"href":"https:\/\/www.argensend.com\/en\/wp-json\/wp\/v2\/etheme_brands?post=118174"},{"taxonomy":"product_brand","embeddable":true,"href":"https:\/\/www.argensend.com\/en\/wp-json\/wp\/v2\/product_brand?post=118174"},{"taxonomy":"product_cat","embeddable":true,"href":"https:\/\/www.argensend.com\/en\/wp-json\/wp\/v2\/product_cat?post=118174"},{"taxonomy":"product_tag","embeddable":true,"href":"https:\/\/www.argensend.com\/en\/wp-json\/wp\/v2\/product_tag?post=118174"}],"curies":[{"name":"wp","href":"https:\/\/api.w.org\/{rel}","templated":true}]}}