{"id":118180,"date":"2024-10-22T09:38:24","date_gmt":"2024-10-22T12:38:24","guid":{"rendered":"https:\/\/www.argensend.com\/?post_type=product&#038;p=118180"},"modified":"2024-12-06T16:50:08","modified_gmt":"2024-12-06T19:50:08","slug":"libro-casta-de-la-crueldad-victor-hugo-morales","status":"publish","type":"product","link":"https:\/\/www.argensend.com\/en\/product\/libro-casta-de-la-crueldad-victor-hugo-morales\/","title":{"rendered":"Libro &#8220;Casta De La Crueldad&#8221; &#8211; V\u00edctor Hugo Morales"},"content":{"rendered":"","protected":false},"excerpt":{"rendered":"<p>CASTA DE LA CRUELDAD &#8211; MISERIA Y ENTREGA EN LA ARGENTINA DE MILEI<\/p>\n<p>Una mirada descarnada de los primeros meses del gobierno de Milei con la voz inconfundible de V\u00edctor Hugo Morales y su compromiso pol\u00edtico de siempre. Escenas que sintetizan las pol\u00edticas llevadas a cabo en estos tiempos, el dolor de quienes las sufren y las luchas de quienes las resisten.<\/p>\n<p>V\u00cdCTOR HUGO MORALES<br \/>\nV\u00edctor Hugo Morales P\u00e9rez es un periodista, locutor y escritor uruguayo radicado desde 1981 en Argentina. Es especialmente conocido por su labor como narrador de partidos de f\u00fatbol, hasta el punto de ser considerado en ocasiones como \u00abel relator deportivo por excelencia de habla hispana\u00bb.<\/p>","protected":false},"featured_media":118181,"comment_status":"closed","ping_status":"closed","template":"","meta":{"_acf_changed":false,"om_disable_all_campaigns":false,"_monsterinsights_skip_tracking":false,"_monsterinsights_sitenote_active":false,"_monsterinsights_sitenote_note":"","_monsterinsights_sitenote_category":0},"etheme_brands":[],"product_brand":[],"product_cat":[685],"product_tag":[203,10592,9950,9951,10591,752,9954],"class_list":{"0":"post-118180","1":"product","2":"type-product","3":"status-publish","4":"has-post-thumbnail","6":"product_cat-libros","7":"product_tag-argentina","8":"product_tag-casta-de-la-crueldad","9":"product_tag-javier-milei","10":"product_tag-javier-milei-libro","11":"product_tag-lanzallamas","12":"product_tag-libro","13":"product_tag-milei","15":"first","16":"instock","17":"taxable","18":"shipping-taxable","19":"purchasable","20":"product-type-simple"},"acf":[],"aioseo_notices":[],"_links":{"self":[{"href":"https:\/\/www.argensend.com\/en\/wp-json\/wp\/v2\/product\/118180","targetHints":{"allow":["GET"]}}],"collection":[{"href":"https:\/\/www.argensend.com\/en\/wp-json\/wp\/v2\/product"}],"about":[{"href":"https:\/\/www.argensend.com\/en\/wp-json\/wp\/v2\/types\/product"}],"replies":[{"embeddable":true,"href":"https:\/\/www.argensend.com\/en\/wp-json\/wp\/v2\/comments?post=118180"}],"version-history":[{"count":1,"href":"https:\/\/www.argensend.com\/en\/wp-json\/wp\/v2\/product\/118180\/revisions"}],"predecessor-version":[{"id":118182,"href":"https:\/\/www.argensend.com\/en\/wp-json\/wp\/v2\/product\/118180\/revisions\/118182"}],"wp:featuredmedia":[{"embeddable":true,"href":"https:\/\/www.argensend.com\/en\/wp-json\/wp\/v2\/media\/118181"}],"wp:attachment":[{"href":"https:\/\/www.argensend.com\/en\/wp-json\/wp\/v2\/media?parent=118180"}],"wp:term":[{"taxonomy":"brand","embeddable":true,"href":"https:\/\/www.argensend.com\/en\/wp-json\/wp\/v2\/etheme_brands?post=118180"},{"taxonomy":"product_brand","embeddable":true,"href":"https:\/\/www.argensend.com\/en\/wp-json\/wp\/v2\/product_brand?post=118180"},{"taxonomy":"product_cat","embeddable":true,"href":"https:\/\/www.argensend.com\/en\/wp-json\/wp\/v2\/product_cat?post=118180"},{"taxonomy":"product_tag","embeddable":true,"href":"https:\/\/www.argensend.com\/en\/wp-json\/wp\/v2\/product_tag?post=118180"}],"curies":[{"name":"wp","href":"https:\/\/api.w.org\/{rel}","templated":true}]}}