{"id":118183,"date":"2024-10-22T11:12:02","date_gmt":"2024-10-22T14:12:02","guid":{"rendered":"https:\/\/www.argensend.com\/?post_type=product&#038;p=118183"},"modified":"2024-12-06T16:50:08","modified_gmt":"2024-12-06T19:50:08","slug":"libro-oxido-historia-de-la-corrupcion-en-argentina-1580-2023-jorge-lanata","status":"publish","type":"product","link":"https:\/\/www.argensend.com\/en\/product\/libro-oxido-historia-de-la-corrupcion-en-argentina-1580-2023-jorge-lanata\/","title":{"rendered":"Libro &#8220;\u00d3xido: Historia de la corrupci\u00f3n en Argentina 1580-2023&#8221; &#8211; Jorge Lanata"},"content":{"rendered":"","protected":false},"excerpt":{"rendered":"<p>Argentina est\u00e1 oxidada. La corrupci\u00f3n es su \u00f3xido. Y se extiende cada vez m\u00e1s sobre el pa\u00eds. Creemos verlo, creemos que est\u00e1 a la vista de todos. Pero, seg\u00fan los \u00faltimos estudios, solo el 12% de los hechos de corrupci\u00f3n conocidos llegan a la Justicia y solo el 2% recibe alg\u00fan tipo de condena. Con el correr de los a\u00f1os, la corrupci\u00f3n ha ido cambiando, expandi\u00e9ndose, perfeccion\u00e1ndose, poni\u00e9ndose al abrigo de la impunidad. Aunque algo se mantuvo invariable: el rol del Estado. El inventor de la barrera siempre cobr\u00f3 peaje. En esta investigaci\u00f3n hist\u00f3rica y period\u00edstica, Jorge Lanata recorre este proceso imparable de descomposici\u00f3n nacional y lo ilumina a trav\u00e9s de una selecci\u00f3n sorprendente de casos tanto poco conocidos como notables, que arrancan cuando Argentina no era todav\u00eda una rep\u00fablica y llegan hasta hoy, cuando se pregunta si puede volver a serlo. Una radiograf\u00eda descarnada para contar un pa\u00eds que -de forma deliberada, por omisi\u00f3n o negligencia- ha construido un sistema funcional al fraude, la malversaci\u00f3n, la usurpaci\u00f3n, el tr\u00e1fico de influencias y el robo liso y llano. Un sistema en el que es casi imposible investigar y cuando se investiga, no se sanciona. En el que nunca hay funcionarios inocentes ni culpables, sino tan solo sospechosos. Una herrumbre que nos corroe desde siempre y se expande frente a nuestros ojos.<\/p>","protected":false},"featured_media":118184,"comment_status":"closed","ping_status":"closed","template":"","meta":{"_acf_changed":false,"om_disable_all_campaigns":false,"_monsterinsights_skip_tracking":false,"_monsterinsights_sitenote_active":false,"_monsterinsights_sitenote_note":"","_monsterinsights_sitenote_category":0},"etheme_brands":[],"product_brand":[],"product_cat":[685],"product_tag":[203,10593,752,10594],"class_list":{"0":"post-118183","1":"product","2":"type-product","3":"status-publish","4":"has-post-thumbnail","6":"product_cat-libros","7":"product_tag-argentina","8":"product_tag-lanata","9":"product_tag-libro","10":"product_tag-oxido","12":"first","13":"instock","14":"taxable","15":"shipping-taxable","16":"purchasable","17":"product-type-simple"},"acf":[],"aioseo_notices":[],"_links":{"self":[{"href":"https:\/\/www.argensend.com\/en\/wp-json\/wp\/v2\/product\/118183","targetHints":{"allow":["GET"]}}],"collection":[{"href":"https:\/\/www.argensend.com\/en\/wp-json\/wp\/v2\/product"}],"about":[{"href":"https:\/\/www.argensend.com\/en\/wp-json\/wp\/v2\/types\/product"}],"replies":[{"embeddable":true,"href":"https:\/\/www.argensend.com\/en\/wp-json\/wp\/v2\/comments?post=118183"}],"version-history":[{"count":1,"href":"https:\/\/www.argensend.com\/en\/wp-json\/wp\/v2\/product\/118183\/revisions"}],"predecessor-version":[{"id":118185,"href":"https:\/\/www.argensend.com\/en\/wp-json\/wp\/v2\/product\/118183\/revisions\/118185"}],"wp:featuredmedia":[{"embeddable":true,"href":"https:\/\/www.argensend.com\/en\/wp-json\/wp\/v2\/media\/118184"}],"wp:attachment":[{"href":"https:\/\/www.argensend.com\/en\/wp-json\/wp\/v2\/media?parent=118183"}],"wp:term":[{"taxonomy":"brand","embeddable":true,"href":"https:\/\/www.argensend.com\/en\/wp-json\/wp\/v2\/etheme_brands?post=118183"},{"taxonomy":"product_brand","embeddable":true,"href":"https:\/\/www.argensend.com\/en\/wp-json\/wp\/v2\/product_brand?post=118183"},{"taxonomy":"product_cat","embeddable":true,"href":"https:\/\/www.argensend.com\/en\/wp-json\/wp\/v2\/product_cat?post=118183"},{"taxonomy":"product_tag","embeddable":true,"href":"https:\/\/www.argensend.com\/en\/wp-json\/wp\/v2\/product_tag?post=118183"}],"curies":[{"name":"wp","href":"https:\/\/api.w.org\/{rel}","templated":true}]}}