{"id":118186,"date":"2024-10-22T12:29:06","date_gmt":"2024-10-22T15:29:06","guid":{"rendered":"https:\/\/www.argensend.com\/?post_type=product&#038;p=118186"},"modified":"2024-12-06T16:50:08","modified_gmt":"2024-12-06T19:50:08","slug":"libro-hablemos-de-guita-ramiro-marra","status":"publish","type":"product","link":"https:\/\/www.argensend.com\/en\/product\/libro-hablemos-de-guita-ramiro-marra\/","title":{"rendered":"Libro &#8220;Hablemos de guita&#8221; &#8211; Ramiro Marra"},"content":{"rendered":"","protected":false},"excerpt":{"rendered":"<p>\u201cNo uso traje y corbata, no creo que invertir en Bolsa sea para eruditos con muchos<br \/>\nt\u00edtulos, al rev\u00e9s, creo que todos tenemos derecho a tener la educaci\u00f3n financiera<br \/>\nnecesaria para poder mejorar nuestra propia vida y la de los dem\u00e1s. Espero que no solo<br \/>\nustedes se metan en este fabuloso mundo, el de aquellos a quienes nos gusta hablar de<br \/>\nguita, sino que involucren a toda persona que vean dispuesta a animarse a decir: \u2018Me<br \/>\ngusta la guita y la necesito. Y no me averg\u00fcenzo\u2019\u201d.<br \/>\nRamiro Marra irrumpi\u00f3 en las redes sociales compartiendo su visi\u00f3n y su estrategia financiera.<br \/>\nPronto su estilo audaz y descontracturado hizo que miles de personas se convirtieran en sus<br \/>\nseguidores y se animaran a invertir en Bolsa y generar dinero gracias a sus consejos. Empresario,<br \/>\ndirector de una sociedad de Bolsa y ya un referente indiscutido de finanzas tanto en YouTube como<br \/>\nen los principales medios del pa\u00eds, Ramiro ahora te cuenta todos sus secretos en este libro.<br \/>\n\u00bfQuer\u00e9s ahorrar, invertir y ganar (mucha) plata en este pa\u00eds tan complicado? Paso a paso, con su<br \/>\nestilo directo y divertido, este youtuber financiero te habla de guita y te ense\u00f1a c\u00f3mo y d\u00f3nde<br \/>\ninvertirla de manera inteligente, para disfrutar tu presente y planear tu econom\u00eda a futuro.<\/p>","protected":false},"featured_media":118187,"comment_status":"closed","ping_status":"closed","template":"","meta":{"_acf_changed":false,"om_disable_all_campaigns":false,"_monsterinsights_skip_tracking":false,"_monsterinsights_sitenote_active":false,"_monsterinsights_sitenote_note":"","_monsterinsights_sitenote_category":0},"etheme_brands":[],"product_brand":[],"product_cat":[685],"product_tag":[203,10596,9950,10591,752,9954,10595],"class_list":{"0":"post-118186","1":"product","2":"type-product","3":"status-publish","4":"has-post-thumbnail","6":"product_cat-libros","7":"product_tag-argentina","8":"product_tag-hablemos-de-guita","9":"product_tag-javier-milei","10":"product_tag-lanzallamas","11":"product_tag-libro","12":"product_tag-milei","13":"product_tag-ramiro-marra","15":"first","16":"instock","17":"taxable","18":"shipping-taxable","19":"purchasable","20":"product-type-simple"},"acf":[],"aioseo_notices":[],"_links":{"self":[{"href":"https:\/\/www.argensend.com\/en\/wp-json\/wp\/v2\/product\/118186","targetHints":{"allow":["GET"]}}],"collection":[{"href":"https:\/\/www.argensend.com\/en\/wp-json\/wp\/v2\/product"}],"about":[{"href":"https:\/\/www.argensend.com\/en\/wp-json\/wp\/v2\/types\/product"}],"replies":[{"embeddable":true,"href":"https:\/\/www.argensend.com\/en\/wp-json\/wp\/v2\/comments?post=118186"}],"version-history":[{"count":1,"href":"https:\/\/www.argensend.com\/en\/wp-json\/wp\/v2\/product\/118186\/revisions"}],"predecessor-version":[{"id":118188,"href":"https:\/\/www.argensend.com\/en\/wp-json\/wp\/v2\/product\/118186\/revisions\/118188"}],"wp:featuredmedia":[{"embeddable":true,"href":"https:\/\/www.argensend.com\/en\/wp-json\/wp\/v2\/media\/118187"}],"wp:attachment":[{"href":"https:\/\/www.argensend.com\/en\/wp-json\/wp\/v2\/media?parent=118186"}],"wp:term":[{"taxonomy":"brand","embeddable":true,"href":"https:\/\/www.argensend.com\/en\/wp-json\/wp\/v2\/etheme_brands?post=118186"},{"taxonomy":"product_brand","embeddable":true,"href":"https:\/\/www.argensend.com\/en\/wp-json\/wp\/v2\/product_brand?post=118186"},{"taxonomy":"product_cat","embeddable":true,"href":"https:\/\/www.argensend.com\/en\/wp-json\/wp\/v2\/product_cat?post=118186"},{"taxonomy":"product_tag","embeddable":true,"href":"https:\/\/www.argensend.com\/en\/wp-json\/wp\/v2\/product_tag?post=118186"}],"curies":[{"name":"wp","href":"https:\/\/api.w.org\/{rel}","templated":true}]}}