{"id":118198,"date":"2024-10-22T13:16:32","date_gmt":"2024-10-22T16:16:32","guid":{"rendered":"https:\/\/www.argensend.com\/?post_type=product&#038;p=118198"},"modified":"2024-12-06T16:50:08","modified_gmt":"2024-12-06T19:50:08","slug":"libro-manual-del-economista-serio-fernandez-kestelboim","status":"publish","type":"product","link":"https:\/\/www.argensend.com\/en\/product\/libro-manual-del-economista-serio-fernandez-kestelboim\/","title":{"rendered":"Libro &#8220;Manual Del Economista Serio&#8221; &#8211; Fern\u00e1ndez \/ Kestelboim"},"content":{"rendered":"","protected":false},"excerpt":{"rendered":"<p>Este manual ofrece al lector un sistema sencillo para detectar en nuestro pa\u00eds al &#8220;economista serio&#8221; y aprender a conocer tanto sus vicios como sus trucos de mago, \u00fatiles para justificar el direccionamiento de pol\u00edticas econ\u00f3micas que han agravado la dependencia argentina de los centros de poder mundiales. Descubre sus artima\u00f1as y complicidades para poder refutarlos, desnuda su verdadero rol de lobista corporativo y busca poner en jaque la asombrosa idea de un saber &#8220;celestial&#8221;, desprovisto de intencionalidad e ideolog\u00eda pol\u00edtica. Este pretendido gur\u00fa tiene en su galera un modelo pol\u00edtico claramente definido, con muchos perdedores y algunos ganadores, cuyo fracaso reiterado en aportar bienestar a las grandes mayor\u00edas es explicado por razones siempre ajenas a sus recomendaciones que, en complicidad con los factores de poder dominantes, lo hace impune y lo libera de toda autocr\u00edtica. No es el modelo que se equivoca, es la realidad que falla. &#8220;\u00bfPretender\u00e1n nuestros autores ironizar sobre lo &#8220;poco serio&#8221; de profesionales que jam\u00e1s aciertan en sus pron\u00f3sticos y que repiten como loros &#8220;oferta&#8221;, &#8220;demanda&#8221;, &#8220;reducir el gasto&#8221;, &#8220;eficacia&#8221;, &#8220;incentivos&#8221;, &#8220;esfuerzo individual&#8221; y, sobre todo, &#8220;libertad&#8221;, como si fuera el leit motiv de su campo de incumbencia? \u00bfO es acaso que hablan de un grupo de economistas que ser\u00e1 recordado hist\u00f3ricamente como los bufones de los due\u00f1os del capital?&#8221; . AMADO BOUDOU<\/p>","protected":false},"featured_media":118199,"comment_status":"closed","ping_status":"closed","template":"","meta":{"_acf_changed":false,"om_disable_all_campaigns":false,"_monsterinsights_skip_tracking":false,"_monsterinsights_sitenote_active":false,"_monsterinsights_sitenote_note":"","_monsterinsights_sitenote_category":0},"etheme_brands":[],"product_brand":[],"product_cat":[685],"product_tag":[203,752,10600],"class_list":{"0":"post-118198","1":"product","2":"type-product","3":"status-publish","4":"has-post-thumbnail","6":"product_cat-libros","7":"product_tag-argentina","8":"product_tag-libro","9":"product_tag-manual-del-economista-serio","11":"first","12":"instock","13":"taxable","14":"shipping-taxable","15":"purchasable","16":"product-type-simple"},"acf":[],"aioseo_notices":[],"_links":{"self":[{"href":"https:\/\/www.argensend.com\/en\/wp-json\/wp\/v2\/product\/118198","targetHints":{"allow":["GET"]}}],"collection":[{"href":"https:\/\/www.argensend.com\/en\/wp-json\/wp\/v2\/product"}],"about":[{"href":"https:\/\/www.argensend.com\/en\/wp-json\/wp\/v2\/types\/product"}],"replies":[{"embeddable":true,"href":"https:\/\/www.argensend.com\/en\/wp-json\/wp\/v2\/comments?post=118198"}],"version-history":[{"count":1,"href":"https:\/\/www.argensend.com\/en\/wp-json\/wp\/v2\/product\/118198\/revisions"}],"predecessor-version":[{"id":118200,"href":"https:\/\/www.argensend.com\/en\/wp-json\/wp\/v2\/product\/118198\/revisions\/118200"}],"wp:featuredmedia":[{"embeddable":true,"href":"https:\/\/www.argensend.com\/en\/wp-json\/wp\/v2\/media\/118199"}],"wp:attachment":[{"href":"https:\/\/www.argensend.com\/en\/wp-json\/wp\/v2\/media?parent=118198"}],"wp:term":[{"taxonomy":"brand","embeddable":true,"href":"https:\/\/www.argensend.com\/en\/wp-json\/wp\/v2\/etheme_brands?post=118198"},{"taxonomy":"product_brand","embeddable":true,"href":"https:\/\/www.argensend.com\/en\/wp-json\/wp\/v2\/product_brand?post=118198"},{"taxonomy":"product_cat","embeddable":true,"href":"https:\/\/www.argensend.com\/en\/wp-json\/wp\/v2\/product_cat?post=118198"},{"taxonomy":"product_tag","embeddable":true,"href":"https:\/\/www.argensend.com\/en\/wp-json\/wp\/v2\/product_tag?post=118198"}],"curies":[{"name":"wp","href":"https:\/\/api.w.org\/{rel}","templated":true}]}}