{"id":118201,"date":"2024-10-22T13:31:59","date_gmt":"2024-10-22T16:31:59","guid":{"rendered":"https:\/\/www.argensend.com\/?post_type=product&#038;p=118201"},"modified":"2024-12-06T16:50:09","modified_gmt":"2024-12-06T19:50:09","slug":"libro-el-secreto-donna-tartt","status":"publish","type":"product","link":"https:\/\/www.argensend.com\/en\/product\/libro-el-secreto-donna-tartt\/","title":{"rendered":"Libro &#8220;El Secreto&#8221; &#8211; Donna Tartt"},"content":{"rendered":"","protected":false},"excerpt":{"rendered":"<p>La vida no es f\u00e1cil en un college de Nueva Inglaterra si eres un chico modesto y falto de afecto que llega de California, y Richard Papen lo sabe; por eso agradece que lo admitan en un peque\u00f1o grupo de cinco estudiantes capitaneados por un profesor de literatura cl\u00e1sica con mucho carisma y pocos escr\u00fapulos.<\/p>\n<p>Los chicos sueltan comentarios en griego y se r\u00eden de la ingenuidad y la torpeza de los dem\u00e1s, pero bien mirado se pasan el d\u00eda bebiendo y engullendo pastillas. Hasta que un mal d\u00eda lo que parec\u00edan chiquilladas adquieren una gravedad inesperada. Es entonces cuando Richard y su pandilla descubren qu\u00e9 dif\u00edcil es vivir sin m\u00e1scaras y qu\u00e9 f\u00e1cil es matar sin remordimientos.<\/p>\n<p><i>El secreto<\/i>, primera novela de la gran Donna Tartt, se cuenta entre las mejores obras del siglo XX.<\/p>","protected":false},"featured_media":118202,"comment_status":"closed","ping_status":"closed","template":"","meta":{"_acf_changed":false,"om_disable_all_campaigns":false,"_monsterinsights_skip_tracking":false,"_monsterinsights_sitenote_active":false,"_monsterinsights_sitenote_note":"","_monsterinsights_sitenote_category":0},"etheme_brands":[],"product_brand":[],"product_cat":[8791,8832,685],"product_tag":[755,10602,10601,752],"class_list":{"0":"post-118201","1":"product","2":"type-product","3":"status-publish","4":"has-post-thumbnail","6":"product_cat-libreria","7":"product_cat-libreria-arte-y-cotillon","8":"product_cat-libros","9":"product_tag-book","10":"product_tag-donna-tartt","11":"product_tag-el-secreto","12":"product_tag-libro","14":"first","15":"instock","16":"taxable","17":"shipping-taxable","18":"purchasable","19":"product-type-simple"},"acf":[],"aioseo_notices":[],"_links":{"self":[{"href":"https:\/\/www.argensend.com\/en\/wp-json\/wp\/v2\/product\/118201","targetHints":{"allow":["GET"]}}],"collection":[{"href":"https:\/\/www.argensend.com\/en\/wp-json\/wp\/v2\/product"}],"about":[{"href":"https:\/\/www.argensend.com\/en\/wp-json\/wp\/v2\/types\/product"}],"replies":[{"embeddable":true,"href":"https:\/\/www.argensend.com\/en\/wp-json\/wp\/v2\/comments?post=118201"}],"version-history":[{"count":1,"href":"https:\/\/www.argensend.com\/en\/wp-json\/wp\/v2\/product\/118201\/revisions"}],"predecessor-version":[{"id":118203,"href":"https:\/\/www.argensend.com\/en\/wp-json\/wp\/v2\/product\/118201\/revisions\/118203"}],"wp:featuredmedia":[{"embeddable":true,"href":"https:\/\/www.argensend.com\/en\/wp-json\/wp\/v2\/media\/118202"}],"wp:attachment":[{"href":"https:\/\/www.argensend.com\/en\/wp-json\/wp\/v2\/media?parent=118201"}],"wp:term":[{"taxonomy":"brand","embeddable":true,"href":"https:\/\/www.argensend.com\/en\/wp-json\/wp\/v2\/etheme_brands?post=118201"},{"taxonomy":"product_brand","embeddable":true,"href":"https:\/\/www.argensend.com\/en\/wp-json\/wp\/v2\/product_brand?post=118201"},{"taxonomy":"product_cat","embeddable":true,"href":"https:\/\/www.argensend.com\/en\/wp-json\/wp\/v2\/product_cat?post=118201"},{"taxonomy":"product_tag","embeddable":true,"href":"https:\/\/www.argensend.com\/en\/wp-json\/wp\/v2\/product_tag?post=118201"}],"curies":[{"name":"wp","href":"https:\/\/api.w.org\/{rel}","templated":true}]}}