{"id":118204,"date":"2024-10-22T13:43:41","date_gmt":"2024-10-22T16:43:41","guid":{"rendered":"https:\/\/www.argensend.com\/?post_type=product&#038;p=118204"},"modified":"2024-12-06T16:50:09","modified_gmt":"2024-12-06T19:50:09","slug":"libro-la-paciente-silenciosa-alex-michaelides","status":"publish","type":"product","link":"https:\/\/www.argensend.com\/en\/product\/libro-la-paciente-silenciosa-alex-michaelides\/","title":{"rendered":"Libro &#8220;La Paciente Silenciosa&#8221; &#8211; Alex Michaelides"},"content":{"rendered":"","protected":false},"excerpt":{"rendered":"<p>Alicia Berenson, una exitosa pintora, descarga cinco tiros a la cabeza de su marido, y no vuelve a hablar nunca m\u00e1s. Su negativa a pronunciar palabra alguna convierte una tragedia dom\u00e9stica en un misterio que atrapa la imaginaci\u00f3n de toda Inglaterra. Theo Faber, un ambicioso psicoterapeuta forense obsesionado con el caso, est\u00e1 empe\u00f1ado en desentra\u00f1ar el misterio de lo que ocurri\u00f3 aquella noche fatal y consigue un puesto en The Grove, la unidad de seguridad del norte de Londres a la que Alicia fue enviada seis a\u00f1os atr\u00e1s y en la que sigue obstinada en su silencio. Pronto descubre que el mutismo de la paciente est\u00e1 mucho m\u00e1s enraizado de lo que cre\u00eda. Pero, si al final ella hablara, \u00bfestar\u00eda dispuesto a escuchar la verdad? La cr\u00edtica dijo: \u00abEl thriller perfecto. Esta extraordinaria novela hizo que me hirviera la sangre, literalmente no pude dejar de leerla. Me sumerg\u00ed en la lectura y, once horas despu\u00e9s, a las 5.47 de la ma\u00f1ana, la termin\u00e9 absolutamente deslumbrado.\u00bb A. J. Finn (autor de La mujer en la ventana) \u00abInolvidable. Una mezcla de suspenso hitchcockiano, complot de Agatha Christie y tragedia griega.\u00bb Entertainment Weekl \u00abAbsolutamente brillante.\u00bb Stephen Fry \u00abMagn\u00edfico. Este thriller psicol\u00f3gico intrigante y finamente hilado coloca a Michaelides entre los mejores escritores del g\u00e9nero.\u00bb Publishers Weekly \u00abInteligente, imaginativo, excelente.\u00bb The Times (Mejor Libro del Mes) &#8220;Un debut con el ritmo y la agudeza de un verdadero maestro.\u00bb BBC Culture \u00abUna novela tensa, convincente y meticulosamente trazada.\u00bb The Observer \u00abUn impresionante thriller con un final digno de un cl\u00e1sico.\u00bb The Wall Street Journal \u00abOscuro, tenso y de lectura compulsiva.\u00bb Library Journal \u00abImposible dejar de leerlo, escalofriante e intenso, con un toque que har\u00e1 que incluso al lector de suspenso m\u00e1s experimentado le recorra un sudor fr\u00edo.\u00bb Booklist<\/p>","protected":false},"featured_media":118205,"comment_status":"closed","ping_status":"closed","template":"","meta":{"_acf_changed":false,"om_disable_all_campaigns":false,"_monsterinsights_skip_tracking":false,"_monsterinsights_sitenote_active":false,"_monsterinsights_sitenote_note":"","_monsterinsights_sitenote_category":0},"etheme_brands":[],"product_brand":[],"product_cat":[8791,8832,685],"product_tag":[755,10603,752],"class_list":{"0":"post-118204","1":"product","2":"type-product","3":"status-publish","4":"has-post-thumbnail","6":"product_cat-libreria","7":"product_cat-libreria-arte-y-cotillon","8":"product_cat-libros","9":"product_tag-book","10":"product_tag-la-paciente-silenciosa","11":"product_tag-libro","13":"first","14":"instock","15":"taxable","16":"shipping-taxable","17":"purchasable","18":"product-type-simple"},"acf":[],"aioseo_notices":[],"_links":{"self":[{"href":"https:\/\/www.argensend.com\/en\/wp-json\/wp\/v2\/product\/118204","targetHints":{"allow":["GET"]}}],"collection":[{"href":"https:\/\/www.argensend.com\/en\/wp-json\/wp\/v2\/product"}],"about":[{"href":"https:\/\/www.argensend.com\/en\/wp-json\/wp\/v2\/types\/product"}],"replies":[{"embeddable":true,"href":"https:\/\/www.argensend.com\/en\/wp-json\/wp\/v2\/comments?post=118204"}],"version-history":[{"count":1,"href":"https:\/\/www.argensend.com\/en\/wp-json\/wp\/v2\/product\/118204\/revisions"}],"predecessor-version":[{"id":118206,"href":"https:\/\/www.argensend.com\/en\/wp-json\/wp\/v2\/product\/118204\/revisions\/118206"}],"wp:featuredmedia":[{"embeddable":true,"href":"https:\/\/www.argensend.com\/en\/wp-json\/wp\/v2\/media\/118205"}],"wp:attachment":[{"href":"https:\/\/www.argensend.com\/en\/wp-json\/wp\/v2\/media?parent=118204"}],"wp:term":[{"taxonomy":"brand","embeddable":true,"href":"https:\/\/www.argensend.com\/en\/wp-json\/wp\/v2\/etheme_brands?post=118204"},{"taxonomy":"product_brand","embeddable":true,"href":"https:\/\/www.argensend.com\/en\/wp-json\/wp\/v2\/product_brand?post=118204"},{"taxonomy":"product_cat","embeddable":true,"href":"https:\/\/www.argensend.com\/en\/wp-json\/wp\/v2\/product_cat?post=118204"},{"taxonomy":"product_tag","embeddable":true,"href":"https:\/\/www.argensend.com\/en\/wp-json\/wp\/v2\/product_tag?post=118204"}],"curies":[{"name":"wp","href":"https:\/\/api.w.org\/{rel}","templated":true}]}}