{"id":118207,"date":"2024-10-22T13:50:45","date_gmt":"2024-10-22T16:50:45","guid":{"rendered":"https:\/\/www.argensend.com\/?post_type=product&#038;p=118207"},"modified":"2024-12-06T16:50:09","modified_gmt":"2024-12-06T19:50:09","slug":"libro-el-enigma-de-cain-powys-mathers-edward","status":"publish","type":"product","link":"https:\/\/www.argensend.com\/en\/product\/libro-el-enigma-de-cain-powys-mathers-edward\/","title":{"rendered":"Libro &#8220;El Enigma De Ca\u00edn&#8221; &#8211; Powys Mathers, Edward"},"content":{"rendered":"","protected":false},"excerpt":{"rendered":"<p>Edad recomendada: A partir de 15 a\u00f1os. EDWARD POWYS MATHERS TORQUEMADA Edward Powys Mathers 1892-1939 fue un traductor y poeta de ingl\u00e9s, y tambi\u00e9n un pionero en la compilaci\u00f3n de crucigramas cr\u00edpticos avanzados. Powys Mathers naci\u00f3 en Forest Hill, Londres, hijo de Edward Peter Mathers, propietario de un peri\u00f3dico. Fue educado en Loretto School y Trinity College, Oxford. SINOPSIS Seis asesinatos. Cien p\u00e1ginas. Millones de combinaciones posibles, pero solo una es la correcta. Las cien p\u00e1ginas de este libro puzle est\u00e1n desordenadas y contienen seis misterios. Tendr\u00e1s que servirte de la l\u00f3gica y una lectura inteligente para ordenarlas y poder revelar qui\u00e9nes son las v\u00edctimas de los seis cr\u00edmenes y, claro, a sus respectivos asesinos. En 1934 se cre\u00f3 el puzle literario m\u00e1s complicado jam\u00e1s escrito. Ahora, es un fen\u00f3meno viral que ha agotado ediciones en todos los pa\u00edses. Un enigma solo apto para las mentes m\u00e1s inquietas.<\/p>","protected":false},"featured_media":118208,"comment_status":"closed","ping_status":"closed","template":"","meta":{"_acf_changed":false,"om_disable_all_campaigns":false,"_monsterinsights_skip_tracking":false,"_monsterinsights_sitenote_active":false,"_monsterinsights_sitenote_note":"","_monsterinsights_sitenote_category":0},"etheme_brands":[],"product_brand":[],"product_cat":[8791,8832,685],"product_tag":[755,10604,752],"class_list":{"0":"post-118207","1":"product","2":"type-product","3":"status-publish","4":"has-post-thumbnail","6":"product_cat-libreria","7":"product_cat-libreria-arte-y-cotillon","8":"product_cat-libros","9":"product_tag-book","10":"product_tag-el-enigma-de-cain","11":"product_tag-libro","13":"first","14":"instock","15":"taxable","16":"shipping-taxable","17":"purchasable","18":"product-type-simple"},"acf":[],"aioseo_notices":[],"_links":{"self":[{"href":"https:\/\/www.argensend.com\/en\/wp-json\/wp\/v2\/product\/118207","targetHints":{"allow":["GET"]}}],"collection":[{"href":"https:\/\/www.argensend.com\/en\/wp-json\/wp\/v2\/product"}],"about":[{"href":"https:\/\/www.argensend.com\/en\/wp-json\/wp\/v2\/types\/product"}],"replies":[{"embeddable":true,"href":"https:\/\/www.argensend.com\/en\/wp-json\/wp\/v2\/comments?post=118207"}],"version-history":[{"count":1,"href":"https:\/\/www.argensend.com\/en\/wp-json\/wp\/v2\/product\/118207\/revisions"}],"predecessor-version":[{"id":118209,"href":"https:\/\/www.argensend.com\/en\/wp-json\/wp\/v2\/product\/118207\/revisions\/118209"}],"wp:featuredmedia":[{"embeddable":true,"href":"https:\/\/www.argensend.com\/en\/wp-json\/wp\/v2\/media\/118208"}],"wp:attachment":[{"href":"https:\/\/www.argensend.com\/en\/wp-json\/wp\/v2\/media?parent=118207"}],"wp:term":[{"taxonomy":"brand","embeddable":true,"href":"https:\/\/www.argensend.com\/en\/wp-json\/wp\/v2\/etheme_brands?post=118207"},{"taxonomy":"product_brand","embeddable":true,"href":"https:\/\/www.argensend.com\/en\/wp-json\/wp\/v2\/product_brand?post=118207"},{"taxonomy":"product_cat","embeddable":true,"href":"https:\/\/www.argensend.com\/en\/wp-json\/wp\/v2\/product_cat?post=118207"},{"taxonomy":"product_tag","embeddable":true,"href":"https:\/\/www.argensend.com\/en\/wp-json\/wp\/v2\/product_tag?post=118207"}],"curies":[{"name":"wp","href":"https:\/\/api.w.org\/{rel}","templated":true}]}}