{"id":118358,"date":"2024-10-31T13:44:21","date_gmt":"2024-10-31T16:44:21","guid":{"rendered":"https:\/\/www.argensend.com\/?post_type=product&#038;p=118358"},"modified":"2024-12-06T16:50:15","modified_gmt":"2024-12-06T19:50:15","slug":"libro-la-isla-de-la-mujer-dormida-arturo-perez-reverte","status":"publish","type":"product","link":"https:\/\/www.argensend.com\/en\/product\/libro-la-isla-de-la-mujer-dormida-arturo-perez-reverte\/","title":{"rendered":"Libro &#8220;La Isla De La Mujer Dormida&#8221; &#8211; Arturo Perez-reverte"},"content":{"rendered":"","protected":false},"excerpt":{"rendered":"<p>LA ISLA DE LA MUJER DORMIDA<\/p>\n<p>La nueva novela de Arturo P\u00e9rez-Reverte.<\/p>\n<p>Una novela de mar, amor y aventuras en el Egeo durante los a\u00f1os de la Guerra Civil espa\u00f1ola.<\/p>\n<p>Abril de 1937. Mientras en Espa\u00f1a transcurre la guerra civil, el marino mercante Miguel Jord\u00e1n Kyriazis es enviado por el bando sublevado para atacar de modo clandestino el tr\u00e1fico naval que desde la Uni\u00f3n Sovi\u00e9tica transporta ayuda militar para la Rep\u00fablica. En la base de operaciones, una peque\u00f1a isla del mar Egeo, la vida del corsario espa\u00f1ol se cruzar\u00e1 en turbio tri\u00e1ngulo con la de los propietarios, el bar\u00f3n Katelios y su esposa: una seductora mujer madura que busca, con fr\u00eda desesperaci\u00f3n, el modo de escapar a su destino.<\/p>\n<p>La cr\u00edtica ha dicho:<\/p>\n<p>\u00abMe gusta P\u00e9rez-Reverte, me recuerda a Dumas y Salgari\u00bb.<br \/>\nUmberto Eco<\/p>\n<p>\u00abEl novelista m\u00e1s perfecto de la literatura espa\u00f1ola de nuestro tiempo\u00bb.<br \/>\nEl Pa\u00eds<\/p>\n<p>\u00abP\u00e9rez-Reverte sabe c\u00f3mo retener al lector a cada vuelta de p\u00e1gina\u00bb.<br \/>\nThe New York Times Book Review<\/p>\n<p>\u00abArturo P\u00e9rez-Reverte elabora sus novelas como un viejo barman espa\u00f1ol refinado y elegante que se emborrachase de vez en cuando con Corto Malt\u00e9s\u00bb.<br \/>\nMinute<\/p>\n<p>\u00abP\u00e9rez-Reverte ha inventado novelas y g\u00e9neros que no exist\u00edan en Espa\u00f1a\u00bb.<br \/>\nAlexis Grohmann<\/p>\n<p>\u00abLa etapa creativa que est\u00e1 atravesando Arturo P\u00e9rez-Reverte resulta asombrosa\u00bb.<br \/>\nSergio Vila-Sanju\u00e1n, La Vanguardia<\/p>","protected":false},"featured_media":118359,"comment_status":"closed","ping_status":"closed","template":"","meta":{"_acf_changed":false,"om_disable_all_campaigns":false,"_monsterinsights_skip_tracking":false,"_monsterinsights_sitenote_active":false,"_monsterinsights_sitenote_note":"","_monsterinsights_sitenote_category":0},"etheme_brands":[],"product_brand":[],"product_cat":[8791,8832,685],"product_tag":[755,10614,752],"class_list":{"0":"post-118358","1":"product","2":"type-product","3":"status-publish","4":"has-post-thumbnail","6":"product_cat-libreria","7":"product_cat-libreria-arte-y-cotillon","8":"product_cat-libros","9":"product_tag-book","10":"product_tag-la-isla-de-la-mujer-dormida","11":"product_tag-libro","13":"first","14":"instock","15":"taxable","16":"shipping-taxable","17":"purchasable","18":"product-type-simple"},"acf":[],"aioseo_notices":[],"_links":{"self":[{"href":"https:\/\/www.argensend.com\/en\/wp-json\/wp\/v2\/product\/118358","targetHints":{"allow":["GET"]}}],"collection":[{"href":"https:\/\/www.argensend.com\/en\/wp-json\/wp\/v2\/product"}],"about":[{"href":"https:\/\/www.argensend.com\/en\/wp-json\/wp\/v2\/types\/product"}],"replies":[{"embeddable":true,"href":"https:\/\/www.argensend.com\/en\/wp-json\/wp\/v2\/comments?post=118358"}],"version-history":[{"count":1,"href":"https:\/\/www.argensend.com\/en\/wp-json\/wp\/v2\/product\/118358\/revisions"}],"predecessor-version":[{"id":118360,"href":"https:\/\/www.argensend.com\/en\/wp-json\/wp\/v2\/product\/118358\/revisions\/118360"}],"wp:featuredmedia":[{"embeddable":true,"href":"https:\/\/www.argensend.com\/en\/wp-json\/wp\/v2\/media\/118359"}],"wp:attachment":[{"href":"https:\/\/www.argensend.com\/en\/wp-json\/wp\/v2\/media?parent=118358"}],"wp:term":[{"taxonomy":"brand","embeddable":true,"href":"https:\/\/www.argensend.com\/en\/wp-json\/wp\/v2\/etheme_brands?post=118358"},{"taxonomy":"product_brand","embeddable":true,"href":"https:\/\/www.argensend.com\/en\/wp-json\/wp\/v2\/product_brand?post=118358"},{"taxonomy":"product_cat","embeddable":true,"href":"https:\/\/www.argensend.com\/en\/wp-json\/wp\/v2\/product_cat?post=118358"},{"taxonomy":"product_tag","embeddable":true,"href":"https:\/\/www.argensend.com\/en\/wp-json\/wp\/v2\/product_tag?post=118358"}],"curies":[{"name":"wp","href":"https:\/\/api.w.org\/{rel}","templated":true}]}}