{"id":118364,"date":"2024-10-31T13:55:05","date_gmt":"2024-10-31T16:55:05","guid":{"rendered":"https:\/\/www.argensend.com\/?post_type=product&#038;p=118364"},"modified":"2024-12-06T16:50:15","modified_gmt":"2024-12-06T19:50:15","slug":"libro-agenda-2025-ludovica-squirru-dari","status":"publish","type":"product","link":"https:\/\/www.argensend.com\/en\/product\/libro-agenda-2025-ludovica-squirru-dari\/","title":{"rendered":"Libro &#8220;Agenda 2025&#8221; &#8211; Ludovica Squirru Dari"},"content":{"rendered":"","protected":false},"excerpt":{"rendered":"<p>DESCRIPCI\u00d3N:<br \/>\nLa agenda para 2025, el a\u00f1o de la Serpiente de madera, de la autora best seller Ludovica Squirru Dari es un organizador bello y pr\u00e1ctico para programar todo el a\u00f1o. Contiene predicciones y consejos basados en el I Ching para cada mes y cada d\u00eda. Las ilustraciones y vi\u00f1etas son originales, especialmente dibujadas para esta agenda. Es tapa dura, anillada, con semana a la vista y est\u00e1 dise\u00f1ada con mucho espacio y secciones para escribir.<\/p>","protected":false},"featured_media":118365,"comment_status":"closed","ping_status":"closed","template":"","meta":{"_acf_changed":false,"om_disable_all_campaigns":false,"_monsterinsights_skip_tracking":false,"_monsterinsights_sitenote_active":false,"_monsterinsights_sitenote_note":"","_monsterinsights_sitenote_category":0},"etheme_brands":[],"product_brand":[],"product_cat":[8791,8832,685],"product_tag":[10617,755,4189,10615,752,4191,10631],"class_list":{"0":"post-118364","1":"product","2":"type-product","3":"status-publish","4":"has-post-thumbnail","6":"product_cat-libreria","7":"product_cat-libreria-arte-y-cotillon","8":"product_cat-libros","9":"product_tag-agenda-2025","10":"product_tag-book","11":"product_tag-horoscopo","12":"product_tag-horoscopo-chino","13":"product_tag-libro","14":"product_tag-ludovica","15":"product_tag-xmass24","17":"first","18":"instock","19":"taxable","20":"shipping-taxable","21":"purchasable","22":"product-type-simple"},"acf":[],"aioseo_notices":[],"_links":{"self":[{"href":"https:\/\/www.argensend.com\/en\/wp-json\/wp\/v2\/product\/118364","targetHints":{"allow":["GET"]}}],"collection":[{"href":"https:\/\/www.argensend.com\/en\/wp-json\/wp\/v2\/product"}],"about":[{"href":"https:\/\/www.argensend.com\/en\/wp-json\/wp\/v2\/types\/product"}],"replies":[{"embeddable":true,"href":"https:\/\/www.argensend.com\/en\/wp-json\/wp\/v2\/comments?post=118364"}],"version-history":[{"count":1,"href":"https:\/\/www.argensend.com\/en\/wp-json\/wp\/v2\/product\/118364\/revisions"}],"predecessor-version":[{"id":118366,"href":"https:\/\/www.argensend.com\/en\/wp-json\/wp\/v2\/product\/118364\/revisions\/118366"}],"wp:featuredmedia":[{"embeddable":true,"href":"https:\/\/www.argensend.com\/en\/wp-json\/wp\/v2\/media\/118365"}],"wp:attachment":[{"href":"https:\/\/www.argensend.com\/en\/wp-json\/wp\/v2\/media?parent=118364"}],"wp:term":[{"taxonomy":"brand","embeddable":true,"href":"https:\/\/www.argensend.com\/en\/wp-json\/wp\/v2\/etheme_brands?post=118364"},{"taxonomy":"product_brand","embeddable":true,"href":"https:\/\/www.argensend.com\/en\/wp-json\/wp\/v2\/product_brand?post=118364"},{"taxonomy":"product_cat","embeddable":true,"href":"https:\/\/www.argensend.com\/en\/wp-json\/wp\/v2\/product_cat?post=118364"},{"taxonomy":"product_tag","embeddable":true,"href":"https:\/\/www.argensend.com\/en\/wp-json\/wp\/v2\/product_tag?post=118364"}],"curies":[{"name":"wp","href":"https:\/\/api.w.org\/{rel}","templated":true}]}}