{"id":118427,"date":"2024-11-05T11:14:29","date_gmt":"2024-11-05T14:14:29","guid":{"rendered":"https:\/\/www.argensend.com\/?post_type=product&#038;p=118427"},"modified":"2024-12-06T16:50:17","modified_gmt":"2024-12-06T19:50:17","slug":"libro-las-indignas-agustina-bazterrica-2","status":"publish","type":"product","link":"https:\/\/www.argensend.com\/en\/product\/libro-las-indignas-agustina-bazterrica-2\/","title":{"rendered":"Libro &#8220;Las indignas&#8221; &#8211; Agustina Bazterrica"},"content":{"rendered":"<p>&nbsp;<\/p>\n<p>&nbsp;<\/p>","protected":false},"excerpt":{"rendered":"<p>\u00abNadie le dice que no a la Hermana Superior. Nadie que quiera seguir viva\u00bb.<\/p>\n<p>El mundo atraves\u00f3 guerras por el agua y cat\u00e1strofes ambientales. Los d\u00edas pasan de g\u00e9lidos a sofocantes en cuesti\u00f3n de horas, el aire est\u00e1 saturado de olores pestilentes y el cielo se cubre con nieblas espesas y pegajosas como telas de ara\u00f1a. En este presente desolador, confinadas en la Casa de la Hermandad Sagrada, varias mujeres sobreviven sometidas a los designios de un culto religioso y son objeto de torturas y sacrificios en nombre de la iluminaci\u00f3n. Todas se encuentran bajo el mando estricto de la Hermana Superior, por encima de quien solo se erige &#8220;\u00c9l&#8221;. \u00bfQui\u00e9n es \u00c9l? Poco se sabe; nadie puede verlo, pero desde las sombras las domina. Narrado a trav\u00e9s de las anotaciones dispersas del diario en el que la protagonista lleva el registro de las ceremonias y de sus descubrimientos, toma forma este libro de la noche. Sus p\u00e1ginas se ocultan en recovecos secretos, acaso sin esperanza de liberaci\u00f3n; apenas para que alguien sepa de ellas cuando ya no est\u00e9n.<\/p>","protected":false},"featured_media":118428,"comment_status":"closed","ping_status":"closed","template":"","meta":{"_acf_changed":false,"om_disable_all_campaigns":false,"_monsterinsights_skip_tracking":false,"_monsterinsights_sitenote_active":false,"_monsterinsights_sitenote_note":"","_monsterinsights_sitenote_category":0},"etheme_brands":[],"product_brand":[],"product_cat":[8791,8832,685],"product_tag":[10013,755,10012,752],"class_list":{"0":"post-118427","1":"product","2":"type-product","3":"status-publish","4":"has-post-thumbnail","6":"product_cat-libreria","7":"product_cat-libreria-arte-y-cotillon","8":"product_cat-libros","9":"product_tag-agustina-bazterrica","10":"product_tag-book","11":"product_tag-las-indignas","12":"product_tag-libro","14":"first","15":"instock","16":"taxable","17":"shipping-taxable","18":"purchasable","19":"product-type-simple"},"acf":[],"aioseo_notices":[],"_links":{"self":[{"href":"https:\/\/www.argensend.com\/en\/wp-json\/wp\/v2\/product\/118427","targetHints":{"allow":["GET"]}}],"collection":[{"href":"https:\/\/www.argensend.com\/en\/wp-json\/wp\/v2\/product"}],"about":[{"href":"https:\/\/www.argensend.com\/en\/wp-json\/wp\/v2\/types\/product"}],"replies":[{"embeddable":true,"href":"https:\/\/www.argensend.com\/en\/wp-json\/wp\/v2\/comments?post=118427"}],"version-history":[{"count":1,"href":"https:\/\/www.argensend.com\/en\/wp-json\/wp\/v2\/product\/118427\/revisions"}],"predecessor-version":[{"id":118429,"href":"https:\/\/www.argensend.com\/en\/wp-json\/wp\/v2\/product\/118427\/revisions\/118429"}],"wp:featuredmedia":[{"embeddable":true,"href":"https:\/\/www.argensend.com\/en\/wp-json\/wp\/v2\/media\/118428"}],"wp:attachment":[{"href":"https:\/\/www.argensend.com\/en\/wp-json\/wp\/v2\/media?parent=118427"}],"wp:term":[{"taxonomy":"brand","embeddable":true,"href":"https:\/\/www.argensend.com\/en\/wp-json\/wp\/v2\/etheme_brands?post=118427"},{"taxonomy":"product_brand","embeddable":true,"href":"https:\/\/www.argensend.com\/en\/wp-json\/wp\/v2\/product_brand?post=118427"},{"taxonomy":"product_cat","embeddable":true,"href":"https:\/\/www.argensend.com\/en\/wp-json\/wp\/v2\/product_cat?post=118427"},{"taxonomy":"product_tag","embeddable":true,"href":"https:\/\/www.argensend.com\/en\/wp-json\/wp\/v2\/product_tag?post=118427"}],"curies":[{"name":"wp","href":"https:\/\/api.w.org\/{rel}","templated":true}]}}