{"id":118430,"date":"2024-11-05T11:35:28","date_gmt":"2024-11-05T14:35:28","guid":{"rendered":"https:\/\/www.argensend.com\/?post_type=product&#038;p=118430"},"modified":"2024-12-06T16:50:20","modified_gmt":"2024-12-06T19:50:20","slug":"libro-cadaver-exquisito-agustina-bazterrica","status":"publish","type":"product","link":"https:\/\/www.argensend.com\/en\/product\/libro-cadaver-exquisito-agustina-bazterrica\/","title":{"rendered":"Libro &#8220;Cad\u00e1ver exquisito&#8221; &#8211; Agustina Bazterrica"},"content":{"rendered":"<p>&nbsp;<\/p>\n<p>&nbsp;<\/p>","protected":false},"excerpt":{"rendered":"<p>CADAVER EXQUISITO A causa de un virus mortal que afecta a los animales y contagia a los seres humanos, el mundo se ha convertido en un lugar gris, esc\u00e9ptico e inh\u00f3spito, y la sociedad se divide entre aquellos que comen y aquellos que son comidos. El Premio Clar\u00edn 2017 fue otorgado a esta novela mayor, una s\u00f3lida y escalofriante pesadilla futurista en la que el canibalismo es legitimado en gran parte del mundo a causa de un virus que afecta a los animales y resulta mortal para los seres humanos. \u00bfQu\u00e9 resto de humanismo puede caber cuando los cuerpos de los muertos son cremados para evitar su consumo? \u00bfEn qu\u00e9 lugar queda el v\u00ednculo con el otro si, de verdad, somos lo que comemos? En esta despiadada distop\u00eda -tan brutal como sutil, tan aleg\u00f3rica como realista-, Agustina Bazterrica inspira, con el poder explosivo de la ficci\u00f3n, sensaciones y debates de suma actualidad. AGUSTINA BAZTERRICA Naci\u00f3 en Buenos Aires en 1974. Es licenciada en Artes UBA , gestora cultural y jurado de concursos literarios. Public\u00f3 los libros de cuentos Antes del encuentro feroz y Diecinueve garras y un p\u00e1jaro oscuro, y las novelas Matar a la ni\u00f1a y Cad\u00e1ver exquisito, ganadora del Premio Clar\u00edn Alfaguara de Novela en 2017. Con esta \u00faltima, Bazterrica se consolid\u00f3 como una autora best seller a nivel mundial, con m\u00e1s de medio mill\u00f3n de ejemplares vendidos. Publicada por las editoriales m\u00e1s prestigiosas de Francia, Finlandia, Alemania, Inglaterra y Estados Unidos, entre otros pa\u00edses, Cad\u00e1ver exquisito fue traducida a m\u00e1s de veinticinco idiomas y aclamada por los principales medios internacionales. The New York Times, The Guardian, The Wall Street Journal, The Washington Post, Le Monde y O Globo se han hecho eco de este \u00e9xito con excelentes cr\u00edticas a su obra y talento. Actualmente, la novela est\u00e1 siendo adaptada a formato audiovisual. Edad recomendada: Adultos.<\/p>","protected":false},"featured_media":118432,"comment_status":"closed","ping_status":"closed","template":"","meta":{"_acf_changed":false,"om_disable_all_campaigns":false,"_monsterinsights_skip_tracking":false,"_monsterinsights_sitenote_active":false,"_monsterinsights_sitenote_note":"","_monsterinsights_sitenote_category":0},"etheme_brands":[],"product_brand":[],"product_cat":[8791,8832,685],"product_tag":[10013,755,10620,752],"class_list":{"0":"post-118430","1":"product","2":"type-product","3":"status-publish","4":"has-post-thumbnail","6":"product_cat-libreria","7":"product_cat-libreria-arte-y-cotillon","8":"product_cat-libros","9":"product_tag-agustina-bazterrica","10":"product_tag-book","11":"product_tag-cadaver-exquisito","12":"product_tag-libro","14":"first","15":"instock","16":"taxable","17":"shipping-taxable","18":"purchasable","19":"product-type-simple"},"acf":[],"aioseo_notices":[],"_links":{"self":[{"href":"https:\/\/www.argensend.com\/en\/wp-json\/wp\/v2\/product\/118430","targetHints":{"allow":["GET"]}}],"collection":[{"href":"https:\/\/www.argensend.com\/en\/wp-json\/wp\/v2\/product"}],"about":[{"href":"https:\/\/www.argensend.com\/en\/wp-json\/wp\/v2\/types\/product"}],"replies":[{"embeddable":true,"href":"https:\/\/www.argensend.com\/en\/wp-json\/wp\/v2\/comments?post=118430"}],"version-history":[{"count":1,"href":"https:\/\/www.argensend.com\/en\/wp-json\/wp\/v2\/product\/118430\/revisions"}],"predecessor-version":[{"id":118433,"href":"https:\/\/www.argensend.com\/en\/wp-json\/wp\/v2\/product\/118430\/revisions\/118433"}],"wp:featuredmedia":[{"embeddable":true,"href":"https:\/\/www.argensend.com\/en\/wp-json\/wp\/v2\/media\/118432"}],"wp:attachment":[{"href":"https:\/\/www.argensend.com\/en\/wp-json\/wp\/v2\/media?parent=118430"}],"wp:term":[{"taxonomy":"brand","embeddable":true,"href":"https:\/\/www.argensend.com\/en\/wp-json\/wp\/v2\/etheme_brands?post=118430"},{"taxonomy":"product_brand","embeddable":true,"href":"https:\/\/www.argensend.com\/en\/wp-json\/wp\/v2\/product_brand?post=118430"},{"taxonomy":"product_cat","embeddable":true,"href":"https:\/\/www.argensend.com\/en\/wp-json\/wp\/v2\/product_cat?post=118430"},{"taxonomy":"product_tag","embeddable":true,"href":"https:\/\/www.argensend.com\/en\/wp-json\/wp\/v2\/product_tag?post=118430"}],"curies":[{"name":"wp","href":"https:\/\/api.w.org\/{rel}","templated":true}]}}