{"id":118456,"date":"2024-11-06T12:35:39","date_gmt":"2024-11-06T15:35:39","guid":{"rendered":"https:\/\/www.argensend.com\/?post_type=product&#038;p=118456"},"modified":"2025-04-21T17:04:32","modified_gmt":"2025-04-21T20:04:32","slug":"puratos-premezcla-easy-panettone-x5kg","status":"publish","type":"product","link":"https:\/\/www.argensend.com\/en\/product\/puratos-premezcla-easy-panettone-x5kg\/","title":{"rendered":"Puratos &#8211; Premezcla Easy Panettone x5kg"},"content":{"rendered":"","protected":false},"excerpt":{"rendered":"<div class=\"paragraph-fixed-typography-v2 paragraph-fixed-typography\">\n<div class=\"p-editor p-editor-paragraph-small\">\n<p>Premezcla al 20% para la elaboraci\u00f3n de Pan Dulce, Roscas y boller\u00eda. Con Tecnolog\u00eda Melting, lo que aporta una textura diferenciadora al mantener la frescura por m\u00e1s tiempo, una r\u00e1pida disoluci\u00f3n en la boca, migra fibrosa, gran salto de horno y alto rendimiento.<\/p>\n<p>Caracter\u00edsticas del Easy panettone:<\/p>\n<p>&#8211; Premezcla al 20% que ofrece la posibilidad de elaborar una receta Premium o B\u00e1sica a precios m\u00e1s competitivos (Versus Tegral).<br \/>\n&#8211; Otorga gran volumen y tolerancia para soportar alta carga de frutas.<br \/>\n&#8211; Textura diferenciadora gracias a la tecnolog\u00eda Melting incorporada (r\u00e1pida disoluci\u00f3n en boca y gran frescura).<br \/>\n&#8211; Ayuda a la formaci\u00f3n de fibras largas.<br \/>\n&#8211; Productos frescos por m\u00e1s tiempo: 6-9 meses (envasado) en caso de usar la receta Premium. En caso de usar la receta b\u00e1sica: 1 mes.<br \/>\n&#8211; Listo para saborizar: no tiene esencias para que cada cliente se diferencie en sabor.<br \/>\n&#8211; Con antimoho incluido.<\/p>\n<p>Aplicaciones: Pan dulce. Roscas, brioche, donas y churros.<\/p>\n<p>Dosis de uso: 20% sobre el total de harina (5 kg de premezcla cada 25 kg de harina).<\/p>\n<\/div>\n<\/div>","protected":false},"featured_media":118454,"comment_status":"closed","ping_status":"closed","template":"","meta":{"_acf_changed":false,"om_disable_all_campaigns":false,"_monsterinsights_skip_tracking":false,"_monsterinsights_sitenote_active":false,"_monsterinsights_sitenote_note":"","_monsterinsights_sitenote_category":0},"etheme_brands":[],"product_brand":[],"product_cat":[8797],"product_tag":[1831,1835,1650,6565,10623,10622,786,7931,1829,1828,1833],"class_list":{"0":"post-118456","1":"product","2":"type-product","3":"status-publish","4":"has-post-thumbnail","6":"product_cat-premezclas","7":"product_tag-1831","8":"product_tag-25de-mayo","9":"product_tag-mayo","10":"product_tag-mejorador","11":"product_tag-mejorador-de-pan","12":"product_tag-panettone","13":"product_tag-premezcla","14":"product_tag-puratos","15":"product_tag-semana-de-mayo","16":"product_tag-semana-especial","17":"product_tag-semana-festiva","19":"first","20":"instock","21":"taxable","22":"shipping-taxable","23":"purchasable","24":"product-type-simple"},"acf":[],"aioseo_notices":[],"_links":{"self":[{"href":"https:\/\/www.argensend.com\/en\/wp-json\/wp\/v2\/product\/118456","targetHints":{"allow":["GET"]}}],"collection":[{"href":"https:\/\/www.argensend.com\/en\/wp-json\/wp\/v2\/product"}],"about":[{"href":"https:\/\/www.argensend.com\/en\/wp-json\/wp\/v2\/types\/product"}],"replies":[{"embeddable":true,"href":"https:\/\/www.argensend.com\/en\/wp-json\/wp\/v2\/comments?post=118456"}],"version-history":[{"count":1,"href":"https:\/\/www.argensend.com\/en\/wp-json\/wp\/v2\/product\/118456\/revisions"}],"predecessor-version":[{"id":118457,"href":"https:\/\/www.argensend.com\/en\/wp-json\/wp\/v2\/product\/118456\/revisions\/118457"}],"wp:featuredmedia":[{"embeddable":true,"href":"https:\/\/www.argensend.com\/en\/wp-json\/wp\/v2\/media\/118454"}],"wp:attachment":[{"href":"https:\/\/www.argensend.com\/en\/wp-json\/wp\/v2\/media?parent=118456"}],"wp:term":[{"taxonomy":"brand","embeddable":true,"href":"https:\/\/www.argensend.com\/en\/wp-json\/wp\/v2\/etheme_brands?post=118456"},{"taxonomy":"product_brand","embeddable":true,"href":"https:\/\/www.argensend.com\/en\/wp-json\/wp\/v2\/product_brand?post=118456"},{"taxonomy":"product_cat","embeddable":true,"href":"https:\/\/www.argensend.com\/en\/wp-json\/wp\/v2\/product_cat?post=118456"},{"taxonomy":"product_tag","embeddable":true,"href":"https:\/\/www.argensend.com\/en\/wp-json\/wp\/v2\/product_tag?post=118456"}],"curies":[{"name":"wp","href":"https:\/\/api.w.org\/{rel}","templated":true}]}}