{"id":118467,"date":"2024-11-06T13:49:52","date_gmt":"2024-11-06T16:49:52","guid":{"rendered":"https:\/\/www.argensend.com\/?post_type=product&#038;p=118467"},"modified":"2024-12-06T16:50:21","modified_gmt":"2024-12-06T19:50:21","slug":"paloma-herrera-edp-paloma-herrera-fantasy-x-100-ml","status":"publish","type":"product","link":"https:\/\/www.argensend.com\/en\/product\/paloma-herrera-edp-paloma-herrera-fantasy-x-100-ml\/","title":{"rendered":"Paloma Herrera &#8211; EDP Paloma Herrera Fantasy x 100 ml"},"content":{"rendered":"","protected":false},"excerpt":{"rendered":"<div class=\"MuiBox-root natds153 natds60 natds152\">\n<h2 class=\"MuiTypography-root natds151 MuiTypography-h1 MuiTypography-colorTextPrimary MuiTypography-alignLeft\">Una propuesta fresca, llena de energ\u00eda y vida que llega para revitalizar a la mujer que la lleve. Una fantas\u00eda que nos adentra en el mundo de Paloma, quien en esta oportunidad nos deleita con toda la gracia, precisi\u00f3n y excelencia de su baile. Fluida, espont\u00e1nea y sobre todo, genuina, nos envuelve con una ilusi\u00f3n maravillosa. Las notas de salida, lima, naranja y pera, junto a notas de cuerpo como jazm\u00edn, tuberosa y muguet, revelan un sutil final de \u00e1mbar, musk y cedro.<\/h2>\n<\/div>","protected":false},"featured_media":118468,"comment_status":"closed","ping_status":"closed","template":"","meta":{"_acf_changed":false,"om_disable_all_campaigns":false,"_monsterinsights_skip_tracking":false,"_monsterinsights_sitenote_active":false,"_monsterinsights_sitenote_note":"","_monsterinsights_sitenote_category":0},"etheme_brands":[],"product_brand":[],"product_cat":[8818],"product_tag":[203,234,224,1855,1612,2014,10101,8767,10624,1159],"class_list":{"0":"post-118467","1":"product","2":"type-product","3":"status-publish","4":"has-post-thumbnail","6":"product_cat-perfumeria","7":"product_tag-argentina","8":"product_tag-argentine","9":"product_tag-argentino","10":"product_tag-bano","11":"product_tag-belleza","12":"product_tag-colonia","13":"product_tag-edp","14":"product_tag-fantasy","15":"product_tag-paloma-herrera","16":"product_tag-perfume","18":"first","19":"instock","20":"taxable","21":"shipping-taxable","22":"purchasable","23":"product-type-simple"},"acf":[],"aioseo_notices":[],"_links":{"self":[{"href":"https:\/\/www.argensend.com\/en\/wp-json\/wp\/v2\/product\/118467","targetHints":{"allow":["GET"]}}],"collection":[{"href":"https:\/\/www.argensend.com\/en\/wp-json\/wp\/v2\/product"}],"about":[{"href":"https:\/\/www.argensend.com\/en\/wp-json\/wp\/v2\/types\/product"}],"replies":[{"embeddable":true,"href":"https:\/\/www.argensend.com\/en\/wp-json\/wp\/v2\/comments?post=118467"}],"version-history":[{"count":2,"href":"https:\/\/www.argensend.com\/en\/wp-json\/wp\/v2\/product\/118467\/revisions"}],"predecessor-version":[{"id":118470,"href":"https:\/\/www.argensend.com\/en\/wp-json\/wp\/v2\/product\/118467\/revisions\/118470"}],"wp:featuredmedia":[{"embeddable":true,"href":"https:\/\/www.argensend.com\/en\/wp-json\/wp\/v2\/media\/118468"}],"wp:attachment":[{"href":"https:\/\/www.argensend.com\/en\/wp-json\/wp\/v2\/media?parent=118467"}],"wp:term":[{"taxonomy":"brand","embeddable":true,"href":"https:\/\/www.argensend.com\/en\/wp-json\/wp\/v2\/etheme_brands?post=118467"},{"taxonomy":"product_brand","embeddable":true,"href":"https:\/\/www.argensend.com\/en\/wp-json\/wp\/v2\/product_brand?post=118467"},{"taxonomy":"product_cat","embeddable":true,"href":"https:\/\/www.argensend.com\/en\/wp-json\/wp\/v2\/product_cat?post=118467"},{"taxonomy":"product_tag","embeddable":true,"href":"https:\/\/www.argensend.com\/en\/wp-json\/wp\/v2\/product_tag?post=118467"}],"curies":[{"name":"wp","href":"https:\/\/api.w.org\/{rel}","templated":true}]}}