{"id":118471,"date":"2024-11-06T13:56:54","date_gmt":"2024-11-06T16:56:54","guid":{"rendered":"https:\/\/www.argensend.com\/?post_type=product&#038;p=118471"},"modified":"2024-12-06T16:50:21","modified_gmt":"2024-12-06T19:50:21","slug":"paloma-herrera-edp-paloma-herrera-passion-x-100-ml","status":"publish","type":"product","link":"https:\/\/www.argensend.com\/en\/product\/paloma-herrera-edp-paloma-herrera-passion-x-100-ml\/","title":{"rendered":"Paloma Herrera &#8211; EDP Paloma Herrera Passion x 100 ml"},"content":{"rendered":"","protected":false},"excerpt":{"rendered":"<div class=\"MuiBox-root natds153 natds60 natds152\">\n<h2 class=\"MuiTypography-root natds151 MuiTypography-h1 MuiTypography-colorTextPrimary MuiTypography-alignLeft\">La fragancia m\u00e1s apasionada. Fragancia floral frutada. Lima, bergamota y durazno, en sofisticada armon\u00eda junto a rosas, jazmines y tuberosa. Final de S\u00e1ndalo y vainilla.<\/h2>\n<\/div>","protected":false},"featured_media":0,"comment_status":"closed","ping_status":"closed","template":"","meta":{"_acf_changed":false,"om_disable_all_campaigns":false,"_monsterinsights_skip_tracking":false,"_monsterinsights_sitenote_active":false,"_monsterinsights_sitenote_note":"","_monsterinsights_sitenote_category":0},"etheme_brands":[],"product_brand":[],"product_cat":[8818],"product_tag":[203,234,224,1855,1612,2014,10101,10624,7114,1159],"class_list":{"0":"post-118471","1":"product","2":"type-product","3":"status-publish","5":"product_cat-perfumeria","6":"product_tag-argentina","7":"product_tag-argentine","8":"product_tag-argentino","9":"product_tag-bano","10":"product_tag-belleza","11":"product_tag-colonia","12":"product_tag-edp","13":"product_tag-paloma-herrera","14":"product_tag-passion","15":"product_tag-perfume","17":"first","18":"instock","19":"taxable","20":"shipping-taxable","21":"purchasable","22":"product-type-simple"},"acf":[],"aioseo_notices":[],"_links":{"self":[{"href":"https:\/\/www.argensend.com\/en\/wp-json\/wp\/v2\/product\/118471","targetHints":{"allow":["GET"]}}],"collection":[{"href":"https:\/\/www.argensend.com\/en\/wp-json\/wp\/v2\/product"}],"about":[{"href":"https:\/\/www.argensend.com\/en\/wp-json\/wp\/v2\/types\/product"}],"replies":[{"embeddable":true,"href":"https:\/\/www.argensend.com\/en\/wp-json\/wp\/v2\/comments?post=118471"}],"version-history":[{"count":1,"href":"https:\/\/www.argensend.com\/en\/wp-json\/wp\/v2\/product\/118471\/revisions"}],"predecessor-version":[{"id":118473,"href":"https:\/\/www.argensend.com\/en\/wp-json\/wp\/v2\/product\/118471\/revisions\/118473"}],"wp:attachment":[{"href":"https:\/\/www.argensend.com\/en\/wp-json\/wp\/v2\/media?parent=118471"}],"wp:term":[{"taxonomy":"brand","embeddable":true,"href":"https:\/\/www.argensend.com\/en\/wp-json\/wp\/v2\/etheme_brands?post=118471"},{"taxonomy":"product_brand","embeddable":true,"href":"https:\/\/www.argensend.com\/en\/wp-json\/wp\/v2\/product_brand?post=118471"},{"taxonomy":"product_cat","embeddable":true,"href":"https:\/\/www.argensend.com\/en\/wp-json\/wp\/v2\/product_cat?post=118471"},{"taxonomy":"product_tag","embeddable":true,"href":"https:\/\/www.argensend.com\/en\/wp-json\/wp\/v2\/product_tag?post=118471"}],"curies":[{"name":"wp","href":"https:\/\/api.w.org\/{rel}","templated":true}]}}