{"id":118499,"date":"2024-11-07T11:37:06","date_gmt":"2024-11-07T14:37:06","guid":{"rendered":"https:\/\/www.argensend.com\/?post_type=product&#038;p=118499"},"modified":"2025-08-19T13:32:04","modified_gmt":"2025-08-19T16:32:04","slug":"body-mist-home-spa-moon-tutti-x-125-ml","status":"publish","type":"product","link":"https:\/\/www.argensend.com\/en\/product\/body-mist-home-spa-moon-tutti-x-125-ml\/","title":{"rendered":"Body Mist Home Spa &#8211;  Moon Tutti x 125 ml"},"content":{"rendered":"","protected":false},"excerpt":{"rendered":"<p>Body Mist Home Spa Moon Tutti x 125 ml.<\/p>\n<p>Body Mist con Perlas.<\/p>\n<p>Fragancia: Moon &#8211; Tutti Frutti.<\/p>\n<p>Un c\u00f3ctel de frutas tropicales delicioso y tentador, una fragancia dulce y atrayente. Sus perlas dejan destellos de brillo\u00a0en\u00a0tu\u00a0piel.<\/p>\n<p>En un spray ligero dise\u00f1ado con un envase atomizador perfectos para aplic\u00e1rtelos en el cuerpo m\u00e1s de una vez al d\u00eda y que el secreto para deleitar tus sentidos y tener una piel delicadamente perfumada.<\/p>\n<h3>MODO DE USO:<\/h3>\n<p>Rociar el cuerpo a 5 cm de distancia, y dejar secar. Repetir las veces\u00a0que\u00a0se\u00a0desee.<\/p>\n<p>Nuestros productos est\u00e1n desarrollados para ser disfrutados con todos los sentidos. Texturas innovadoras, aromas que te transportan y te envuelven. Una experiencia que te conecta con lo que tu cuerpo\u00a0necesita.<\/p>","protected":false},"featured_media":118500,"comment_status":"closed","ping_status":"closed","template":"","meta":{"_acf_changed":false,"om_disable_all_campaigns":false,"_monsterinsights_skip_tracking":false,"_monsterinsights_sitenote_active":false,"_monsterinsights_sitenote_note":"","_monsterinsights_sitenote_category":0},"etheme_brands":[],"product_brand":[],"product_cat":[8818],"product_tag":[203,234,224,1855,1612,1057,10627,10628,3014,873,7032,4007,9172,199,9173,5229],"class_list":{"0":"post-118499","1":"product","2":"type-product","3":"status-publish","4":"has-post-thumbnail","6":"product_cat-perfumeria","7":"product_tag-argentina","8":"product_tag-argentine","9":"product_tag-argentino","10":"product_tag-bano","11":"product_tag-belleza","12":"product_tag-body","13":"product_tag-body-mist","14":"product_tag-body-splash","15":"product_tag-cream","16":"product_tag-dama","17":"product_tag-drama","18":"product_tag-hogar","19":"product_tag-macadamia","20":"product_tag-mujer","21":"product_tag-splash","22":"product_tag-spray","24":"first","25":"instock","26":"taxable","27":"shipping-taxable","28":"purchasable","29":"product-type-simple"},"acf":[],"aioseo_notices":[],"_links":{"self":[{"href":"https:\/\/www.argensend.com\/en\/wp-json\/wp\/v2\/product\/118499","targetHints":{"allow":["GET"]}}],"collection":[{"href":"https:\/\/www.argensend.com\/en\/wp-json\/wp\/v2\/product"}],"about":[{"href":"https:\/\/www.argensend.com\/en\/wp-json\/wp\/v2\/types\/product"}],"replies":[{"embeddable":true,"href":"https:\/\/www.argensend.com\/en\/wp-json\/wp\/v2\/comments?post=118499"}],"version-history":[{"count":1,"href":"https:\/\/www.argensend.com\/en\/wp-json\/wp\/v2\/product\/118499\/revisions"}],"predecessor-version":[{"id":118501,"href":"https:\/\/www.argensend.com\/en\/wp-json\/wp\/v2\/product\/118499\/revisions\/118501"}],"wp:featuredmedia":[{"embeddable":true,"href":"https:\/\/www.argensend.com\/en\/wp-json\/wp\/v2\/media\/118500"}],"wp:attachment":[{"href":"https:\/\/www.argensend.com\/en\/wp-json\/wp\/v2\/media?parent=118499"}],"wp:term":[{"taxonomy":"brand","embeddable":true,"href":"https:\/\/www.argensend.com\/en\/wp-json\/wp\/v2\/etheme_brands?post=118499"},{"taxonomy":"product_brand","embeddable":true,"href":"https:\/\/www.argensend.com\/en\/wp-json\/wp\/v2\/product_brand?post=118499"},{"taxonomy":"product_cat","embeddable":true,"href":"https:\/\/www.argensend.com\/en\/wp-json\/wp\/v2\/product_cat?post=118499"},{"taxonomy":"product_tag","embeddable":true,"href":"https:\/\/www.argensend.com\/en\/wp-json\/wp\/v2\/product_tag?post=118499"}],"curies":[{"name":"wp","href":"https:\/\/api.w.org\/{rel}","templated":true}]}}