{"id":118511,"date":"2024-11-07T11:59:18","date_gmt":"2024-11-07T14:59:18","guid":{"rendered":"https:\/\/www.argensend.com\/?post_type=product&#038;p=118511"},"modified":"2024-12-06T16:50:23","modified_gmt":"2024-12-06T19:50:23","slug":"giesso-edt-giesso-esencia-x-60-ml","status":"publish","type":"product","link":"https:\/\/www.argensend.com\/en\/product\/giesso-edt-giesso-esencia-x-60-ml\/","title":{"rendered":"GIESSO &#8211; EDT Giesso Esencia x 60 ml"},"content":{"rendered":"","protected":false},"excerpt":{"rendered":"<p>La nueva Fragancia Esencia captura el esp\u00edritu del hombre Giesso: Actual, Inquieto, Vibrante y con un equilibrio entre lo Cl\u00e1sico e Innovador. Atento a los detalles y en armon\u00eda con su entorno. Sutil en percepci\u00f3n y profundo en concepto. Esencia es un desarrollo nacional con esencias importadas directamente de Francia, una Fragancia con mucha persistencia en la piel confirmando la calidad de la marca. Su Fragancia es de salida muy fresca y a la vez sumamente elegante, donde se combinan acordes de naranja, pomelo y lim\u00f3n; pimienta, nuez moscada, menta y rosa. Con Cuerpo de madera de cedro, vetiver, jengibre y jazm\u00edn, acordes llenos de energ\u00eda e intensa masculinidad. La Base de la fragancia contiene matices de patchouli, incienso y s\u00e1ndalo.<\/p>","protected":false},"featured_media":118512,"comment_status":"closed","ping_status":"closed","template":"","meta":{"_acf_changed":false,"om_disable_all_campaigns":false,"_monsterinsights_skip_tracking":false,"_monsterinsights_sitenote_active":false,"_monsterinsights_sitenote_note":"","_monsterinsights_sitenote_category":0},"etheme_brands":[],"product_brand":[],"product_cat":[8818],"product_tag":[203,1855,1612,2014,10629,1159],"class_list":{"0":"post-118511","1":"product","2":"type-product","3":"status-publish","4":"has-post-thumbnail","6":"product_cat-perfumeria","7":"product_tag-argentina","8":"product_tag-bano","9":"product_tag-belleza","10":"product_tag-colonia","11":"product_tag-giesso","12":"product_tag-perfume","14":"first","15":"instock","16":"taxable","17":"shipping-taxable","18":"purchasable","19":"product-type-simple"},"acf":[],"aioseo_notices":[],"_links":{"self":[{"href":"https:\/\/www.argensend.com\/en\/wp-json\/wp\/v2\/product\/118511","targetHints":{"allow":["GET"]}}],"collection":[{"href":"https:\/\/www.argensend.com\/en\/wp-json\/wp\/v2\/product"}],"about":[{"href":"https:\/\/www.argensend.com\/en\/wp-json\/wp\/v2\/types\/product"}],"replies":[{"embeddable":true,"href":"https:\/\/www.argensend.com\/en\/wp-json\/wp\/v2\/comments?post=118511"}],"version-history":[{"count":1,"href":"https:\/\/www.argensend.com\/en\/wp-json\/wp\/v2\/product\/118511\/revisions"}],"predecessor-version":[{"id":118513,"href":"https:\/\/www.argensend.com\/en\/wp-json\/wp\/v2\/product\/118511\/revisions\/118513"}],"wp:featuredmedia":[{"embeddable":true,"href":"https:\/\/www.argensend.com\/en\/wp-json\/wp\/v2\/media\/118512"}],"wp:attachment":[{"href":"https:\/\/www.argensend.com\/en\/wp-json\/wp\/v2\/media?parent=118511"}],"wp:term":[{"taxonomy":"brand","embeddable":true,"href":"https:\/\/www.argensend.com\/en\/wp-json\/wp\/v2\/etheme_brands?post=118511"},{"taxonomy":"product_brand","embeddable":true,"href":"https:\/\/www.argensend.com\/en\/wp-json\/wp\/v2\/product_brand?post=118511"},{"taxonomy":"product_cat","embeddable":true,"href":"https:\/\/www.argensend.com\/en\/wp-json\/wp\/v2\/product_cat?post=118511"},{"taxonomy":"product_tag","embeddable":true,"href":"https:\/\/www.argensend.com\/en\/wp-json\/wp\/v2\/product_tag?post=118511"}],"curies":[{"name":"wp","href":"https:\/\/api.w.org\/{rel}","templated":true}]}}