{"id":118731,"date":"2024-11-27T11:41:33","date_gmt":"2024-11-27T14:41:33","guid":{"rendered":"https:\/\/www.argensend.com\/?post_type=product&#038;p=118731"},"modified":"2024-12-06T16:50:28","modified_gmt":"2024-12-06T19:50:28","slug":"libro-las-mujeres-de-mi-vida-maitena","status":"publish","type":"product","link":"https:\/\/www.argensend.com\/en\/product\/libro-las-mujeres-de-mi-vida-maitena\/","title":{"rendered":"Libro &#8220;Las Mujeres De Mi Vida&#8221; &#8211; Maitena"},"content":{"rendered":"","protected":false},"excerpt":{"rendered":"<p>LAS MUJERES DE MI VIDA<\/p>\n<p>En 2022 Maitena mont\u00f3 una muestra, &#8220;Las mujeres de mi vida&#8221;, con un recorrido por sus grandes \u00e9xitos, Mujeres Alteradas, Superadas y Curvas Peligrosas, que incluy\u00f3 material muy \u00edntimo: originales, bocetos, piezas in\u00e9ditas. Fue la celebraci\u00f3n de una trayectoria dedicada al humor, a la historieta y a las mujeres. Este libro concentra y expande ese evento y cuenta adem\u00e1s con textos cr\u00edticos que nos invitan a revisitar su obra repensando los temas que aborda desde siempre: la maternidad, el trabajo, la pareja, el cuerpo. Y deja claro que se trata de un cl\u00e1sico. Porque no s\u00f3lo nos permite descifrar una zona fundamental de la historia del feminismo cuando era una lucha de pocas, una palabra temida y negada: nos sigue haciendo re\u00edr con una risa que ilumina aspectos de nuestras propias vidas hoy. El humor de Maitena es a veces tierno, a veces transgresor, siempre inteligente y a la vez accesible para todo el mundo. Y logra lo que muy pocos: condensa en pocas vi\u00f1etas, con claridad total, cuestiones que suelen necesitar de bibliotecas enteras para ser entendidas.<\/p>\n<p>La cr\u00edtica dijo:<br \/>\n\u00abGenio femenino del humor, soci\u00f3loga de la vida cotidiana, alta exponente de la historieta latinoamericana, pionera y madre de dibujantas. Estos son algunos de los t\u00edtulos que le han otorgado los millones de lectores y lectoras alrededor del mundo. Por primera vez, Maitena abre su monumental archivo que contiene m\u00e1s de tres d\u00e9cadas de trabajo explorando lo m\u00e1s gracioso de lo m\u00e1s tremendo.\u00bb<br \/>\nLiliana Viola<\/p>\n<p>\u00abLa mejor definici\u00f3n que se me ocurre para Maitena es que no tiene pelos en el plum\u00edn. Espont\u00e1nea y directa, Maitena no pretende ser un &#8216;espejo que refleja la realidad&#8217;. Por el contrario, ella agarra la realidad con espejo y todo, y nos la tira por la cabeza. Lo cual no solo es original\u00edsimo sino tambi\u00e9n saludable.\u00bb<br \/>\nQuino<\/p>\n<p>\u00ab\u00c1cida, implacable, aguda y temible como un espadach\u00edn&#8230; Maitena no perdona. Ella, la perturbadora, ha venido a demostrar que hay un humor femenino lleno de iron\u00eda, de inteligencia, de sagacidad que es, tambi\u00e9n, una prueba de amor y piedad.\u00bb<br \/>\nCristina Peri Rossi<\/p>","protected":false},"featured_media":118732,"comment_status":"closed","ping_status":"closed","template":"","meta":{"_acf_changed":false,"om_disable_all_campaigns":false,"_monsterinsights_skip_tracking":false,"_monsterinsights_sitenote_active":false,"_monsterinsights_sitenote_note":"","_monsterinsights_sitenote_category":0},"etheme_brands":[],"product_brand":[],"product_cat":[8791,8832,685],"product_tag":[755,10634,752,10633],"class_list":{"0":"post-118731","1":"product","2":"type-product","3":"status-publish","4":"has-post-thumbnail","6":"product_cat-libreria","7":"product_cat-libreria-arte-y-cotillon","8":"product_cat-libros","9":"product_tag-book","10":"product_tag-las-mujeres-de-mi-vida","11":"product_tag-libro","12":"product_tag-maitena","14":"first","15":"instock","16":"taxable","17":"shipping-taxable","18":"purchasable","19":"product-type-simple"},"acf":[],"aioseo_notices":[],"_links":{"self":[{"href":"https:\/\/www.argensend.com\/en\/wp-json\/wp\/v2\/product\/118731","targetHints":{"allow":["GET"]}}],"collection":[{"href":"https:\/\/www.argensend.com\/en\/wp-json\/wp\/v2\/product"}],"about":[{"href":"https:\/\/www.argensend.com\/en\/wp-json\/wp\/v2\/types\/product"}],"replies":[{"embeddable":true,"href":"https:\/\/www.argensend.com\/en\/wp-json\/wp\/v2\/comments?post=118731"}],"version-history":[{"count":1,"href":"https:\/\/www.argensend.com\/en\/wp-json\/wp\/v2\/product\/118731\/revisions"}],"predecessor-version":[{"id":118733,"href":"https:\/\/www.argensend.com\/en\/wp-json\/wp\/v2\/product\/118731\/revisions\/118733"}],"wp:featuredmedia":[{"embeddable":true,"href":"https:\/\/www.argensend.com\/en\/wp-json\/wp\/v2\/media\/118732"}],"wp:attachment":[{"href":"https:\/\/www.argensend.com\/en\/wp-json\/wp\/v2\/media?parent=118731"}],"wp:term":[{"taxonomy":"brand","embeddable":true,"href":"https:\/\/www.argensend.com\/en\/wp-json\/wp\/v2\/etheme_brands?post=118731"},{"taxonomy":"product_brand","embeddable":true,"href":"https:\/\/www.argensend.com\/en\/wp-json\/wp\/v2\/product_brand?post=118731"},{"taxonomy":"product_cat","embeddable":true,"href":"https:\/\/www.argensend.com\/en\/wp-json\/wp\/v2\/product_cat?post=118731"},{"taxonomy":"product_tag","embeddable":true,"href":"https:\/\/www.argensend.com\/en\/wp-json\/wp\/v2\/product_tag?post=118731"}],"curies":[{"name":"wp","href":"https:\/\/api.w.org\/{rel}","templated":true}]}}