{"id":118737,"date":"2024-11-28T09:50:54","date_gmt":"2024-11-28T12:50:54","guid":{"rendered":"https:\/\/www.argensend.com\/?post_type=product&#038;p=118737"},"modified":"2024-12-06T16:50:28","modified_gmt":"2024-12-06T19:50:28","slug":"libro-mujeres-alteradas-2-maitena","status":"publish","type":"product","link":"https:\/\/www.argensend.com\/en\/product\/libro-mujeres-alteradas-2-maitena\/","title":{"rendered":"Libro &#8220;Mujeres Alteradas 2&#8221; &#8211; Maitena"},"content":{"rendered":"","protected":false},"excerpt":{"rendered":"<p>A pesar de los grandes cambios que ha experimentado la vida de la mujer en d\u00e9cadas recientes, pareciera ser que las emociones y los v\u00ednculos fundamentales que ellas m\u00e1s valoran no se han modificado sustancialmente. Esta es la mirada que la autora de estas breves historias gr\u00e1ficas presenta al abordar temas tales como la soledad, las expectativas amorosas y la ingenuidad en un mundo que no est\u00e1 dispuesto a perdonar ninguna debilidad. Estas vi\u00f1etas, que parecieron por primera vez en las p\u00e1ginas de la revista femenina argentina Para ti, hoy son publicadas en medios de prensa brasileros, catalanes, espa\u00f1oles, franceses, griegos, italianos y portugueses. Este libro ilustrado es el segundo de una serie donde su autora retrata la vida de la mujer actual con gran agudeza, mucha sabidur\u00eda y un gran sentido del humor.<\/p>\n<p>La cr\u00edtica dijo:<br \/>\n\u00abGenio femenino del humor, soci\u00f3loga de la vida cotidiana, alta exponente de la historieta latinoamericana, pionera y madre de dibujantas. Estos son algunos de los t\u00edtulos que le han otorgado los millones de lectores y lectoras alrededor del mundo. Por primera vez, Maitena abre su monumental archivo que contiene m\u00e1s de tres d\u00e9cadas de trabajo explorando lo m\u00e1s gracioso de lo m\u00e1s tremendo.\u00bb<br \/>\nLiliana Viola<\/p>\n<p>\u00abLa mejor definici\u00f3n que se me ocurre para Maitena es que no tiene pelos en el plum\u00edn. Espont\u00e1nea y directa, Maitena no pretende ser un &#8216;espejo que refleja la realidad&#8217;. Por el contrario, ella agarra la realidad con espejo y todo, y nos la tira por la cabeza. Lo cual no solo es original\u00edsimo sino tambi\u00e9n saludable.\u00bb<br \/>\nQuino<\/p>\n<p>\u00ab\u00c1cida, implacable, aguda y temible como un espadach\u00edn&#8230; Maitena no perdona. Ella, la perturbadora, ha venido a demostrar que hay un humor femenino lleno de iron\u00eda, de inteligencia, de sagacidad que es, tambi\u00e9n, una prueba de amor y piedad.\u00bb<br \/>\nCristina Peri Rossi<\/p>","protected":false},"featured_media":118738,"comment_status":"closed","ping_status":"closed","template":"","meta":{"_acf_changed":false,"om_disable_all_campaigns":false,"_monsterinsights_skip_tracking":false,"_monsterinsights_sitenote_active":false,"_monsterinsights_sitenote_note":"","_monsterinsights_sitenote_category":0},"etheme_brands":[],"product_brand":[],"product_cat":[8791,8832,685],"product_tag":[755,752,10633,10635],"class_list":{"0":"post-118737","1":"product","2":"type-product","3":"status-publish","4":"has-post-thumbnail","6":"product_cat-libreria","7":"product_cat-libreria-arte-y-cotillon","8":"product_cat-libros","9":"product_tag-book","10":"product_tag-libro","11":"product_tag-maitena","12":"product_tag-mujeres-alteradas","14":"first","15":"instock","16":"taxable","17":"shipping-taxable","18":"purchasable","19":"product-type-simple"},"acf":[],"aioseo_notices":[],"_links":{"self":[{"href":"https:\/\/www.argensend.com\/en\/wp-json\/wp\/v2\/product\/118737","targetHints":{"allow":["GET"]}}],"collection":[{"href":"https:\/\/www.argensend.com\/en\/wp-json\/wp\/v2\/product"}],"about":[{"href":"https:\/\/www.argensend.com\/en\/wp-json\/wp\/v2\/types\/product"}],"replies":[{"embeddable":true,"href":"https:\/\/www.argensend.com\/en\/wp-json\/wp\/v2\/comments?post=118737"}],"version-history":[{"count":1,"href":"https:\/\/www.argensend.com\/en\/wp-json\/wp\/v2\/product\/118737\/revisions"}],"predecessor-version":[{"id":118739,"href":"https:\/\/www.argensend.com\/en\/wp-json\/wp\/v2\/product\/118737\/revisions\/118739"}],"wp:featuredmedia":[{"embeddable":true,"href":"https:\/\/www.argensend.com\/en\/wp-json\/wp\/v2\/media\/118738"}],"wp:attachment":[{"href":"https:\/\/www.argensend.com\/en\/wp-json\/wp\/v2\/media?parent=118737"}],"wp:term":[{"taxonomy":"brand","embeddable":true,"href":"https:\/\/www.argensend.com\/en\/wp-json\/wp\/v2\/etheme_brands?post=118737"},{"taxonomy":"product_brand","embeddable":true,"href":"https:\/\/www.argensend.com\/en\/wp-json\/wp\/v2\/product_brand?post=118737"},{"taxonomy":"product_cat","embeddable":true,"href":"https:\/\/www.argensend.com\/en\/wp-json\/wp\/v2\/product_cat?post=118737"},{"taxonomy":"product_tag","embeddable":true,"href":"https:\/\/www.argensend.com\/en\/wp-json\/wp\/v2\/product_tag?post=118737"}],"curies":[{"name":"wp","href":"https:\/\/api.w.org\/{rel}","templated":true}]}}