{"id":119366,"date":"2024-12-09T12:25:18","date_gmt":"2024-12-09T15:25:18","guid":{"rendered":"https:\/\/www.argensend.com\/?post_type=product&#038;p=119366"},"modified":"2025-04-28T11:40:02","modified_gmt":"2025-04-28T14:40:02","slug":"mantecol-lingote-x-500g-sin-tacc","status":"publish","type":"product","link":"https:\/\/www.argensend.com\/en\/product\/mantecol-lingote-x-500g-sin-tacc\/","title":{"rendered":"Mantecol &#8211; Lingote X 500g Sin Tacc"},"content":{"rendered":"<p>Mantecol Lingote X 500g Sin Tacc<\/p>\n<p>Disfruta del delicioso Mantecol Lingote de 500g, una exquisita golosina de la reconocida marca Mondelez. Este turr\u00f3n de pasta de man\u00ed, enriquecido con cacao, es perfecto para quienes buscan una opci\u00f3n libre de gluten. Aunque no es libre de lactosa ni de az\u00facar, su sabor inigualable lo convierte en una elecci\u00f3n irresistible para cualquier ocasi\u00f3n. Ideal para compartir en reuniones o como un capricho personal. Recuerda que puedes agregar m\u00e1s productos de reposter\u00eda, descartables, cotill\u00f3n y golosinas en el mismo env\u00edo, y lo cobramos una sola vez. \u00a1No te quedes sin probarlo!<\/p>","protected":false},"excerpt":{"rendered":"<p>Mantecol Lingote X 500g Sin Tacc Disfruta del delicioso Mantecol Lingote de 500g, una exquisita golosina de la reconocida marca Mondelez. Este turr\u00f3n de pasta&#8230;<\/p>","protected":false},"featured_media":119367,"comment_status":"closed","ping_status":"closed","template":"","meta":{"_acf_changed":false,"om_disable_all_campaigns":false,"_monsterinsights_skip_tracking":false,"_monsterinsights_sitenote_active":false,"_monsterinsights_sitenote_note":"","_monsterinsights_sitenote_category":0},"etheme_brands":[],"product_brand":[],"product_cat":[78,2165,373,2993],"product_tag":[230,231,203,234,4294,235,236,232,233,5598,675,4339,9447,1442,10631],"class_list":{"0":"post-119366","1":"product","2":"type-product","3":"status-publish","4":"has-post-thumbnail","6":"product_cat-golosinas","7":"product_cat-navidad","8":"product_cat-snacks","9":"product_cat-snacks-dulces","10":"product_tag-alimento","11":"product_tag-alimentos","12":"product_tag-argentina","13":"product_tag-argentine","14":"product_tag-christmas","15":"product_tag-delicias","16":"product_tag-delicious","17":"product_tag-food","18":"product_tag-foods","19":"product_tag-mantecol","20":"product_tag-navidad","21":"product_tag-peanut","22":"product_tag-x-mas","23":"product_tag-xmas","24":"product_tag-xmass24","26":"first","27":"outofstock","28":"taxable","29":"shipping-taxable","30":"purchasable","31":"product-type-simple"},"acf":[],"aioseo_notices":[],"_links":{"self":[{"href":"https:\/\/www.argensend.com\/en\/wp-json\/wp\/v2\/product\/119366","targetHints":{"allow":["GET"]}}],"collection":[{"href":"https:\/\/www.argensend.com\/en\/wp-json\/wp\/v2\/product"}],"about":[{"href":"https:\/\/www.argensend.com\/en\/wp-json\/wp\/v2\/types\/product"}],"replies":[{"embeddable":true,"href":"https:\/\/www.argensend.com\/en\/wp-json\/wp\/v2\/comments?post=119366"}],"version-history":[{"count":1,"href":"https:\/\/www.argensend.com\/en\/wp-json\/wp\/v2\/product\/119366\/revisions"}],"predecessor-version":[{"id":119368,"href":"https:\/\/www.argensend.com\/en\/wp-json\/wp\/v2\/product\/119366\/revisions\/119368"}],"wp:featuredmedia":[{"embeddable":true,"href":"https:\/\/www.argensend.com\/en\/wp-json\/wp\/v2\/media\/119367"}],"wp:attachment":[{"href":"https:\/\/www.argensend.com\/en\/wp-json\/wp\/v2\/media?parent=119366"}],"wp:term":[{"taxonomy":"brand","embeddable":true,"href":"https:\/\/www.argensend.com\/en\/wp-json\/wp\/v2\/etheme_brands?post=119366"},{"taxonomy":"product_brand","embeddable":true,"href":"https:\/\/www.argensend.com\/en\/wp-json\/wp\/v2\/product_brand?post=119366"},{"taxonomy":"product_cat","embeddable":true,"href":"https:\/\/www.argensend.com\/en\/wp-json\/wp\/v2\/product_cat?post=119366"},{"taxonomy":"product_tag","embeddable":true,"href":"https:\/\/www.argensend.com\/en\/wp-json\/wp\/v2\/product_tag?post=119366"}],"curies":[{"name":"wp","href":"https:\/\/api.w.org\/{rel}","templated":true}]}}