{"id":119823,"date":"2025-02-04T13:32:40","date_gmt":"2025-02-04T16:32:40","guid":{"rendered":"https:\/\/www.argensend.com\/?post_type=product&#038;p=119823"},"modified":"2025-02-04T13:36:34","modified_gmt":"2025-02-04T16:36:34","slug":"tabla-grande-asado-y-picada-madera-de-alamo","status":"publish","type":"product","link":"https:\/\/www.argensend.com\/en\/product\/tabla-grande-asado-y-picada-madera-de-alamo\/","title":{"rendered":"Tabla Grande Asado Y Picada Madera De \u00c1lamo"},"content":{"rendered":"<p>TABLA REVERSIBLE PARA PICADA Y CARNES<br \/>\nEn madera de \u00c1lamo<br \/>\nTe\u00f1ida con tintas naturales<br \/>\nTabla Reversible gruesa de madera pulida. Te\u00f1ida con tintas naturales.<br \/>\nDe un lado para colocar una rica picada y del otro lado para cortar Carnes.<br \/>\nCon manijas para transportar c\u00f3modamente<\/p>\n<p>Medidas: 60cm de largo X 30cm de ancho y 1,5cm de Grosor.<\/p>\n<p>Ideal para un importante regalo!<\/p>","protected":false},"excerpt":{"rendered":"<p>TABLA REVERSIBLE PARA PICADA Y CARNES En madera de \u00c1lamo Te\u00f1ida con tintas naturales Tabla Reversible gruesa de madera pulida. Te\u00f1ida con tintas naturales. De&#8230;<\/p>","protected":false},"featured_media":119801,"comment_status":"closed","ping_status":"closed","template":"","meta":{"_acf_changed":false,"om_disable_all_campaigns":false,"_monsterinsights_skip_tracking":false,"_monsterinsights_sitenote_active":false,"_monsterinsights_sitenote_note":"","_monsterinsights_sitenote_category":0},"etheme_brands":[],"product_brand":[],"product_cat":[606],"product_tag":[203,234,224,3437,4283,8082,1942,313,7172,1178,1065,646,8083,8084,5374],"class_list":{"0":"post-119823","1":"product","2":"type-product","3":"status-publish","4":"has-post-thumbnail","6":"product_cat-cocina-deco-bazar","7":"product_tag-argentina","8":"product_tag-argentine","9":"product_tag-argentino","10":"product_tag-board","11":"product_tag-clothes","12":"product_tag-lavar","13":"product_tag-limpiar","14":"product_tag-madera","15":"product_tag-pine","16":"product_tag-pino","17":"product_tag-ropa","18":"product_tag-tabla","19":"product_tag-vestimenta","20":"product_tag-washing","21":"product_tag-wooden","23":"first","24":"instock","25":"taxable","26":"shipping-taxable","27":"purchasable","28":"product-type-simple"},"acf":[],"aioseo_notices":[],"_links":{"self":[{"href":"https:\/\/www.argensend.com\/en\/wp-json\/wp\/v2\/product\/119823","targetHints":{"allow":["GET"]}}],"collection":[{"href":"https:\/\/www.argensend.com\/en\/wp-json\/wp\/v2\/product"}],"about":[{"href":"https:\/\/www.argensend.com\/en\/wp-json\/wp\/v2\/types\/product"}],"replies":[{"embeddable":true,"href":"https:\/\/www.argensend.com\/en\/wp-json\/wp\/v2\/comments?post=119823"}],"version-history":[{"count":2,"href":"https:\/\/www.argensend.com\/en\/wp-json\/wp\/v2\/product\/119823\/revisions"}],"predecessor-version":[{"id":119825,"href":"https:\/\/www.argensend.com\/en\/wp-json\/wp\/v2\/product\/119823\/revisions\/119825"}],"wp:featuredmedia":[{"embeddable":true,"href":"https:\/\/www.argensend.com\/en\/wp-json\/wp\/v2\/media\/119801"}],"wp:attachment":[{"href":"https:\/\/www.argensend.com\/en\/wp-json\/wp\/v2\/media?parent=119823"}],"wp:term":[{"taxonomy":"brand","embeddable":true,"href":"https:\/\/www.argensend.com\/en\/wp-json\/wp\/v2\/etheme_brands?post=119823"},{"taxonomy":"product_brand","embeddable":true,"href":"https:\/\/www.argensend.com\/en\/wp-json\/wp\/v2\/product_brand?post=119823"},{"taxonomy":"product_cat","embeddable":true,"href":"https:\/\/www.argensend.com\/en\/wp-json\/wp\/v2\/product_cat?post=119823"},{"taxonomy":"product_tag","embeddable":true,"href":"https:\/\/www.argensend.com\/en\/wp-json\/wp\/v2\/product_tag?post=119823"}],"curies":[{"name":"wp","href":"https:\/\/api.w.org\/{rel}","templated":true}]}}