{"id":119838,"date":"2025-02-04T14:33:09","date_gmt":"2025-02-04T17:33:09","guid":{"rendered":"https:\/\/www.argensend.com\/?post_type=product&#038;p=119838"},"modified":"2025-02-04T14:34:54","modified_gmt":"2025-02-04T17:34:54","slug":"sedal-shampoo-jengibre-y-ricino-sedal-650-ml-x2-unidades","status":"publish","type":"product","link":"https:\/\/www.argensend.com\/en\/product\/sedal-shampoo-jengibre-y-ricino-sedal-650-ml-x2-unidades\/","title":{"rendered":"Sedal &#8211; Shampoo Jengibre Y Ricino Sedal 650 Ml x2 Unidades"},"content":{"rendered":"","protected":false},"excerpt":{"rendered":"<pre>Nuevo Shampoo Sedal Jengibre y Ricino, ahora con infusi\u00f3n activa, nueva f\u00f3rmula que posee una combinaci\u00f3n exclusiva de oleo de arg\u00e1n, keratina y un blend de vitaminas. El \u00f3leo de arg\u00e1n conocido por suavizar el cabello, la keratina por reparar y darle fuerza al cabello y un blend conformado por vitamina B3 que mejora la salud del cuero cabelludo, Vitamina E que previene el da\u00f1o al cabello, Provitamina B5 conocida por hidratar profundamente y Vitamina C conocida por mantener el cabello sedoso.<\/pre>","protected":false},"featured_media":119839,"comment_status":"closed","ping_status":"closed","template":"","meta":{"_acf_changed":false,"om_disable_all_campaigns":false,"_monsterinsights_skip_tracking":false,"_monsterinsights_sitenote_active":false,"_monsterinsights_sitenote_note":"","_monsterinsights_sitenote_category":0},"etheme_brands":[],"product_brand":[],"product_cat":[8820],"product_tag":[5427,203,234,224,970,6504,3014,456,4512,4527,8751,3925],"class_list":{"0":"post-119838","1":"product","2":"type-product","3":"status-publish","4":"has-post-thumbnail","6":"product_cat-jabones-y-shampoo","7":"product_tag-acondicionador","8":"product_tag-argentina","9":"product_tag-argentine","10":"product_tag-argentino","11":"product_tag-balance","12":"product_tag-conditioner","13":"product_tag-cream","14":"product_tag-crema","15":"product_tag-hidratante","16":"product_tag-moisturizing","17":"product_tag-sedal","18":"product_tag-shampoo","20":"first","21":"instock","22":"taxable","23":"shipping-taxable","24":"purchasable","25":"product-type-simple"},"acf":[],"aioseo_notices":[],"_links":{"self":[{"href":"https:\/\/www.argensend.com\/en\/wp-json\/wp\/v2\/product\/119838","targetHints":{"allow":["GET"]}}],"collection":[{"href":"https:\/\/www.argensend.com\/en\/wp-json\/wp\/v2\/product"}],"about":[{"href":"https:\/\/www.argensend.com\/en\/wp-json\/wp\/v2\/types\/product"}],"replies":[{"embeddable":true,"href":"https:\/\/www.argensend.com\/en\/wp-json\/wp\/v2\/comments?post=119838"}],"version-history":[{"count":1,"href":"https:\/\/www.argensend.com\/en\/wp-json\/wp\/v2\/product\/119838\/revisions"}],"predecessor-version":[{"id":119840,"href":"https:\/\/www.argensend.com\/en\/wp-json\/wp\/v2\/product\/119838\/revisions\/119840"}],"wp:featuredmedia":[{"embeddable":true,"href":"https:\/\/www.argensend.com\/en\/wp-json\/wp\/v2\/media\/119839"}],"wp:attachment":[{"href":"https:\/\/www.argensend.com\/en\/wp-json\/wp\/v2\/media?parent=119838"}],"wp:term":[{"taxonomy":"brand","embeddable":true,"href":"https:\/\/www.argensend.com\/en\/wp-json\/wp\/v2\/etheme_brands?post=119838"},{"taxonomy":"product_brand","embeddable":true,"href":"https:\/\/www.argensend.com\/en\/wp-json\/wp\/v2\/product_brand?post=119838"},{"taxonomy":"product_cat","embeddable":true,"href":"https:\/\/www.argensend.com\/en\/wp-json\/wp\/v2\/product_cat?post=119838"},{"taxonomy":"product_tag","embeddable":true,"href":"https:\/\/www.argensend.com\/en\/wp-json\/wp\/v2\/product_tag?post=119838"}],"curies":[{"name":"wp","href":"https:\/\/api.w.org\/{rel}","templated":true}]}}