{"id":119983,"date":"2025-02-22T17:25:55","date_gmt":"2025-02-22T20:25:55","guid":{"rendered":"https:\/\/www.argensend.com\/?post_type=product&#038;p=119983"},"modified":"2025-09-24T12:28:40","modified_gmt":"2025-09-24T15:28:40","slug":"havanna-picante-edicion-limitada-alfajores-de-dulce-de-leche-con-peperoncino-x1-y-jalapeno-x1","status":"publish","type":"product","link":"https:\/\/www.argensend.com\/en\/product\/havanna-picante-edicion-limitada-alfajores-de-dulce-de-leche-con-peperoncino-x1-y-jalapeno-x1\/","title":{"rendered":"Havanna Picante &#8211; Edici\u00f3n Limitada &#8211; Alfajores de Dulce de Leche con Peperoncino x1 y Jalape\u00f1o x1"},"content":{"rendered":"<p>Alfajores Havanna Picante Pack x2 Unidades:<\/p>\n<ul>\n<li>1 Unidad de Alfajor de Dulce de leche con Aj\u00ed sabor Peperoncino, ingredientes: Dulce de leche cl\u00e1sico, Dulce de leche con chocolate y Chocolate 70% de cacao.<\/li>\n<li>1 Unidad de Alfajor de Dulce de leche con Aj\u00ed sabor Jalape\u00f1o, ingredientes: Dulce de leche cl\u00e1sico, Dulce de leche intenso y Chocolate semiamargo.<\/li>\n<\/ul>","protected":false},"excerpt":{"rendered":"<p>Alfajores Havanna Picante Pack x2 Unidades: 1 Unidad de Alfajor de Dulce de leche con Aj\u00ed sabor Peperoncino, ingredientes: Dulce de leche cl\u00e1sico, Dulce de&#8230;<\/p>","protected":false},"featured_media":119991,"comment_status":"closed","ping_status":"closed","template":"","meta":{"_acf_changed":false,"om_disable_all_campaigns":false,"_monsterinsights_skip_tracking":false,"_monsterinsights_sitenote_active":false,"_monsterinsights_sitenote_note":"","_monsterinsights_sitenote_category":0},"etheme_brands":[{"term_id":10673,"name":"Havanna","slug":"havanna","term_group":0,"term_taxonomy_id":10673,"taxonomy":"brand","description":"","parent":0,"count":51,"filter":"raw"}],"product_brand":[],"product_cat":[83,3868],"product_tag":[156,4346,203,234,224,159,5509,60,6515,1627,10677,10675,10676,1277,629],"class_list":{"0":"post-119983","1":"product","2":"type-product","3":"status-publish","4":"has-post-thumbnail","6":"brand-havanna","7":"product_cat-alfajores-conitos","8":"product_cat-exclusivos","9":"product_tag-alfajor","10":"product_tag-almond","11":"product_tag-argentina","12":"product_tag-argentine","13":"product_tag-argentino","14":"product_tag-chocolate","15":"product_tag-cremoso","16":"product_tag-dulce-de-leche","17":"product_tag-flour","18":"product_tag-havanna","19":"product_tag-havanna-picante","20":"product_tag-jalapeno","21":"product_tag-peperoncino","22":"product_tag-picante","23":"product_tag-semiamargo","25":"first","26":"outofstock","27":"taxable","28":"shipping-taxable","29":"purchasable","30":"product-type-simple"},"acf":[],"aioseo_notices":[],"_links":{"self":[{"href":"https:\/\/www.argensend.com\/en\/wp-json\/wp\/v2\/product\/119983","targetHints":{"allow":["GET"]}}],"collection":[{"href":"https:\/\/www.argensend.com\/en\/wp-json\/wp\/v2\/product"}],"about":[{"href":"https:\/\/www.argensend.com\/en\/wp-json\/wp\/v2\/types\/product"}],"replies":[{"embeddable":true,"href":"https:\/\/www.argensend.com\/en\/wp-json\/wp\/v2\/comments?post=119983"}],"version-history":[{"count":4,"href":"https:\/\/www.argensend.com\/en\/wp-json\/wp\/v2\/product\/119983\/revisions"}],"predecessor-version":[{"id":121217,"href":"https:\/\/www.argensend.com\/en\/wp-json\/wp\/v2\/product\/119983\/revisions\/121217"}],"wp:featuredmedia":[{"embeddable":true,"href":"https:\/\/www.argensend.com\/en\/wp-json\/wp\/v2\/media\/119991"}],"wp:attachment":[{"href":"https:\/\/www.argensend.com\/en\/wp-json\/wp\/v2\/media?parent=119983"}],"wp:term":[{"taxonomy":"brand","embeddable":true,"href":"https:\/\/www.argensend.com\/en\/wp-json\/wp\/v2\/etheme_brands?post=119983"},{"taxonomy":"product_brand","embeddable":true,"href":"https:\/\/www.argensend.com\/en\/wp-json\/wp\/v2\/product_brand?post=119983"},{"taxonomy":"product_cat","embeddable":true,"href":"https:\/\/www.argensend.com\/en\/wp-json\/wp\/v2\/product_cat?post=119983"},{"taxonomy":"product_tag","embeddable":true,"href":"https:\/\/www.argensend.com\/en\/wp-json\/wp\/v2\/product_tag?post=119983"}],"curies":[{"name":"wp","href":"https:\/\/api.w.org\/{rel}","templated":true}]}}