{"id":120247,"date":"2025-04-07T15:58:58","date_gmt":"2025-04-07T18:58:58","guid":{"rendered":"https:\/\/www.argensend.com\/?post_type=product&#038;p=120247"},"modified":"2025-04-09T12:54:13","modified_gmt":"2025-04-09T15:54:13","slug":"river-plate-camiseta-hincha-tercera-ninos","status":"publish","type":"product","link":"https:\/\/www.argensend.com\/en\/product\/river-plate-camiseta-hincha-tercera-ninos\/","title":{"rendered":"River Plate &#8211; Camiseta Hincha Tercera &#8211; Ni\u00f1os"},"content":{"rendered":"<p class=\"tiendariver-dynamic-description-0-x-dynamicDescriptionItem\">\u2022 Por primera vez en su gloriosa historia, River Plate viste una camiseta dividida verticalmente en dos mitades, una roja y la otra blanca, que se complementan con una delgada l\u00ednea negra.<\/p>\n<p class=\"tiendariver-dynamic-description-0-x-dynamicDescriptionItem\">\u2022 En la parte posterior del cuello se ubica la inscripci\u00f3n \u201cGrandeza\u201d, el lema del club.<\/p>\n<p class=\"tiendariver-dynamic-description-0-x-dynamicDescriptionItem\">\u2022 El uniforme se completa con shorts y medias a tono.<\/p>\n<p class=\"tiendariver-dynamic-description-0-x-dynamicDescriptionItem\">\u2022 Creada para envolver a los hinchas m\u00e1s peque\u00f1os del equipo en comodidad, esta camiseta incorpora tecnolog\u00eda de absorci\u00f3n AEROREADY y un escudo tejido premium.<\/p>\n<p class=\"tiendariver-dynamic-description-0-x-dynamicDescriptionItem\">\u2022 Ajuste cl\u00e1sico.<\/p>\n<p class=\"tiendariver-dynamic-description-0-x-dynamicDescriptionItem\">\u2022 Cuello redondo acanalado.<\/p>\n<p class=\"tiendariver-dynamic-description-0-x-dynamicDescriptionItem\">\u2022 Tejido entrelazado 100% poli\u00e9ster reciclado.<\/p>\n<p class=\"tiendariver-dynamic-description-0-x-dynamicDescriptionItem\">\u2022 AEROREADY.<\/p>\n<p class=\"tiendariver-dynamic-description-0-x-dynamicDescriptionItem\">\u2022 Pu\u00f1os acanalados.<\/p>\n<p class=\"tiendariver-dynamic-description-0-x-dynamicDescriptionItem\">\u2022 Escudo de River Plate tejido.<\/p>\n<p class=\"tiendariver-dynamic-description-0-x-dynamicDescriptionItem\">\u2022 Grandeza en el cuello.<\/p>","protected":false},"excerpt":{"rendered":"<div class=\"productDescription open\"><\/div>\n<div><\/div>","protected":false},"featured_media":120253,"comment_status":"closed","ping_status":"closed","template":"","meta":{"_acf_changed":false,"om_disable_all_campaigns":false,"_monsterinsights_skip_tracking":false,"_monsterinsights_sitenote_active":false,"_monsterinsights_sitenote_note":"","_monsterinsights_sitenote_category":0},"etheme_brands":[],"product_brand":[],"product_cat":[1024],"product_tag":[669,1125,203,1050,10681,10680,1049,3302,1124],"class_list":{"0":"post-120247","1":"product","2":"type-product","3":"status-publish","4":"has-post-thumbnail","6":"product_cat-river-plate","7":"product_tag-adidas","8":"product_tag-alternativa","9":"product_tag-argentina","10":"product_tag-futbol","11":"product_tag-indufutbol","12":"product_tag-indumentaria_futbol","13":"product_tag-river","14":"product_tag-shirt","15":"product_tag-tercera","17":"first","18":"instock","19":"taxable","20":"shipping-taxable","21":"purchasable","22":"product-type-variable"},"acf":[],"aioseo_notices":[],"_links":{"self":[{"href":"https:\/\/www.argensend.com\/en\/wp-json\/wp\/v2\/product\/120247","targetHints":{"allow":["GET"]}}],"collection":[{"href":"https:\/\/www.argensend.com\/en\/wp-json\/wp\/v2\/product"}],"about":[{"href":"https:\/\/www.argensend.com\/en\/wp-json\/wp\/v2\/types\/product"}],"replies":[{"embeddable":true,"href":"https:\/\/www.argensend.com\/en\/wp-json\/wp\/v2\/comments?post=120247"}],"version-history":[{"count":2,"href":"https:\/\/www.argensend.com\/en\/wp-json\/wp\/v2\/product\/120247\/revisions"}],"predecessor-version":[{"id":120279,"href":"https:\/\/www.argensend.com\/en\/wp-json\/wp\/v2\/product\/120247\/revisions\/120279"}],"wp:featuredmedia":[{"embeddable":true,"href":"https:\/\/www.argensend.com\/en\/wp-json\/wp\/v2\/media\/120253"}],"wp:attachment":[{"href":"https:\/\/www.argensend.com\/en\/wp-json\/wp\/v2\/media?parent=120247"}],"wp:term":[{"taxonomy":"brand","embeddable":true,"href":"https:\/\/www.argensend.com\/en\/wp-json\/wp\/v2\/etheme_brands?post=120247"},{"taxonomy":"product_brand","embeddable":true,"href":"https:\/\/www.argensend.com\/en\/wp-json\/wp\/v2\/product_brand?post=120247"},{"taxonomy":"product_cat","embeddable":true,"href":"https:\/\/www.argensend.com\/en\/wp-json\/wp\/v2\/product_cat?post=120247"},{"taxonomy":"product_tag","embeddable":true,"href":"https:\/\/www.argensend.com\/en\/wp-json\/wp\/v2\/product_tag?post=120247"}],"curies":[{"name":"wp","href":"https:\/\/api.w.org\/{rel}","templated":true}]}}