{"id":120396,"date":"2025-04-08T15:20:36","date_gmt":"2025-04-08T18:20:36","guid":{"rendered":"https:\/\/www.argensend.com\/?post_type=product&#038;p=120396"},"modified":"2025-04-09T12:53:58","modified_gmt":"2025-04-09T15:53:58","slug":"boca-juniors-camiseta-hincha-titular-ninos","status":"publish","type":"product","link":"https:\/\/www.argensend.com\/en\/product\/boca-juniors-camiseta-hincha-titular-ninos\/","title":{"rendered":"Boca Juniors &#8211; Camiseta Hincha Titular &#8211; Ni\u00f1os"},"content":{"rendered":"<p>La nueva camiseta oficial irradia la pasi\u00f3n boquense y la conexi\u00f3n con el barrio. Inspirada en el tren cuyo recorrido bordea La Bombonera. Boca, una pasi\u00f3n que se lleva desde la cuna. Camiseta versi\u00f3n mujer.Esta nueva camiseta titular de Boca Juniors adidas une la pasi\u00f3n y el barrio con diferentes tonos que resaltan sus colores, el azul y oro. Un dise\u00f1o innovador para un equipo en constante evoluci\u00f3n, inspirado en el ic\u00f3nico tren que bordea La Bombonera. Su tejido ligero, los modernos paneles de mesh y la tecnolog\u00eda de absorci\u00f3n AEROREADY se combinan para mantener c\u00f3modos a los hinchas del club.<br \/>\n\u2022 Corte cl\u00e1sico<br \/>\n\u2022 Cuello en V acanalado<br \/>\n\u2022 Tejido piqu\u00e9 100 % poli\u00e9ster reciclado<br \/>\n\u2022 Tecnolog\u00eda de absorci\u00f3n AEROREADY<\/p>","protected":false},"excerpt":{"rendered":"<div class=\"productDescription open\"><\/div>\n<div><\/div>","protected":false},"featured_media":120403,"comment_status":"closed","ping_status":"closed","template":"","meta":{"_acf_changed":false,"om_disable_all_campaigns":false,"_monsterinsights_skip_tracking":false,"_monsterinsights_sitenote_active":false,"_monsterinsights_sitenote_note":"","_monsterinsights_sitenote_category":0},"etheme_brands":[],"product_brand":[],"product_cat":[1025],"product_tag":[669,203,714,666,1050,10681,10680,1063,3704,3302,1080],"class_list":{"0":"post-120396","1":"product","2":"type-product","3":"status-publish","4":"has-post-thumbnail","6":"product_cat-boca-juniors","7":"product_tag-adidas","8":"product_tag-argentina","9":"product_tag-azul","10":"product_tag-boca","11":"product_tag-futbol","12":"product_tag-indufutbol","13":"product_tag-indumentaria_futbol","14":"product_tag-juniors","15":"product_tag-oro","16":"product_tag-shirt","17":"product_tag-titular","19":"first","20":"instock","21":"taxable","22":"shipping-taxable","23":"purchasable","24":"product-type-variable"},"acf":[],"aioseo_notices":[],"_links":{"self":[{"href":"https:\/\/www.argensend.com\/en\/wp-json\/wp\/v2\/product\/120396","targetHints":{"allow":["GET"]}}],"collection":[{"href":"https:\/\/www.argensend.com\/en\/wp-json\/wp\/v2\/product"}],"about":[{"href":"https:\/\/www.argensend.com\/en\/wp-json\/wp\/v2\/types\/product"}],"replies":[{"embeddable":true,"href":"https:\/\/www.argensend.com\/en\/wp-json\/wp\/v2\/comments?post=120396"}],"version-history":[{"count":1,"href":"https:\/\/www.argensend.com\/en\/wp-json\/wp\/v2\/product\/120396\/revisions"}],"predecessor-version":[{"id":120405,"href":"https:\/\/www.argensend.com\/en\/wp-json\/wp\/v2\/product\/120396\/revisions\/120405"}],"wp:featuredmedia":[{"embeddable":true,"href":"https:\/\/www.argensend.com\/en\/wp-json\/wp\/v2\/media\/120403"}],"wp:attachment":[{"href":"https:\/\/www.argensend.com\/en\/wp-json\/wp\/v2\/media?parent=120396"}],"wp:term":[{"taxonomy":"brand","embeddable":true,"href":"https:\/\/www.argensend.com\/en\/wp-json\/wp\/v2\/etheme_brands?post=120396"},{"taxonomy":"product_brand","embeddable":true,"href":"https:\/\/www.argensend.com\/en\/wp-json\/wp\/v2\/product_brand?post=120396"},{"taxonomy":"product_cat","embeddable":true,"href":"https:\/\/www.argensend.com\/en\/wp-json\/wp\/v2\/product_cat?post=120396"},{"taxonomy":"product_tag","embeddable":true,"href":"https:\/\/www.argensend.com\/en\/wp-json\/wp\/v2\/product_tag?post=120396"}],"curies":[{"name":"wp","href":"https:\/\/api.w.org\/{rel}","templated":true}]}}