{"id":120406,"date":"2025-04-08T15:24:41","date_gmt":"2025-04-08T18:24:41","guid":{"rendered":"https:\/\/www.argensend.com\/?post_type=product&#038;p=120406"},"modified":"2025-04-09T12:53:56","modified_gmt":"2025-04-09T15:53:56","slug":"boca-juniors-camiseta-jugador-titular-hombre","status":"publish","type":"product","link":"https:\/\/www.argensend.com\/en\/product\/boca-juniors-camiseta-jugador-titular-hombre\/","title":{"rendered":"Boca Juniors &#8211; Camiseta Jugador Titular &#8211; Hombre"},"content":{"rendered":"<p>La nueva camiseta oficial irradia la pasi\u00f3n boquense y la conexi\u00f3n con el barrio. Inspirada en el tren cuyo recorrido bordea La Bombonera. Boca, una pasi\u00f3n que se lleva desde la cuna.Esta nueva camiseta titular de Boca Juniors adidas une la pasi\u00f3n y el barrio con diferentes tonos que resaltan sus colores, el azul y oro. Un dise\u00f1o innovador para un equipo en constante evoluci\u00f3n, inspirado en el ic\u00f3nico tren que bordea La Bombonera. Su tejido ligero, los modernos paneles de mesh y la tecnolog\u00eda de absorci\u00f3n AEROREADY se combinan para mantener c\u00f3modos a los hinchas del club.<br \/>\n\u2022 Corte cl\u00e1sico<br \/>\n\u2022 Cuello en V acanalado<br \/>\n\u2022 Tejido de punto doble 100 % poli\u00e9ster reciclado<br \/>\n\u2022 HEAT.RDY<br \/>\n\u2022 Paneles de mesh bajo los brazos<\/p>","protected":false},"excerpt":{"rendered":"<div class=\"productDescription open\"><\/div>\n<div><\/div>","protected":false},"featured_media":120414,"comment_status":"closed","ping_status":"closed","template":"","meta":{"_acf_changed":false,"om_disable_all_campaigns":false,"_monsterinsights_skip_tracking":false,"_monsterinsights_sitenote_active":false,"_monsterinsights_sitenote_note":"","_monsterinsights_sitenote_category":0},"etheme_brands":[],"product_brand":[],"product_cat":[1025],"product_tag":[669,203,714,666,1050,10681,10680,3971,1063,3704,3302,1080],"class_list":{"0":"post-120406","1":"product","2":"type-product","3":"status-publish","4":"has-post-thumbnail","6":"product_cat-boca-juniors","7":"product_tag-adidas","8":"product_tag-argentina","9":"product_tag-azul","10":"product_tag-boca","11":"product_tag-futbol","12":"product_tag-indufutbol","13":"product_tag-indumentaria_futbol","14":"product_tag-jugador","15":"product_tag-juniors","16":"product_tag-oro","17":"product_tag-shirt","18":"product_tag-titular","20":"first","21":"instock","22":"taxable","23":"shipping-taxable","24":"purchasable","25":"product-type-variable"},"acf":[],"aioseo_notices":[],"_links":{"self":[{"href":"https:\/\/www.argensend.com\/en\/wp-json\/wp\/v2\/product\/120406","targetHints":{"allow":["GET"]}}],"collection":[{"href":"https:\/\/www.argensend.com\/en\/wp-json\/wp\/v2\/product"}],"about":[{"href":"https:\/\/www.argensend.com\/en\/wp-json\/wp\/v2\/types\/product"}],"replies":[{"embeddable":true,"href":"https:\/\/www.argensend.com\/en\/wp-json\/wp\/v2\/comments?post=120406"}],"version-history":[{"count":3,"href":"https:\/\/www.argensend.com\/en\/wp-json\/wp\/v2\/product\/120406\/revisions"}],"predecessor-version":[{"id":120418,"href":"https:\/\/www.argensend.com\/en\/wp-json\/wp\/v2\/product\/120406\/revisions\/120418"}],"wp:featuredmedia":[{"embeddable":true,"href":"https:\/\/www.argensend.com\/en\/wp-json\/wp\/v2\/media\/120414"}],"wp:attachment":[{"href":"https:\/\/www.argensend.com\/en\/wp-json\/wp\/v2\/media?parent=120406"}],"wp:term":[{"taxonomy":"brand","embeddable":true,"href":"https:\/\/www.argensend.com\/en\/wp-json\/wp\/v2\/etheme_brands?post=120406"},{"taxonomy":"product_brand","embeddable":true,"href":"https:\/\/www.argensend.com\/en\/wp-json\/wp\/v2\/product_brand?post=120406"},{"taxonomy":"product_cat","embeddable":true,"href":"https:\/\/www.argensend.com\/en\/wp-json\/wp\/v2\/product_cat?post=120406"},{"taxonomy":"product_tag","embeddable":true,"href":"https:\/\/www.argensend.com\/en\/wp-json\/wp\/v2\/product_tag?post=120406"}],"curies":[{"name":"wp","href":"https:\/\/api.w.org\/{rel}","templated":true}]}}