{"id":120658,"date":"2025-04-16T09:18:26","date_gmt":"2025-04-16T12:18:26","guid":{"rendered":"https:\/\/www.argensend.com\/?post_type=product&#038;p=120658"},"modified":"2025-04-16T09:22:55","modified_gmt":"2025-04-16T12:22:55","slug":"boca-juniors-campera-parka-hombre","status":"publish","type":"product","link":"https:\/\/www.argensend.com\/en\/product\/boca-juniors-campera-parka-hombre\/","title":{"rendered":"Boca Juniors &#8211; Campera Parka &#8211; Hombre"},"content":{"rendered":"<div class=\"productDescription open\">Una campera parka impermeable de Boca Juniors hecha con materiales reciclados. Incluso Buenos Aires tiene d\u00edas nublados. Cuando llueva, us\u00e1 esta campera parka de f\u00fatbol adidas con los colores de Boca Juniors. El dobladillo trasero alargado y la solapa para tormentas sobre el cierre mantienen el agua fuera mientras vos anim\u00e1s a los h\u00e9roes de La Bombonera.<\/p>\n<p>Hecho con materiales 100% reciclados, este producto representa solo una de nuestras soluciones para acabar con los residuos pl\u00e1sticos.<br \/>\n\u2022 Corte cl\u00e1sico.<br \/>\n\u2022 Cierre frontal con solapa antitormenta.<br \/>\n\u2022 Exterior: tejido plano 100 % poli\u00e9ster reciclado.<br \/>\n\u2022 Relleno: aislamiento t\u00e9rmico 100% poli\u00e9ster reciclado.<br \/>\n\u2022 Bolsillos frontales con cierre.<br \/>\n\u2022 Capucha con forro interior.<br \/>\n\u2022 Dobladillo trasero alargado<br \/>\n\u2022 Tira ajustable de cierre por contacto en los pu\u00f1os.<\/p><\/div>","protected":false},"excerpt":{"rendered":"<div class=\"productDescription open\"><\/div>\n<div><\/div>","protected":false},"featured_media":120668,"comment_status":"closed","ping_status":"closed","template":"","meta":{"_acf_changed":false,"om_disable_all_campaigns":false,"_monsterinsights_skip_tracking":false,"_monsterinsights_sitenote_active":false,"_monsterinsights_sitenote_note":"","_monsterinsights_sitenote_category":0},"etheme_brands":[],"product_brand":[],"product_cat":[1025],"product_tag":[669,203,714,666,191,1050,10681,10680,1063,3704],"class_list":{"0":"post-120658","1":"product","2":"type-product","3":"status-publish","4":"has-post-thumbnail","6":"product_cat-boca-juniors","7":"product_tag-adidas","8":"product_tag-argentina","9":"product_tag-azul","10":"product_tag-boca","11":"product_tag-campera","12":"product_tag-futbol","13":"product_tag-indufutbol","14":"product_tag-indumentaria_futbol","15":"product_tag-juniors","16":"product_tag-oro","18":"first","19":"instock","20":"taxable","21":"shipping-taxable","22":"purchasable","23":"product-type-variable"},"acf":[],"aioseo_notices":[],"_links":{"self":[{"href":"https:\/\/www.argensend.com\/en\/wp-json\/wp\/v2\/product\/120658","targetHints":{"allow":["GET"]}}],"collection":[{"href":"https:\/\/www.argensend.com\/en\/wp-json\/wp\/v2\/product"}],"about":[{"href":"https:\/\/www.argensend.com\/en\/wp-json\/wp\/v2\/types\/product"}],"replies":[{"embeddable":true,"href":"https:\/\/www.argensend.com\/en\/wp-json\/wp\/v2\/comments?post=120658"}],"version-history":[{"count":1,"href":"https:\/\/www.argensend.com\/en\/wp-json\/wp\/v2\/product\/120658\/revisions"}],"predecessor-version":[{"id":120669,"href":"https:\/\/www.argensend.com\/en\/wp-json\/wp\/v2\/product\/120658\/revisions\/120669"}],"wp:featuredmedia":[{"embeddable":true,"href":"https:\/\/www.argensend.com\/en\/wp-json\/wp\/v2\/media\/120668"}],"wp:attachment":[{"href":"https:\/\/www.argensend.com\/en\/wp-json\/wp\/v2\/media?parent=120658"}],"wp:term":[{"taxonomy":"brand","embeddable":true,"href":"https:\/\/www.argensend.com\/en\/wp-json\/wp\/v2\/etheme_brands?post=120658"},{"taxonomy":"product_brand","embeddable":true,"href":"https:\/\/www.argensend.com\/en\/wp-json\/wp\/v2\/product_brand?post=120658"},{"taxonomy":"product_cat","embeddable":true,"href":"https:\/\/www.argensend.com\/en\/wp-json\/wp\/v2\/product_cat?post=120658"},{"taxonomy":"product_tag","embeddable":true,"href":"https:\/\/www.argensend.com\/en\/wp-json\/wp\/v2\/product_tag?post=120658"}],"curies":[{"name":"wp","href":"https:\/\/api.w.org\/{rel}","templated":true}]}}