{"id":120691,"date":"2025-04-16T09:46:51","date_gmt":"2025-04-16T12:46:51","guid":{"rendered":"https:\/\/www.argensend.com\/?post_type=product&#038;p=120691"},"modified":"2025-04-16T09:56:57","modified_gmt":"2025-04-16T12:56:57","slug":"boca-juniors-camiseta-entrenamiento-gris-hombre","status":"publish","type":"product","link":"https:\/\/www.argensend.com\/en\/product\/boca-juniors-camiseta-entrenamiento-gris-hombre\/","title":{"rendered":"Boca Juniors &#8211; Camiseta Entrenamiento Gris &#8211; Hombre"},"content":{"rendered":"<p>Mejor\u00e1 tu juego con el estilo distintivo de La Bombonera. Cuando los jugadores de Boca Juniors salen al campo de entrenamiento visten camisetas de entrenamiento adidas como esta. La combinaci\u00f3n de paneles de malla laterales y tecnolog\u00eda de absorci\u00f3n AEROREADY les mantiene c\u00f3modos sin importar la intensidad del entrenamiento. El escudo del club en el pecho destaca lo que sent\u00eds por el club.La camiseta absorbente que usan los jugadores en el campo de entrenamiento.<br \/>\n\u2022 Corte entallado.<br \/>\n\u2022 Cuello redondo acanalado.<br \/>\n\u2022 Tejido entrelazado 100 % poli\u00e9ster reciclado.<br \/>\nCuidados<br \/>\n\u2022 Planchar a temperatura baja.<br \/>\n\u2022 Lavar al rev\u00e9s.<br \/>\n\u2022 No usar blanqueador.<br \/>\n\u2022 No planchar detalles decorativos.<br \/>\n\u2022 No lavar en seco.<\/p>","protected":false},"excerpt":{"rendered":"<div class=\"productDescription open\"><\/div>\n<div><\/div>","protected":false},"featured_media":120700,"comment_status":"closed","ping_status":"closed","template":"","meta":{"_acf_changed":false,"om_disable_all_campaigns":false,"_monsterinsights_skip_tracking":false,"_monsterinsights_sitenote_active":false,"_monsterinsights_sitenote_note":"","_monsterinsights_sitenote_category":0},"etheme_brands":[],"product_brand":[],"product_cat":[1025],"product_tag":[669,203,714,666,10683,3529,1050,10681,10680,1063,3704],"class_list":{"0":"post-120691","1":"product","2":"type-product","3":"status-publish","4":"has-post-thumbnail","6":"product_cat-boca-juniors","7":"product_tag-adidas","8":"product_tag-argentina","9":"product_tag-azul","10":"product_tag-boca","11":"product_tag-camistea","12":"product_tag-entrenamiento","13":"product_tag-futbol","14":"product_tag-indufutbol","15":"product_tag-indumentaria_futbol","16":"product_tag-juniors","17":"product_tag-oro","19":"first","20":"instock","21":"taxable","22":"shipping-taxable","23":"purchasable","24":"product-type-variable"},"acf":[],"aioseo_notices":[],"_links":{"self":[{"href":"https:\/\/www.argensend.com\/en\/wp-json\/wp\/v2\/product\/120691","targetHints":{"allow":["GET"]}}],"collection":[{"href":"https:\/\/www.argensend.com\/en\/wp-json\/wp\/v2\/product"}],"about":[{"href":"https:\/\/www.argensend.com\/en\/wp-json\/wp\/v2\/types\/product"}],"replies":[{"embeddable":true,"href":"https:\/\/www.argensend.com\/en\/wp-json\/wp\/v2\/comments?post=120691"}],"version-history":[{"count":1,"href":"https:\/\/www.argensend.com\/en\/wp-json\/wp\/v2\/product\/120691\/revisions"}],"predecessor-version":[{"id":120705,"href":"https:\/\/www.argensend.com\/en\/wp-json\/wp\/v2\/product\/120691\/revisions\/120705"}],"wp:featuredmedia":[{"embeddable":true,"href":"https:\/\/www.argensend.com\/en\/wp-json\/wp\/v2\/media\/120700"}],"wp:attachment":[{"href":"https:\/\/www.argensend.com\/en\/wp-json\/wp\/v2\/media?parent=120691"}],"wp:term":[{"taxonomy":"brand","embeddable":true,"href":"https:\/\/www.argensend.com\/en\/wp-json\/wp\/v2\/etheme_brands?post=120691"},{"taxonomy":"product_brand","embeddable":true,"href":"https:\/\/www.argensend.com\/en\/wp-json\/wp\/v2\/product_brand?post=120691"},{"taxonomy":"product_cat","embeddable":true,"href":"https:\/\/www.argensend.com\/en\/wp-json\/wp\/v2\/product_cat?post=120691"},{"taxonomy":"product_tag","embeddable":true,"href":"https:\/\/www.argensend.com\/en\/wp-json\/wp\/v2\/product_tag?post=120691"}],"curies":[{"name":"wp","href":"https:\/\/api.w.org\/{rel}","templated":true}]}}