{"id":120706,"date":"2025-04-16T11:54:57","date_gmt":"2025-04-16T14:54:57","guid":{"rendered":"https:\/\/www.argensend.com\/?post_type=product&#038;p=120706"},"modified":"2025-04-16T12:02:59","modified_gmt":"2025-04-16T15:02:59","slug":"boca-juniors-buzo-ligero-hombre","status":"publish","type":"product","link":"https:\/\/www.argensend.com\/en\/product\/boca-juniors-buzo-ligero-hombre\/","title":{"rendered":"Boca Juniors &#8211; Buzo Ligero &#8211; Hombre"},"content":{"rendered":"<p>Entren\u00e1 como si fueras una de las estrellas de Boca Juniors. Este buzo de entrenamiento de f\u00fatbol es similar a la camiseta que usan los jugadores del club. La tecnolog\u00eda de absorci\u00f3n AEROREADY mantiene tu cuerpo seco sin importar cu\u00e1nto te esfuerces. El escudo del club te recuerda a d\u00f3nde pod\u00e9s llegar si entren\u00e1s.<\/p>\n<p>Hecho con materiales 100% reciclados, este producto representa solo una de nuestras soluciones para acabar con los residuos pl\u00e1sticos.<br \/>\n\u2022 Un buzo de entrenamiento de Boca Juniors hecho con materiales reciclados.<br \/>\n\u2022 Corte ajustado. Medio cierre frontal y cuello alto acanalado.<br \/>\n\u2022 Piqu\u00e9 100 % poli\u00e9ster reciclado.<br \/>\n\u2022 Tecnolog\u00eda de absorci\u00f3n AEROREADY.<br \/>\n\u2022 Paneles de malla en los costados.<br \/>\n\u2022 Escudo de Boca Juniors estampado.<br \/>\n\u2022 Aberturas para los pulgares en los pu\u00f1os.<\/p>","protected":false},"excerpt":{"rendered":"<div class=\"productDescription open\"><\/div>\n<div><\/div>","protected":false},"featured_media":120714,"comment_status":"closed","ping_status":"closed","template":"","meta":{"_acf_changed":false,"om_disable_all_campaigns":false,"_monsterinsights_skip_tracking":false,"_monsterinsights_sitenote_active":false,"_monsterinsights_sitenote_note":"","_monsterinsights_sitenote_category":0},"etheme_brands":[],"product_brand":[],"product_cat":[1025],"product_tag":[669,203,714,666,1002,3529,1050,10681,10680,1063,3704],"class_list":{"0":"post-120706","1":"product","2":"type-product","3":"status-publish","4":"has-post-thumbnail","6":"product_cat-boca-juniors","7":"product_tag-adidas","8":"product_tag-argentina","9":"product_tag-azul","10":"product_tag-boca","11":"product_tag-buzo","12":"product_tag-entrenamiento","13":"product_tag-futbol","14":"product_tag-indufutbol","15":"product_tag-indumentaria_futbol","16":"product_tag-juniors","17":"product_tag-oro","19":"first","20":"instock","21":"taxable","22":"shipping-taxable","23":"purchasable","24":"product-type-variable"},"acf":[],"aioseo_notices":[],"_links":{"self":[{"href":"https:\/\/www.argensend.com\/en\/wp-json\/wp\/v2\/product\/120706","targetHints":{"allow":["GET"]}}],"collection":[{"href":"https:\/\/www.argensend.com\/en\/wp-json\/wp\/v2\/product"}],"about":[{"href":"https:\/\/www.argensend.com\/en\/wp-json\/wp\/v2\/types\/product"}],"replies":[{"embeddable":true,"href":"https:\/\/www.argensend.com\/en\/wp-json\/wp\/v2\/comments?post=120706"}],"version-history":[{"count":1,"href":"https:\/\/www.argensend.com\/en\/wp-json\/wp\/v2\/product\/120706\/revisions"}],"predecessor-version":[{"id":120716,"href":"https:\/\/www.argensend.com\/en\/wp-json\/wp\/v2\/product\/120706\/revisions\/120716"}],"wp:featuredmedia":[{"embeddable":true,"href":"https:\/\/www.argensend.com\/en\/wp-json\/wp\/v2\/media\/120714"}],"wp:attachment":[{"href":"https:\/\/www.argensend.com\/en\/wp-json\/wp\/v2\/media?parent=120706"}],"wp:term":[{"taxonomy":"brand","embeddable":true,"href":"https:\/\/www.argensend.com\/en\/wp-json\/wp\/v2\/etheme_brands?post=120706"},{"taxonomy":"product_brand","embeddable":true,"href":"https:\/\/www.argensend.com\/en\/wp-json\/wp\/v2\/product_brand?post=120706"},{"taxonomy":"product_cat","embeddable":true,"href":"https:\/\/www.argensend.com\/en\/wp-json\/wp\/v2\/product_cat?post=120706"},{"taxonomy":"product_tag","embeddable":true,"href":"https:\/\/www.argensend.com\/en\/wp-json\/wp\/v2\/product_tag?post=120706"}],"curies":[{"name":"wp","href":"https:\/\/api.w.org\/{rel}","templated":true}]}}