{"id":120969,"date":"2025-05-07T10:43:40","date_gmt":"2025-05-07T13:43:40","guid":{"rendered":"https:\/\/www.argensend.com\/?post_type=product&#038;p=120969"},"modified":"2025-05-07T10:45:02","modified_gmt":"2025-05-07T13:45:02","slug":"el-eternauta-taza-de-ceramica-325ml-5","status":"publish","type":"product","link":"https:\/\/www.argensend.com\/en\/product\/el-eternauta-taza-de-ceramica-325ml-5\/","title":{"rendered":"El Eternauta &#8211; Taza De Ceramica &#8211; 325ml"},"content":{"rendered":"<p>&#8211; Taza importada Calidad Premium<br \/>\n&#8211; \u00d3ptima calidad de impresi\u00f3n fotogr\u00e1fica<br \/>\n&#8211; Ideales para exhibir y coleccionar<br \/>\n&#8211; Tazas sublimadas aptas microondas y lavavajillas<br \/>\n&#8211; No se sale el estampado con el lavado<\/p>","protected":false},"excerpt":{"rendered":"<p>Disfruta de tu bebida favorita como un aut\u00e9ntico fan\u00e1tico con esta taza de Milei. Fabricada con cer\u00e1mica de alta calidad, esta taza es resistente, duradera y cuenta con una capacidad de 350 ml, perfecta para disfrutar de una taza de caf\u00e9 o t\u00e9 caliente en cualquier momento del d\u00eda.<br \/>\nIncluye caja de regalo, lo que la convierte en un obsequio ideal para sorprender a tus amigos.<\/p>","protected":false},"featured_media":0,"comment_status":"closed","ping_status":"closed","template":"","meta":{"_acf_changed":false,"om_disable_all_campaigns":false,"_monsterinsights_skip_tracking":false,"_monsterinsights_sitenote_active":false,"_monsterinsights_sitenote_note":"","_monsterinsights_sitenote_category":0},"etheme_brands":[],"product_brand":[],"product_cat":[8794,85,2126,3320,2138,10188,10187,2125],"product_tag":[203,1434,10693,10692,10122,2169],"class_list":{"0":"post-120969","1":"product","2":"type-product","3":"status-publish","5":"product_cat-bazar","6":"product_cat-bebidas","7":"product_cat-cafe","8":"product_cat-cocina","9":"product_cat-gaseosas","10":"product_cat-jugos","11":"product_cat-leches","12":"product_cat-te-mate-cocido","13":"product_tag-argentina","14":"product_tag-comic","15":"product_tag-eternauta","16":"product_tag-historieta","17":"product_tag-netflix","18":"product_tag-taza","20":"first","21":"instock","22":"taxable","23":"shipping-taxable","24":"purchasable","25":"product-type-simple"},"acf":[],"aioseo_notices":[],"_links":{"self":[{"href":"https:\/\/www.argensend.com\/en\/wp-json\/wp\/v2\/product\/120969","targetHints":{"allow":["GET"]}}],"collection":[{"href":"https:\/\/www.argensend.com\/en\/wp-json\/wp\/v2\/product"}],"about":[{"href":"https:\/\/www.argensend.com\/en\/wp-json\/wp\/v2\/types\/product"}],"replies":[{"embeddable":true,"href":"https:\/\/www.argensend.com\/en\/wp-json\/wp\/v2\/comments?post=120969"}],"version-history":[{"count":0,"href":"https:\/\/www.argensend.com\/en\/wp-json\/wp\/v2\/product\/120969\/revisions"}],"wp:attachment":[{"href":"https:\/\/www.argensend.com\/en\/wp-json\/wp\/v2\/media?parent=120969"}],"wp:term":[{"taxonomy":"brand","embeddable":true,"href":"https:\/\/www.argensend.com\/en\/wp-json\/wp\/v2\/etheme_brands?post=120969"},{"taxonomy":"product_brand","embeddable":true,"href":"https:\/\/www.argensend.com\/en\/wp-json\/wp\/v2\/product_brand?post=120969"},{"taxonomy":"product_cat","embeddable":true,"href":"https:\/\/www.argensend.com\/en\/wp-json\/wp\/v2\/product_cat?post=120969"},{"taxonomy":"product_tag","embeddable":true,"href":"https:\/\/www.argensend.com\/en\/wp-json\/wp\/v2\/product_tag?post=120969"}],"curies":[{"name":"wp","href":"https:\/\/api.w.org\/{rel}","templated":true}]}}