{"id":121232,"date":"2025-06-11T13:29:40","date_gmt":"2025-06-11T16:29:40","guid":{"rendered":"https:\/\/www.argensend.com\/?post_type=product&#038;p=121232"},"modified":"2025-06-11T13:35:51","modified_gmt":"2025-06-11T16:35:51","slug":"taza-ceramica-condena-de-cristina","status":"publish","type":"product","link":"https:\/\/www.argensend.com\/en\/product\/taza-ceramica-condena-de-cristina\/","title":{"rendered":"Taza Cer\u00e1mica &#8211; Condena De Cristina"},"content":{"rendered":"<p>&#8211; UNIDADES: 1 (UNO)<br \/>\n&#8211; APTA MICROONDAS<br \/>\n&#8211; ALTURA TAZA: 9,5 cm<\/p>","protected":false},"excerpt":{"rendered":"<p>Disfruta de tu bebida favorita como un aut\u00e9ntico fan\u00e1tico con esta taza de Milei. Fabricada con cer\u00e1mica de alta calidad, esta taza es resistente, duradera y cuenta con una capacidad de 350 ml, perfecta para disfrutar de una taza de caf\u00e9 o t\u00e9 caliente en cualquier momento del d\u00eda.<\/p>","protected":false},"featured_media":121233,"comment_status":"closed","ping_status":"closed","template":"","meta":{"_acf_changed":false,"om_disable_all_campaigns":false,"_monsterinsights_skip_tracking":false,"_monsterinsights_sitenote_active":false,"_monsterinsights_sitenote_note":"","_monsterinsights_sitenote_category":0},"etheme_brands":[],"product_brand":[],"product_cat":[8794,85,2126,3320,2138,10188,10187,2125],"product_tag":[203,10695,10696,819,9954,2169],"class_list":{"0":"post-121232","1":"product","2":"type-product","3":"status-publish","4":"has-post-thumbnail","6":"product_cat-bazar","7":"product_cat-bebidas","8":"product_cat-cafe","9":"product_cat-cocina","10":"product_cat-gaseosas","11":"product_cat-jugos","12":"product_cat-leches","13":"product_cat-te-mate-cocido","14":"product_tag-argentina","15":"product_tag-cfk","16":"product_tag-condena","17":"product_tag-cristina","18":"product_tag-milei","19":"product_tag-taza","21":"first","22":"instock","23":"taxable","24":"shipping-taxable","25":"purchasable","26":"product-type-simple"},"acf":[],"aioseo_notices":[],"_links":{"self":[{"href":"https:\/\/www.argensend.com\/en\/wp-json\/wp\/v2\/product\/121232","targetHints":{"allow":["GET"]}}],"collection":[{"href":"https:\/\/www.argensend.com\/en\/wp-json\/wp\/v2\/product"}],"about":[{"href":"https:\/\/www.argensend.com\/en\/wp-json\/wp\/v2\/types\/product"}],"replies":[{"embeddable":true,"href":"https:\/\/www.argensend.com\/en\/wp-json\/wp\/v2\/comments?post=121232"}],"version-history":[{"count":2,"href":"https:\/\/www.argensend.com\/en\/wp-json\/wp\/v2\/product\/121232\/revisions"}],"predecessor-version":[{"id":121235,"href":"https:\/\/www.argensend.com\/en\/wp-json\/wp\/v2\/product\/121232\/revisions\/121235"}],"wp:featuredmedia":[{"embeddable":true,"href":"https:\/\/www.argensend.com\/en\/wp-json\/wp\/v2\/media\/121233"}],"wp:attachment":[{"href":"https:\/\/www.argensend.com\/en\/wp-json\/wp\/v2\/media?parent=121232"}],"wp:term":[{"taxonomy":"brand","embeddable":true,"href":"https:\/\/www.argensend.com\/en\/wp-json\/wp\/v2\/etheme_brands?post=121232"},{"taxonomy":"product_brand","embeddable":true,"href":"https:\/\/www.argensend.com\/en\/wp-json\/wp\/v2\/product_brand?post=121232"},{"taxonomy":"product_cat","embeddable":true,"href":"https:\/\/www.argensend.com\/en\/wp-json\/wp\/v2\/product_cat?post=121232"},{"taxonomy":"product_tag","embeddable":true,"href":"https:\/\/www.argensend.com\/en\/wp-json\/wp\/v2\/product_tag?post=121232"}],"curies":[{"name":"wp","href":"https:\/\/api.w.org\/{rel}","templated":true}]}}