{"id":121259,"date":"2025-06-12T13:33:45","date_gmt":"2025-06-12T16:33:45","guid":{"rendered":"https:\/\/www.argensend.com\/?post_type=product&#038;p=121259"},"modified":"2025-06-13T14:58:48","modified_gmt":"2025-06-13T17:58:48","slug":"boca-juniors-camiseta-suplente-boca-jrs-25-26-mujer-mundial-de-clubes","status":"publish","type":"product","link":"https:\/\/www.argensend.com\/en\/product\/boca-juniors-camiseta-suplente-boca-jrs-25-26-mujer-mundial-de-clubes\/","title":{"rendered":"Boca Juniors &#8211; Camiseta Suplente Boca Jrs 25\/26 Mujer Mundial De Clubes"},"content":{"rendered":"<p>Es el color de los campeones. Por eso, resulta apropiado vestir a los jugadores de Boca Juniors en color dorado en la temporada en la que el club celebra sus 120 a\u00f1os. Dise\u00f1ada para que los hinchas est\u00e9n c\u00f3modos rindiendo homenaje en las tribunas, esta camiseta de f\u00fatbol adidas incorpora la tecnolog\u00eda AEROREADY, que controla la humedad. El detalle conmemorativo en la parte posterior del cuello proporciona el toque final perfecto.<\/p>\n<ul>\n<li>Corte cl\u00e1sico.<\/li>\n<li>Cuello redondo.<\/li>\n<li>100 % poli\u00e9ster (reciclado).<\/li>\n<li>AEROREADY.<\/li>\n<\/ul>","protected":false},"excerpt":{"rendered":"<div class=\"productDescription open\">\u2022Esta nueva camiseta titular de Boca Juniors adidas une la pasi\u00f3n y el barrio con diferentes tonos que logran un efecto visual y una prominente franja central que resaltan sus colores, el azul y oro.<br \/>\n\u2022Un dise\u00f1o innovador para un equipo en constante evoluci\u00f3n.<br \/>\n\u2022Su tejido ligero, los modernos paneles de mesh y la tecnolog\u00eda de absorci\u00f3n AEROREADY se combinan para mantener c\u00f3modos a los hinchas del club.<br \/>\n\u2022Corte cl\u00e1sicoTejido piqu\u00e9 100 % poli\u00e9ster reciclado.Paneles de mesh bajo los brazos.<br \/>\n\u2022Tecnolog\u00eda de absorci\u00f3n AEROREADY.Pu\u00f1os acanalados.<br \/>\n\u2022Escudo de Boca Juniors tejido.<\/div>\n<div>Talles: XS \/ S \/ M \/ L \/ XL \/ XXL \/ XXXL<\/div>","protected":false},"featured_media":121262,"comment_status":"closed","ping_status":"closed","template":"","meta":{"_acf_changed":false,"om_disable_all_campaigns":false,"_monsterinsights_skip_tracking":false,"_monsterinsights_sitenote_active":false,"_monsterinsights_sitenote_note":"","_monsterinsights_sitenote_category":0},"etheme_brands":[],"product_brand":[],"product_cat":[1025],"product_tag":[669,203,714,666,1050,10681,10680,1063,199,10697,3704,3302,1083],"class_list":{"0":"post-121259","1":"product","2":"type-product","3":"status-publish","4":"has-post-thumbnail","6":"product_cat-boca-juniors","7":"product_tag-adidas","8":"product_tag-argentina","9":"product_tag-azul","10":"product_tag-boca","11":"product_tag-futbol","12":"product_tag-indufutbol","13":"product_tag-indumentaria_futbol","14":"product_tag-juniors","15":"product_tag-mujer","16":"product_tag-mundial-de-clubes","17":"product_tag-oro","18":"product_tag-shirt","19":"product_tag-suplente","21":"first","22":"instock","23":"taxable","24":"shipping-taxable","25":"purchasable","26":"product-type-simple"},"acf":[],"aioseo_notices":[],"_links":{"self":[{"href":"https:\/\/www.argensend.com\/en\/wp-json\/wp\/v2\/product\/121259","targetHints":{"allow":["GET"]}}],"collection":[{"href":"https:\/\/www.argensend.com\/en\/wp-json\/wp\/v2\/product"}],"about":[{"href":"https:\/\/www.argensend.com\/en\/wp-json\/wp\/v2\/types\/product"}],"replies":[{"embeddable":true,"href":"https:\/\/www.argensend.com\/en\/wp-json\/wp\/v2\/comments?post=121259"}],"version-history":[{"count":1,"href":"https:\/\/www.argensend.com\/en\/wp-json\/wp\/v2\/product\/121259\/revisions"}],"predecessor-version":[{"id":121263,"href":"https:\/\/www.argensend.com\/en\/wp-json\/wp\/v2\/product\/121259\/revisions\/121263"}],"wp:featuredmedia":[{"embeddable":true,"href":"https:\/\/www.argensend.com\/en\/wp-json\/wp\/v2\/media\/121262"}],"wp:attachment":[{"href":"https:\/\/www.argensend.com\/en\/wp-json\/wp\/v2\/media?parent=121259"}],"wp:term":[{"taxonomy":"brand","embeddable":true,"href":"https:\/\/www.argensend.com\/en\/wp-json\/wp\/v2\/etheme_brands?post=121259"},{"taxonomy":"product_brand","embeddable":true,"href":"https:\/\/www.argensend.com\/en\/wp-json\/wp\/v2\/product_brand?post=121259"},{"taxonomy":"product_cat","embeddable":true,"href":"https:\/\/www.argensend.com\/en\/wp-json\/wp\/v2\/product_cat?post=121259"},{"taxonomy":"product_tag","embeddable":true,"href":"https:\/\/www.argensend.com\/en\/wp-json\/wp\/v2\/product_tag?post=121259"}],"curies":[{"name":"wp","href":"https:\/\/api.w.org\/{rel}","templated":true}]}}