{"id":121273,"date":"2025-06-12T14:33:04","date_gmt":"2025-06-12T17:33:04","guid":{"rendered":"https:\/\/www.argensend.com\/?post_type=product&#038;p=121273"},"modified":"2025-06-12T14:37:13","modified_gmt":"2025-06-12T17:37:13","slug":"bagovit-facial-colageno-puro-30ml-x2-unidades","status":"publish","type":"product","link":"https:\/\/www.argensend.com\/en\/product\/bagovit-facial-colageno-puro-30ml-x2-unidades\/","title":{"rendered":"Bag\u00f3vit &#8211; Facial Colageno Puro &#8211; 30ml x2 Unidades"},"content":{"rendered":"<p>Serum de textura ligera y de r\u00e1pida absorci\u00f3n, especialmente formulado para aumentar significativamente los niveles de col\u00e1geno en la piel aportando cohesi\u00f3n, resistencia y fortaleza. Asimismo refuerza la capacidad de los tejidos para retener el agua y la hidrataci\u00f3n.<\/p>\n<p><strong>Resultados<\/strong>: Eficacia comprobada. Aumenta 76% el nivel del col\u00e1geno de la piel. En 4 semanas de uso el 73% observa menos arrugas, el 93% advierte su piel m\u00e1s firme, m\u00e1s suave, hidratada y fresca.<\/p>","protected":false},"excerpt":{"rendered":"<p>La M\u00e1scara de Tratamiento Plasma Vegetal Regenerador est\u00e1 formulado con Pura Vitamina A y activos de origen vegetal que contribuyen a la regeneraci\u00f3n del cabello desde la ra\u00edz. Indicado para cabello debilitado, ya que estimula su crecimiento, aportando volumen y elasticidad.<br \/>\nCon Vitamina A, Romero, Meliloto, Alfalfa y 11 Amino\u00e1cidos.<\/p>","protected":false},"featured_media":121274,"comment_status":"closed","ping_status":"closed","template":"","meta":{"_acf_changed":false,"om_disable_all_campaigns":false,"_monsterinsights_skip_tracking":false,"_monsterinsights_sitenote_active":false,"_monsterinsights_sitenote_note":"","_monsterinsights_sitenote_category":0},"etheme_brands":[],"product_brand":[],"product_cat":[8819],"product_tag":[203,234,224,3243,10698,4685,9208],"class_list":{"0":"post-121273","1":"product","2":"type-product","3":"status-publish","4":"has-post-thumbnail","6":"product_cat-farmacia","7":"product_tag-argentina","8":"product_tag-argentine","9":"product_tag-argentino","10":"product_tag-bagovit","11":"product_tag-colageno-puro","12":"product_tag-facial","13":"product_tag-serum","15":"first","16":"instock","17":"taxable","18":"shipping-taxable","19":"purchasable","20":"product-type-simple"},"acf":[],"aioseo_notices":[],"_links":{"self":[{"href":"https:\/\/www.argensend.com\/en\/wp-json\/wp\/v2\/product\/121273","targetHints":{"allow":["GET"]}}],"collection":[{"href":"https:\/\/www.argensend.com\/en\/wp-json\/wp\/v2\/product"}],"about":[{"href":"https:\/\/www.argensend.com\/en\/wp-json\/wp\/v2\/types\/product"}],"replies":[{"embeddable":true,"href":"https:\/\/www.argensend.com\/en\/wp-json\/wp\/v2\/comments?post=121273"}],"version-history":[{"count":1,"href":"https:\/\/www.argensend.com\/en\/wp-json\/wp\/v2\/product\/121273\/revisions"}],"predecessor-version":[{"id":121275,"href":"https:\/\/www.argensend.com\/en\/wp-json\/wp\/v2\/product\/121273\/revisions\/121275"}],"wp:featuredmedia":[{"embeddable":true,"href":"https:\/\/www.argensend.com\/en\/wp-json\/wp\/v2\/media\/121274"}],"wp:attachment":[{"href":"https:\/\/www.argensend.com\/en\/wp-json\/wp\/v2\/media?parent=121273"}],"wp:term":[{"taxonomy":"brand","embeddable":true,"href":"https:\/\/www.argensend.com\/en\/wp-json\/wp\/v2\/etheme_brands?post=121273"},{"taxonomy":"product_brand","embeddable":true,"href":"https:\/\/www.argensend.com\/en\/wp-json\/wp\/v2\/product_brand?post=121273"},{"taxonomy":"product_cat","embeddable":true,"href":"https:\/\/www.argensend.com\/en\/wp-json\/wp\/v2\/product_cat?post=121273"},{"taxonomy":"product_tag","embeddable":true,"href":"https:\/\/www.argensend.com\/en\/wp-json\/wp\/v2\/product_tag?post=121273"}],"curies":[{"name":"wp","href":"https:\/\/api.w.org\/{rel}","templated":true}]}}