{"id":121299,"date":"2025-06-12T15:56:13","date_gmt":"2025-06-12T18:56:13","guid":{"rendered":"https:\/\/www.argensend.com\/?post_type=product&#038;p=121299"},"modified":"2025-06-13T15:02:48","modified_gmt":"2025-06-13T18:02:48","slug":"river-plate-camiseta-titular-river-plate-25-26-mundial-de-clubes-ninos","status":"publish","type":"product","link":"https:\/\/www.argensend.com\/en\/product\/river-plate-camiseta-titular-river-plate-25-26-mundial-de-clubes-ninos\/","title":{"rendered":"River Plate &#8211; Camiseta Titular River Plate 25\/26 Mundial De Clubes &#8211; Ni\u00f1os"},"content":{"rendered":"<p>\u2022 Se cumple una d\u00e9cada desde que River Plate se coron\u00f3 campe\u00f3n de Sudam\u00e9rica en 2015.<br \/>\n\u2022 Camiseta titular adidas para ni\u00f1os inspirada en la prenda que visti\u00f3 el equipo durante aquella memorable temporada.<br \/>\n\u2022 Las 3 Tiras horizontales envuelven las mangas, mientras que la famosa banda roja se destaca en la parte delantera y trasera.<br \/>\n\u2022 AEROREADY, que controla la humedad, garantiza que los j\u00f3venes hinchas est\u00e9n c\u00f3modos y concentrados en el f\u00fatbol.Corte cl\u00e1sico.<br \/>\n\u2022 Cuello redondo.<br \/>\n\u2022 100 % poli\u00e9ster (reciclado).<br \/>\n\u2022 AEROREADY.<br \/>\n\u2022 Escudo bordado de River Plate.<br \/>\n\u2022 Importante: Los productos personalizados no poseen cambios, ni devoluciones.<\/p>","protected":false},"excerpt":{"rendered":"<div class=\"productDescription open\"><\/div>\n<div><\/div>","protected":false},"featured_media":121308,"comment_status":"closed","ping_status":"closed","template":"","meta":{"_acf_changed":false,"om_disable_all_campaigns":false,"_monsterinsights_skip_tracking":false,"_monsterinsights_sitenote_active":false,"_monsterinsights_sitenote_note":"","_monsterinsights_sitenote_category":0},"etheme_brands":[],"product_brand":[],"product_cat":[1024],"product_tag":[669,203,1050,10681,10680,10697,1058,1151,3302,1080],"class_list":{"0":"post-121299","1":"product","2":"type-product","3":"status-publish","4":"has-post-thumbnail","6":"product_cat-river-plate","7":"product_tag-adidas","8":"product_tag-argentina","9":"product_tag-futbol","10":"product_tag-indufutbol","11":"product_tag-indumentaria_futbol","12":"product_tag-mundial-de-clubes","13":"product_tag-ninos","14":"product_tag-river-plate","15":"product_tag-shirt","16":"product_tag-titular","18":"first","19":"instock","20":"taxable","21":"shipping-taxable","22":"purchasable","23":"product-type-variable"},"acf":[],"aioseo_notices":[],"_links":{"self":[{"href":"https:\/\/www.argensend.com\/en\/wp-json\/wp\/v2\/product\/121299","targetHints":{"allow":["GET"]}}],"collection":[{"href":"https:\/\/www.argensend.com\/en\/wp-json\/wp\/v2\/product"}],"about":[{"href":"https:\/\/www.argensend.com\/en\/wp-json\/wp\/v2\/types\/product"}],"replies":[{"embeddable":true,"href":"https:\/\/www.argensend.com\/en\/wp-json\/wp\/v2\/comments?post=121299"}],"version-history":[{"count":1,"href":"https:\/\/www.argensend.com\/en\/wp-json\/wp\/v2\/product\/121299\/revisions"}],"predecessor-version":[{"id":121305,"href":"https:\/\/www.argensend.com\/en\/wp-json\/wp\/v2\/product\/121299\/revisions\/121305"}],"wp:featuredmedia":[{"embeddable":true,"href":"https:\/\/www.argensend.com\/en\/wp-json\/wp\/v2\/media\/121308"}],"wp:attachment":[{"href":"https:\/\/www.argensend.com\/en\/wp-json\/wp\/v2\/media?parent=121299"}],"wp:term":[{"taxonomy":"brand","embeddable":true,"href":"https:\/\/www.argensend.com\/en\/wp-json\/wp\/v2\/etheme_brands?post=121299"},{"taxonomy":"product_brand","embeddable":true,"href":"https:\/\/www.argensend.com\/en\/wp-json\/wp\/v2\/product_brand?post=121299"},{"taxonomy":"product_cat","embeddable":true,"href":"https:\/\/www.argensend.com\/en\/wp-json\/wp\/v2\/product_cat?post=121299"},{"taxonomy":"product_tag","embeddable":true,"href":"https:\/\/www.argensend.com\/en\/wp-json\/wp\/v2\/product_tag?post=121299"}],"curies":[{"name":"wp","href":"https:\/\/api.w.org\/{rel}","templated":true}]}}