{"id":121309,"date":"2025-06-12T16:16:49","date_gmt":"2025-06-12T19:16:49","guid":{"rendered":"https:\/\/www.argensend.com\/?post_type=product&#038;p=121309"},"modified":"2025-06-13T15:08:10","modified_gmt":"2025-06-13T18:08:10","slug":"river-plate-camiseta-suplente-river-plate-25-26-mundial-de-clubes-hombre","status":"publish","type":"product","link":"https:\/\/www.argensend.com\/en\/product\/river-plate-camiseta-suplente-river-plate-25-26-mundial-de-clubes-hombre\/","title":{"rendered":"River Plate &#8211; Camiseta Suplente River Plate 25\/26 Mundial De Clubes &#8211; Hombre"},"content":{"rendered":"<p>\u2022 Celebr\u00e1 un momento emblem\u00e1tico de la rica historia de River Plate con esta camiseta alternativa adidas.<br \/>\n\u2022 Tomando prestadas sus rayas rojas y negras del famoso globo aerost\u00e1tico que aterriz\u00f3 en el campo durante la celebraci\u00f3n del t\u00edtulo del club en 1975, seguro que te despierta la nostalgia de un pasado glorioso.<br \/>\n\u2022 La tecnolog\u00eda AEROREADY, que controla la humedad, te mantiene c\u00f3modo y el escudo tejido realza tu orgullo futbolero.<br \/>\n\u2022 Slim fit.<br \/>\n\u2022 Escote en V.<br \/>\n\u2022 100 % poli\u00e9ster (reciclado).<br \/>\n\u2022 AEROREADY.<br \/>\n\u2022 Escudo bordado de River Plate.<br \/>\n\u2022 Importante: Los productos personalizados no poseen cambios, ni devoluciones.<\/p>","protected":false},"excerpt":{"rendered":"<div class=\"productDescription open\"><\/div>\n<div><\/div>","protected":false},"featured_media":121317,"comment_status":"closed","ping_status":"closed","template":"","meta":{"_acf_changed":false,"om_disable_all_campaigns":false,"_monsterinsights_skip_tracking":false,"_monsterinsights_sitenote_active":false,"_monsterinsights_sitenote_note":"","_monsterinsights_sitenote_category":0},"etheme_brands":[],"product_brand":[],"product_cat":[1024],"product_tag":[669,203,1050,183,10681,10680,10697,1049,3302,1083],"class_list":{"0":"post-121309","1":"product","2":"type-product","3":"status-publish","4":"has-post-thumbnail","6":"product_cat-river-plate","7":"product_tag-adidas","8":"product_tag-argentina","9":"product_tag-futbol","10":"product_tag-hombre","11":"product_tag-indufutbol","12":"product_tag-indumentaria_futbol","13":"product_tag-mundial-de-clubes","14":"product_tag-river","15":"product_tag-shirt","16":"product_tag-suplente","18":"first","19":"instock","20":"taxable","21":"shipping-taxable","22":"purchasable","23":"product-type-variable"},"acf":[],"aioseo_notices":[],"_links":{"self":[{"href":"https:\/\/www.argensend.com\/en\/wp-json\/wp\/v2\/product\/121309","targetHints":{"allow":["GET"]}}],"collection":[{"href":"https:\/\/www.argensend.com\/en\/wp-json\/wp\/v2\/product"}],"about":[{"href":"https:\/\/www.argensend.com\/en\/wp-json\/wp\/v2\/types\/product"}],"replies":[{"embeddable":true,"href":"https:\/\/www.argensend.com\/en\/wp-json\/wp\/v2\/comments?post=121309"}],"version-history":[{"count":1,"href":"https:\/\/www.argensend.com\/en\/wp-json\/wp\/v2\/product\/121309\/revisions"}],"predecessor-version":[{"id":121319,"href":"https:\/\/www.argensend.com\/en\/wp-json\/wp\/v2\/product\/121309\/revisions\/121319"}],"wp:featuredmedia":[{"embeddable":true,"href":"https:\/\/www.argensend.com\/en\/wp-json\/wp\/v2\/media\/121317"}],"wp:attachment":[{"href":"https:\/\/www.argensend.com\/en\/wp-json\/wp\/v2\/media?parent=121309"}],"wp:term":[{"taxonomy":"brand","embeddable":true,"href":"https:\/\/www.argensend.com\/en\/wp-json\/wp\/v2\/etheme_brands?post=121309"},{"taxonomy":"product_brand","embeddable":true,"href":"https:\/\/www.argensend.com\/en\/wp-json\/wp\/v2\/product_brand?post=121309"},{"taxonomy":"product_cat","embeddable":true,"href":"https:\/\/www.argensend.com\/en\/wp-json\/wp\/v2\/product_cat?post=121309"},{"taxonomy":"product_tag","embeddable":true,"href":"https:\/\/www.argensend.com\/en\/wp-json\/wp\/v2\/product_tag?post=121309"}],"curies":[{"name":"wp","href":"https:\/\/api.w.org\/{rel}","templated":true}]}}