{"id":121362,"date":"2025-06-17T13:43:25","date_gmt":"2025-06-17T16:43:25","guid":{"rendered":"https:\/\/www.argensend.com\/?post_type=product&#038;p=121362"},"modified":"2025-06-17T14:02:03","modified_gmt":"2025-06-17T17:02:03","slug":"narbona-dulce-de-leche-clasico-970gr","status":"publish","type":"product","link":"https:\/\/www.argensend.com\/en\/product\/narbona-dulce-de-leche-clasico-970gr\/","title":{"rendered":"Narbona &#8211; Dulce de Leche Cl\u00e0sico 970gr"},"content":{"rendered":"<p>El dulce de leche es m\u00e1s que un manjar, es un reflejo de la cultura y la identidad uruguaya.<\/p>\n<p>Desde su creaci\u00f3n, ha sido un componente esencial en la cocina tradicional del pa\u00eds, presente en festividades, celebraciones y momentos familiares importantes. Narbona se enorgullece de ser parte de esta rica herencia cultural y se esfuerza por mantener viva esta tradici\u00f3n a trav\u00e9s de su dulce de leche.<\/p>\n<p>Este delicioso producto es s\u00edmbolo de NARBONA y representa los valores de tradici\u00f3n y calidad. Elaborado con textura cremosa y tonos de caramelo, el dulce de leche NARBONA es un homenaje a los sabores aut\u00e9nticos de nuestros or\u00edgenes. Cada frasco es una muestra de nuestro compromiso con la excelencia en la producci\u00f3n de l\u00e1cteos.<\/p>","protected":false},"excerpt":{"rendered":"<p>El dulce de leche es m\u00e1s que un manjar, es un reflejo de la cultura y la identidad uruguaya. Desde su creaci\u00f3n, ha sido un&#8230;<\/p>","protected":false},"featured_media":121363,"comment_status":"closed","ping_status":"closed","template":"","meta":{"_acf_changed":false,"om_disable_all_campaigns":false,"_monsterinsights_skip_tracking":false,"_monsterinsights_sitenote_active":false,"_monsterinsights_sitenote_note":"","_monsterinsights_sitenote_category":0},"etheme_brands":[],"product_brand":[],"product_cat":[8572,81,2111],"product_tag":[383,384,602,762,381,60,764,763,10699,167,382],"class_list":{"0":"post-121362","1":"product","2":"type-product","3":"status-publish","4":"has-post-thumbnail","6":"product_cat-alimentos-tradicionales","7":"product_cat-dulce-de-leche","8":"product_cat-proveeduria","9":"product_tag-caramel","10":"product_tag-caseinata","11":"product_tag-caseinate","12":"product_tag-caseinato","13":"product_tag-ddl","14":"product_tag-dulce-de-leche","15":"product_tag-jalea","16":"product_tag-manjar","17":"product_tag-narbona","18":"product_tag-sin-tacc","19":"product_tag-sweet-jam","21":"first","22":"instock","23":"taxable","24":"shipping-taxable","25":"purchasable","26":"product-type-simple"},"acf":[],"aioseo_notices":[],"_links":{"self":[{"href":"https:\/\/www.argensend.com\/en\/wp-json\/wp\/v2\/product\/121362","targetHints":{"allow":["GET"]}}],"collection":[{"href":"https:\/\/www.argensend.com\/en\/wp-json\/wp\/v2\/product"}],"about":[{"href":"https:\/\/www.argensend.com\/en\/wp-json\/wp\/v2\/types\/product"}],"replies":[{"embeddable":true,"href":"https:\/\/www.argensend.com\/en\/wp-json\/wp\/v2\/comments?post=121362"}],"version-history":[{"count":1,"href":"https:\/\/www.argensend.com\/en\/wp-json\/wp\/v2\/product\/121362\/revisions"}],"predecessor-version":[{"id":121364,"href":"https:\/\/www.argensend.com\/en\/wp-json\/wp\/v2\/product\/121362\/revisions\/121364"}],"wp:featuredmedia":[{"embeddable":true,"href":"https:\/\/www.argensend.com\/en\/wp-json\/wp\/v2\/media\/121363"}],"wp:attachment":[{"href":"https:\/\/www.argensend.com\/en\/wp-json\/wp\/v2\/media?parent=121362"}],"wp:term":[{"taxonomy":"brand","embeddable":true,"href":"https:\/\/www.argensend.com\/en\/wp-json\/wp\/v2\/etheme_brands?post=121362"},{"taxonomy":"product_brand","embeddable":true,"href":"https:\/\/www.argensend.com\/en\/wp-json\/wp\/v2\/product_brand?post=121362"},{"taxonomy":"product_cat","embeddable":true,"href":"https:\/\/www.argensend.com\/en\/wp-json\/wp\/v2\/product_cat?post=121362"},{"taxonomy":"product_tag","embeddable":true,"href":"https:\/\/www.argensend.com\/en\/wp-json\/wp\/v2\/product_tag?post=121362"}],"curies":[{"name":"wp","href":"https:\/\/api.w.org\/{rel}","templated":true}]}}