{"id":121393,"date":"2025-06-18T13:01:55","date_gmt":"2025-06-18T16:01:55","guid":{"rendered":"https:\/\/www.argensend.com\/?post_type=product&#038;p=121393"},"modified":"2025-06-18T13:14:14","modified_gmt":"2025-06-18T16:14:14","slug":"arcor-cofler-combo-choco-cookies-345gr-x1-set","status":"publish","type":"product","link":"https:\/\/www.argensend.com\/en\/product\/arcor-cofler-combo-choco-cookies-345gr-x1-set\/","title":{"rendered":"Arcor &#8211; Cofler Combo Choco Cookies &#8211; 345gr x1 Set"},"content":{"rendered":"<p>Descubre el delicioso Combo Cofler Choco Cookies, la opci\u00f3n perfecta para los amantes de las galletitas. Este irresistible combo incluye:<\/p>\n<p>\u2013 1 Galletitas Cofler Choco Cookies Bon o Bon 105,6g<br \/>\n\u2013 1 Galletitas Cofler Choco Cookies Ba\u00f1adas 132,8g<br \/>\n\u2013 1 Galletitas Cofler Choco Cookies Chocolate 105,6g<\/p>\n<p>Cada bocado es una explosi\u00f3n de sabor que te har\u00e1 querer m\u00e1s. Ideal para compartir en familia o disfrutar en momentos especiales. \u00a1No te pierdas esta promoci\u00f3n y endulza tu d\u00eda con el Combo Cofler Choco Cookies!<\/p>","protected":false},"excerpt":{"rendered":"<p>Descubre el delicioso Combo Cofler Choco Cookies, la opci\u00f3n perfecta para los amantes de las galletitas. Este irresistible combo incluye: \u2013 1 Galletitas Cofler Choco&#8230;<\/p>","protected":false},"featured_media":121394,"comment_status":"closed","ping_status":"closed","template":"","meta":{"_acf_changed":false,"om_disable_all_campaigns":false,"_monsterinsights_skip_tracking":false,"_monsterinsights_sitenote_active":false,"_monsterinsights_sitenote_note":"","_monsterinsights_sitenote_category":0,"jetpack_post_was_ever_published":false},"etheme_brands":[],"product_brand":[],"product_cat":[2133,3004],"product_tag":[203,234,224,7442,309,159,497,277],"class_list":{"0":"post-121393","1":"product","2":"type-product","3":"status-publish","4":"has-post-thumbnail","6":"product_cat-dulces-veganos","7":"product_cat-galletitas-dulces","8":"product_tag-argentina","9":"product_tag-argentine","10":"product_tag-argentino","11":"product_tag-banadas","12":"product_tag-bon-o-bon","13":"product_tag-chocolate","14":"product_tag-cofler","15":"product_tag-combo","17":"first","18":"instock","19":"taxable","20":"shipping-taxable","21":"purchasable","22":"product-type-simple"},"acf":[],"aioseo_notices":[],"jetpack_sharing_enabled":true,"_links":{"self":[{"href":"https:\/\/www.argensend.com\/en\/wp-json\/wp\/v2\/product\/121393","targetHints":{"allow":["GET"]}}],"collection":[{"href":"https:\/\/www.argensend.com\/en\/wp-json\/wp\/v2\/product"}],"about":[{"href":"https:\/\/www.argensend.com\/en\/wp-json\/wp\/v2\/types\/product"}],"replies":[{"embeddable":true,"href":"https:\/\/www.argensend.com\/en\/wp-json\/wp\/v2\/comments?post=121393"}],"version-history":[{"count":1,"href":"https:\/\/www.argensend.com\/en\/wp-json\/wp\/v2\/product\/121393\/revisions"}],"predecessor-version":[{"id":121395,"href":"https:\/\/www.argensend.com\/en\/wp-json\/wp\/v2\/product\/121393\/revisions\/121395"}],"wp:featuredmedia":[{"embeddable":true,"href":"https:\/\/www.argensend.com\/en\/wp-json\/wp\/v2\/media\/121394"}],"wp:attachment":[{"href":"https:\/\/www.argensend.com\/en\/wp-json\/wp\/v2\/media?parent=121393"}],"wp:term":[{"taxonomy":"brand","embeddable":true,"href":"https:\/\/www.argensend.com\/en\/wp-json\/wp\/v2\/etheme_brands?post=121393"},{"taxonomy":"product_brand","embeddable":true,"href":"https:\/\/www.argensend.com\/en\/wp-json\/wp\/v2\/product_brand?post=121393"},{"taxonomy":"product_cat","embeddable":true,"href":"https:\/\/www.argensend.com\/en\/wp-json\/wp\/v2\/product_cat?post=121393"},{"taxonomy":"product_tag","embeddable":true,"href":"https:\/\/www.argensend.com\/en\/wp-json\/wp\/v2\/product_tag?post=121393"}],"curies":[{"name":"wp","href":"https:\/\/api.w.org\/{rel}","templated":true}]}}