{"id":121396,"date":"2025-06-18T13:14:58","date_gmt":"2025-06-18T16:14:58","guid":{"rendered":"https:\/\/www.argensend.com\/?post_type=product&#038;p=121396"},"modified":"2025-06-18T13:29:21","modified_gmt":"2025-06-18T16:29:21","slug":"arcor-cofler-combo-block-graffitti-1-7kg-x1-set","status":"publish","type":"product","link":"https:\/\/www.argensend.com\/en\/product\/arcor-cofler-combo-block-graffitti-1-7kg-x1-set\/","title":{"rendered":"Arcor &#8211; Cofler Combo Block + Graffitti &#8211; 1.7kg x1 Set"},"content":{"rendered":"<p>En este combo encontrar\u00e1s una tableta de chocolate con leche y man\u00ed Cofler Block de 300 g, perfecta para satisfacer tus antojos m\u00e1s dulces. Adem\u00e1s, tambi\u00e9n recibir\u00e1s una barra de chocolate con man\u00ed Cofler Block de 1 kg, ideal para compartir con amigos y familiares.<\/p>\n<p>Pero eso no es todo, tambi\u00e9n incluimos en este combo dos paquetes de tabletas de chocolate Cofler Graffiti. Uno de ellos contiene 4 unidades de chocolate con leche, mientras que el otro contiene 4 unidades de chocolate blanco y leche. \u00a1Una explosi\u00f3n de sabores en cada bocado!<\/p>","protected":false},"excerpt":{"rendered":"<p>En este combo encontrar\u00e1s una tableta de chocolate con leche y man\u00ed Cofler Block de 300 g, perfecta para satisfacer tus antojos m\u00e1s dulces. Adem\u00e1s,&#8230;<\/p>","protected":false},"featured_media":121397,"comment_status":"closed","ping_status":"closed","template":"","meta":{"_acf_changed":false,"om_disable_all_campaigns":false,"_monsterinsights_skip_tracking":false,"_monsterinsights_sitenote_active":false,"_monsterinsights_sitenote_note":"","_monsterinsights_sitenote_category":0,"jetpack_post_was_ever_published":false},"etheme_brands":[],"product_brand":[],"product_cat":[2133,3004],"product_tag":[203,234,224,2168,7787,159,433,9635,497,277,10713],"class_list":{"0":"post-121396","1":"product","2":"type-product","3":"status-publish","4":"has-post-thumbnail","6":"product_cat-dulces-veganos","7":"product_cat-galletitas-dulces","8":"product_tag-argentina","9":"product_tag-argentine","10":"product_tag-argentino","11":"product_tag-block","12":"product_tag-blockazo","13":"product_tag-chocolate","14":"product_tag-chocolate-blanco","15":"product_tag-chocolate-negro","16":"product_tag-cofler","17":"product_tag-combo","18":"product_tag-graffitti","20":"first","21":"instock","22":"taxable","23":"shipping-taxable","24":"purchasable","25":"product-type-simple"},"acf":[],"aioseo_notices":[],"jetpack_sharing_enabled":true,"_links":{"self":[{"href":"https:\/\/www.argensend.com\/en\/wp-json\/wp\/v2\/product\/121396","targetHints":{"allow":["GET"]}}],"collection":[{"href":"https:\/\/www.argensend.com\/en\/wp-json\/wp\/v2\/product"}],"about":[{"href":"https:\/\/www.argensend.com\/en\/wp-json\/wp\/v2\/types\/product"}],"replies":[{"embeddable":true,"href":"https:\/\/www.argensend.com\/en\/wp-json\/wp\/v2\/comments?post=121396"}],"version-history":[{"count":1,"href":"https:\/\/www.argensend.com\/en\/wp-json\/wp\/v2\/product\/121396\/revisions"}],"predecessor-version":[{"id":121398,"href":"https:\/\/www.argensend.com\/en\/wp-json\/wp\/v2\/product\/121396\/revisions\/121398"}],"wp:featuredmedia":[{"embeddable":true,"href":"https:\/\/www.argensend.com\/en\/wp-json\/wp\/v2\/media\/121397"}],"wp:attachment":[{"href":"https:\/\/www.argensend.com\/en\/wp-json\/wp\/v2\/media?parent=121396"}],"wp:term":[{"taxonomy":"brand","embeddable":true,"href":"https:\/\/www.argensend.com\/en\/wp-json\/wp\/v2\/etheme_brands?post=121396"},{"taxonomy":"product_brand","embeddable":true,"href":"https:\/\/www.argensend.com\/en\/wp-json\/wp\/v2\/product_brand?post=121396"},{"taxonomy":"product_cat","embeddable":true,"href":"https:\/\/www.argensend.com\/en\/wp-json\/wp\/v2\/product_cat?post=121396"},{"taxonomy":"product_tag","embeddable":true,"href":"https:\/\/www.argensend.com\/en\/wp-json\/wp\/v2\/product_tag?post=121396"}],"curies":[{"name":"wp","href":"https:\/\/api.w.org\/{rel}","templated":true}]}}