{"id":121530,"date":"2025-06-25T11:46:13","date_gmt":"2025-06-25T14:46:13","guid":{"rendered":"https:\/\/www.argensend.com\/?post_type=product&#038;p=121530"},"modified":"2025-06-25T11:55:24","modified_gmt":"2025-06-25T14:55:24","slug":"nivea-crema-de-manos-hidratacion-profunda-con-aceite-de-almendras-100ml-x2-unidades","status":"publish","type":"product","link":"https:\/\/www.argensend.com\/en\/product\/nivea-crema-de-manos-hidratacion-profunda-con-aceite-de-almendras-100ml-x2-unidades\/","title":{"rendered":"Nivea &#8211; Crema De Manos Hidratacion Profunda Con Aceite De Almendras &#8211; 100ml x2 Unidades"},"content":{"rendered":"<p>Tiene una f\u00f3rmula enriquecida con Aceite de Almendras y de Origen Natural y Manteca de Karit\u00e9. Te humecta profundamente y con una r\u00e1pida absorci\u00f3n por 24 horas. De este modo, tus manos se encuentran m\u00e1s suaves y humectadas durante todo el d\u00eda.<\/p>","protected":false},"excerpt":{"rendered":"<p>Tiene una f\u00f3rmula enriquecida con Aceite de Almendras y de Origen Natural y Manteca de Karit\u00e9. Te humecta profundamente y con una r\u00e1pida absorci\u00f3n por&#8230;<\/p>","protected":false},"featured_media":121531,"comment_status":"closed","ping_status":"closed","template":"","meta":{"_acf_changed":false,"om_disable_all_campaigns":false,"_monsterinsights_skip_tracking":false,"_monsterinsights_sitenote_active":false,"_monsterinsights_sitenote_note":"","_monsterinsights_sitenote_category":0},"etheme_brands":[],"product_brand":[],"product_cat":[8819],"product_tag":[10731,5413,456,467,9809,9810,4512,6437],"class_list":{"0":"post-121530","1":"product","2":"type-product","3":"status-publish","4":"has-post-thumbnail","6":"product_cat-farmacia","7":"product_tag-aceite-de-almendras","8":"product_tag-corporal","9":"product_tag-crema","10":"product_tag-crema-en-pote","11":"product_tag-crema-hidratante","12":"product_tag-crema-nivea","13":"product_tag-hidratante","14":"product_tag-nivea","16":"first","17":"instock","18":"taxable","19":"shipping-taxable","20":"purchasable","21":"product-type-simple"},"acf":[],"aioseo_notices":[],"_links":{"self":[{"href":"https:\/\/www.argensend.com\/en\/wp-json\/wp\/v2\/product\/121530","targetHints":{"allow":["GET"]}}],"collection":[{"href":"https:\/\/www.argensend.com\/en\/wp-json\/wp\/v2\/product"}],"about":[{"href":"https:\/\/www.argensend.com\/en\/wp-json\/wp\/v2\/types\/product"}],"replies":[{"embeddable":true,"href":"https:\/\/www.argensend.com\/en\/wp-json\/wp\/v2\/comments?post=121530"}],"version-history":[{"count":1,"href":"https:\/\/www.argensend.com\/en\/wp-json\/wp\/v2\/product\/121530\/revisions"}],"predecessor-version":[{"id":121532,"href":"https:\/\/www.argensend.com\/en\/wp-json\/wp\/v2\/product\/121530\/revisions\/121532"}],"wp:featuredmedia":[{"embeddable":true,"href":"https:\/\/www.argensend.com\/en\/wp-json\/wp\/v2\/media\/121531"}],"wp:attachment":[{"href":"https:\/\/www.argensend.com\/en\/wp-json\/wp\/v2\/media?parent=121530"}],"wp:term":[{"taxonomy":"brand","embeddable":true,"href":"https:\/\/www.argensend.com\/en\/wp-json\/wp\/v2\/etheme_brands?post=121530"},{"taxonomy":"product_brand","embeddable":true,"href":"https:\/\/www.argensend.com\/en\/wp-json\/wp\/v2\/product_brand?post=121530"},{"taxonomy":"product_cat","embeddable":true,"href":"https:\/\/www.argensend.com\/en\/wp-json\/wp\/v2\/product_cat?post=121530"},{"taxonomy":"product_tag","embeddable":true,"href":"https:\/\/www.argensend.com\/en\/wp-json\/wp\/v2\/product_tag?post=121530"}],"curies":[{"name":"wp","href":"https:\/\/api.w.org\/{rel}","templated":true}]}}