{"id":121536,"date":"2025-06-25T12:19:32","date_gmt":"2025-06-25T15:19:32","guid":{"rendered":"https:\/\/www.argensend.com\/?post_type=product&#038;p=121536"},"modified":"2025-06-25T12:23:02","modified_gmt":"2025-06-25T15:23:02","slug":"nivea-locion-corporal-con-cereza-y-aceite-de-jojoba-400ml-x2-unidades","status":"publish","type":"product","link":"https:\/\/www.argensend.com\/en\/product\/nivea-locion-corporal-con-cereza-y-aceite-de-jojoba-400ml-x2-unidades\/","title":{"rendered":"Nivea &#8211; Locion Corporal Con Cereza y Aceite De Jojoba &#8211; 400ml x2 Unidades"},"content":{"rendered":"<p>Con Aceites de Origen Natural ofrece el mejor cuidado con aceites \u00fanicos de origen natural en una loci\u00f3n de r\u00e1pida absorci\u00f3n, enriquecida con delicadas fragancias. Humectaci\u00f3n profunda por m\u00e1s de 24 horas sin sensaci\u00f3n grasosa.<\/p>","protected":false},"excerpt":{"rendered":"<p>Con Aceites de Origen Natural ofrece el mejor cuidado con aceites \u00fanicos de origen natural en una loci\u00f3n de r\u00e1pida absorci\u00f3n, enriquecida con delicadas fragancias&#8230;.<\/p>","protected":false},"featured_media":121537,"comment_status":"closed","ping_status":"closed","template":"","meta":{"_acf_changed":false,"om_disable_all_campaigns":false,"_monsterinsights_skip_tracking":false,"_monsterinsights_sitenote_active":false,"_monsterinsights_sitenote_note":"","_monsterinsights_sitenote_category":0},"etheme_brands":[],"product_brand":[],"product_cat":[8819,8820],"product_tag":[9158,10735,1788,4512,10728,6437],"class_list":{"0":"post-121536","1":"product","2":"type-product","3":"status-publish","4":"has-post-thumbnail","6":"product_cat-farmacia","7":"product_cat-jabones-y-shampoo","8":"product_tag-400ml","9":"product_tag-acaeite-de-jojoba","10":"product_tag-cereza","11":"product_tag-hidratante","12":"product_tag-locion-corporal","13":"product_tag-nivea","15":"first","16":"instock","17":"taxable","18":"shipping-taxable","19":"purchasable","20":"product-type-simple"},"acf":[],"aioseo_notices":[],"_links":{"self":[{"href":"https:\/\/www.argensend.com\/en\/wp-json\/wp\/v2\/product\/121536","targetHints":{"allow":["GET"]}}],"collection":[{"href":"https:\/\/www.argensend.com\/en\/wp-json\/wp\/v2\/product"}],"about":[{"href":"https:\/\/www.argensend.com\/en\/wp-json\/wp\/v2\/types\/product"}],"replies":[{"embeddable":true,"href":"https:\/\/www.argensend.com\/en\/wp-json\/wp\/v2\/comments?post=121536"}],"version-history":[{"count":1,"href":"https:\/\/www.argensend.com\/en\/wp-json\/wp\/v2\/product\/121536\/revisions"}],"predecessor-version":[{"id":121538,"href":"https:\/\/www.argensend.com\/en\/wp-json\/wp\/v2\/product\/121536\/revisions\/121538"}],"wp:featuredmedia":[{"embeddable":true,"href":"https:\/\/www.argensend.com\/en\/wp-json\/wp\/v2\/media\/121537"}],"wp:attachment":[{"href":"https:\/\/www.argensend.com\/en\/wp-json\/wp\/v2\/media?parent=121536"}],"wp:term":[{"taxonomy":"brand","embeddable":true,"href":"https:\/\/www.argensend.com\/en\/wp-json\/wp\/v2\/etheme_brands?post=121536"},{"taxonomy":"product_brand","embeddable":true,"href":"https:\/\/www.argensend.com\/en\/wp-json\/wp\/v2\/product_brand?post=121536"},{"taxonomy":"product_cat","embeddable":true,"href":"https:\/\/www.argensend.com\/en\/wp-json\/wp\/v2\/product_cat?post=121536"},{"taxonomy":"product_tag","embeddable":true,"href":"https:\/\/www.argensend.com\/en\/wp-json\/wp\/v2\/product_tag?post=121536"}],"curies":[{"name":"wp","href":"https:\/\/api.w.org\/{rel}","templated":true}]}}