{"id":121548,"date":"2025-06-25T13:34:01","date_gmt":"2025-06-25T16:34:01","guid":{"rendered":"https:\/\/www.argensend.com\/?post_type=product&#038;p=121548"},"modified":"2025-06-25T13:37:22","modified_gmt":"2025-06-25T16:37:22","slug":"nivea-crema-corporal-soft-milk-5en1-suavidad-y-humectacion-125ml-x3-unidades","status":"publish","type":"product","link":"https:\/\/www.argensend.com\/en\/product\/nivea-crema-corporal-soft-milk-5en1-suavidad-y-humectacion-125ml-x3-unidades\/","title":{"rendered":"Nivea &#8211; Crema Corporal Soft Milk 5en1 Suavidad y Humectacion &#8211; 125ml x3 Unidades"},"content":{"rendered":"<p>Nutre la piel desde la primera aplicaci\u00f3n gracias a su serum de humectaci\u00f3n profunda y a su ingrediente principal: Manteca de Karit\u00e9. Posee 5 beneficios en 1: 48 horas de humectaci\u00f3n profunda, brinda un cuidado un cuidado indulgente y r\u00e1pida absorci\u00f3n.<\/p>\n<p>&nbsp;<\/p>","protected":false},"excerpt":{"rendered":"<p>Nutre la piel desde la primera aplicaci\u00f3n gracias a su serum de humectaci\u00f3n profunda y a su ingrediente principal: Manteca de Karit\u00e9. Posee 5 beneficios&#8230;<\/p>","protected":false},"featured_media":121549,"comment_status":"closed","ping_status":"closed","template":"","meta":{"_acf_changed":false,"om_disable_all_campaigns":false,"_monsterinsights_skip_tracking":false,"_monsterinsights_sitenote_active":false,"_monsterinsights_sitenote_note":"","_monsterinsights_sitenote_category":0},"etheme_brands":[],"product_brand":[],"product_cat":[8819,8820],"product_tag":[10740,10738,3247,4512,4489,6437,10739,1162],"class_list":{"0":"post-121548","1":"product","2":"type-product","3":"status-publish","4":"has-post-thumbnail","6":"product_cat-farmacia","7":"product_cat-jabones-y-shampoo","8":"product_tag-125ml","9":"product_tag-5en1","10":"product_tag-crema-corporal","11":"product_tag-hidratante","12":"product_tag-humectante","13":"product_tag-nivea","14":"product_tag-soft-milk","15":"product_tag-suavidad","17":"first","18":"instock","19":"taxable","20":"shipping-taxable","21":"purchasable","22":"product-type-simple"},"acf":[],"aioseo_notices":[],"_links":{"self":[{"href":"https:\/\/www.argensend.com\/en\/wp-json\/wp\/v2\/product\/121548","targetHints":{"allow":["GET"]}}],"collection":[{"href":"https:\/\/www.argensend.com\/en\/wp-json\/wp\/v2\/product"}],"about":[{"href":"https:\/\/www.argensend.com\/en\/wp-json\/wp\/v2\/types\/product"}],"replies":[{"embeddable":true,"href":"https:\/\/www.argensend.com\/en\/wp-json\/wp\/v2\/comments?post=121548"}],"version-history":[{"count":1,"href":"https:\/\/www.argensend.com\/en\/wp-json\/wp\/v2\/product\/121548\/revisions"}],"predecessor-version":[{"id":121550,"href":"https:\/\/www.argensend.com\/en\/wp-json\/wp\/v2\/product\/121548\/revisions\/121550"}],"wp:featuredmedia":[{"embeddable":true,"href":"https:\/\/www.argensend.com\/en\/wp-json\/wp\/v2\/media\/121549"}],"wp:attachment":[{"href":"https:\/\/www.argensend.com\/en\/wp-json\/wp\/v2\/media?parent=121548"}],"wp:term":[{"taxonomy":"brand","embeddable":true,"href":"https:\/\/www.argensend.com\/en\/wp-json\/wp\/v2\/etheme_brands?post=121548"},{"taxonomy":"product_brand","embeddable":true,"href":"https:\/\/www.argensend.com\/en\/wp-json\/wp\/v2\/product_brand?post=121548"},{"taxonomy":"product_cat","embeddable":true,"href":"https:\/\/www.argensend.com\/en\/wp-json\/wp\/v2\/product_cat?post=121548"},{"taxonomy":"product_tag","embeddable":true,"href":"https:\/\/www.argensend.com\/en\/wp-json\/wp\/v2\/product_tag?post=121548"}],"curies":[{"name":"wp","href":"https:\/\/api.w.org\/{rel}","templated":true}]}}