{"id":121563,"date":"2025-06-26T13:58:25","date_gmt":"2025-06-26T16:58:25","guid":{"rendered":"https:\/\/www.argensend.com\/?post_type=product&#038;p=121563"},"modified":"2025-06-26T14:01:36","modified_gmt":"2025-06-26T17:01:36","slug":"nivea-crema-corporal-humectacion-profunda-hidratacion-express-125ml-x3-unidades","status":"publish","type":"product","link":"https:\/\/www.argensend.com\/en\/product\/nivea-crema-corporal-humectacion-profunda-hidratacion-express-125ml-x3-unidades\/","title":{"rendered":"Nivea &#8211; Crema Corporal Humectacion Profunda Hidratacion Express &#8211; 125ml x3 Unidades"},"content":{"rendered":"<p>La crema corporal est\u00e1 enriquecida con Minerales Marinos y un serum de humectaci\u00f3n profunda que hidratan la piel desde la primera aplicaci\u00f3n. Ofrece 5 beneficios en 1: 48 horas de humectaci\u00f3n profunda, r\u00e1pida absorci\u00f3n, deja la piel suave.<\/p>","protected":false},"excerpt":{"rendered":"<p>La crema corporal est\u00e1 enriquecida con Minerales Marinos y un serum de humectaci\u00f3n profunda que hidratan la piel desde la primera aplicaci\u00f3n. Ofrece 5 beneficios&#8230;<\/p>","protected":false},"featured_media":121564,"comment_status":"closed","ping_status":"closed","template":"","meta":{"_acf_changed":false,"om_disable_all_campaigns":false,"_monsterinsights_skip_tracking":false,"_monsterinsights_sitenote_active":false,"_monsterinsights_sitenote_note":"","_monsterinsights_sitenote_category":0},"etheme_brands":[],"product_brand":[],"product_cat":[8819,8820],"product_tag":[10740,10738,3247,10743,4512,10742,6437],"class_list":{"0":"post-121563","1":"product","2":"type-product","3":"status-publish","4":"has-post-thumbnail","6":"product_cat-farmacia","7":"product_cat-jabones-y-shampoo","8":"product_tag-125ml","9":"product_tag-5en1","10":"product_tag-crema-corporal","11":"product_tag-express","12":"product_tag-hidratante","13":"product_tag-humectacion-profunda","14":"product_tag-nivea","16":"first","17":"instock","18":"taxable","19":"shipping-taxable","20":"purchasable","21":"product-type-simple"},"acf":[],"aioseo_notices":[],"_links":{"self":[{"href":"https:\/\/www.argensend.com\/en\/wp-json\/wp\/v2\/product\/121563","targetHints":{"allow":["GET"]}}],"collection":[{"href":"https:\/\/www.argensend.com\/en\/wp-json\/wp\/v2\/product"}],"about":[{"href":"https:\/\/www.argensend.com\/en\/wp-json\/wp\/v2\/types\/product"}],"replies":[{"embeddable":true,"href":"https:\/\/www.argensend.com\/en\/wp-json\/wp\/v2\/comments?post=121563"}],"version-history":[{"count":1,"href":"https:\/\/www.argensend.com\/en\/wp-json\/wp\/v2\/product\/121563\/revisions"}],"predecessor-version":[{"id":121565,"href":"https:\/\/www.argensend.com\/en\/wp-json\/wp\/v2\/product\/121563\/revisions\/121565"}],"wp:featuredmedia":[{"embeddable":true,"href":"https:\/\/www.argensend.com\/en\/wp-json\/wp\/v2\/media\/121564"}],"wp:attachment":[{"href":"https:\/\/www.argensend.com\/en\/wp-json\/wp\/v2\/media?parent=121563"}],"wp:term":[{"taxonomy":"brand","embeddable":true,"href":"https:\/\/www.argensend.com\/en\/wp-json\/wp\/v2\/etheme_brands?post=121563"},{"taxonomy":"product_brand","embeddable":true,"href":"https:\/\/www.argensend.com\/en\/wp-json\/wp\/v2\/product_brand?post=121563"},{"taxonomy":"product_cat","embeddable":true,"href":"https:\/\/www.argensend.com\/en\/wp-json\/wp\/v2\/product_cat?post=121563"},{"taxonomy":"product_tag","embeddable":true,"href":"https:\/\/www.argensend.com\/en\/wp-json\/wp\/v2\/product_tag?post=121563"}],"curies":[{"name":"wp","href":"https:\/\/api.w.org\/{rel}","templated":true}]}}